{"id":194306,"date":"2022-10-20T07:11:27","date_gmt":"2022-10-20T05:11:27","guid":{"rendered":"http:\/\/dev.claret.cat\/producte\/els-barcelonins\/"},"modified":"2023-01-28T10:58:37","modified_gmt":"2023-01-28T09:58:37","slug":"els-barcelonins-9788416853151","status":"publish","type":"product","link":"https:\/\/www.claret.cat\/es\/libro\/els-barcelonins-9788416853151\/","title":{"rendered":"ELS BARCELONINS"},"content":{"rendered":"<p>L\u2019autor que el seu llibre Picadura de Barcelona ja s&#8217;havia mostrat com un bon fl\u00e2neur surt als carrers de Barcelona armat amb els cinc sentits i una llibreta. L\u2019objectiu \u00e9s mirar de descobrir qui s\u00f3n i com s\u00f3n els barcelonins. I ho fa a trav\u00e9s d\u2019una s\u00e8rie de personatges, no sempre ficticis, que per a ell resumeixen el ser barcelon\u00ed: \u00abTriar\u00e9 els que se\u2019n senten i en fan bandera. I els barrejar\u00e9 amb els que en s\u00f3n i potser ni s\u2019ho han plantejat.\u00bb A mesura que passen els mesos, veurem que l\u2019objectiu \u00e9s quim\u00e8ric: la ciutat \u00e9s un indret en el qual la identitat esdev\u00e9 una joguina, i Barcelona \u00e9s un bagul ple disfresses barrejades, a punt per al carnestoltes permanent.<\/p>\n","protected":false},"excerpt":{"rendered":"<p>PUJOL CRUELLS, ADRI\u00c0<\/p>\n","protected":false},"featured_media":194307,"template":"","meta":{"_acf_changed":false,"om_disable_all_campaigns":false,"rs_blank_template":"","rs_page_bg_color":"","slide_template_v7":"","inline_featured_image":false,"_monsterinsights_skip_tracking":false,"_monsterinsights_sitenote_active":false,"_monsterinsights_sitenote_note":"","_monsterinsights_sitenote_category":0},"product_brand":[],"product_cat":[85],"product_tag":[],"class_list":{"0":"post-194306","1":"product","2":"type-product","3":"status-publish","4":"has-post-thumbnail","6":"product_cat-historia","8":"first","9":"instock","10":"taxable","11":"shipping-taxable","12":"purchasable","13":"product-type-simple"},"acf":{"autor":"PUJOL CRUELLS, ADRI\u00c0","codart":"841685315","libros-coleccion":"FORA DE COL.LECCI\u00d3","ediciones":"1","encuadernacion":"R\u00fastica","fecha_de_publicacion":"01\/01\/2018","novedad":"1","paginas":"152","subtitulo":"","orden":"0","portada":"0","idioma":"cat","editorial":[{"ID":148406,"post_author":"3","post_date":"2022-10-14 11:58:00","post_date_gmt":"2022-10-14 09:58:00","post_content":"","post_title":"L'AVENC, S.L.","post_excerpt":"","post_status":"publish","comment_status":"closed","ping_status":"closed","post_password":"","post_name":"lavenc-s-l","to_ping":"","pinged":"","post_modified":"2022-10-14 11:58:00","post_modified_gmt":"2022-10-14 09:58:00","post_content_filtered":"","post_parent":0,"guid":"http:\/\/dev.claret.cat\/editorial\/lavenc-s-l\/","menu_order":0,"post_type":"editorial","post_mime_type":"","comment_count":"0","filter":"raw"}],"autores-libros":[{"ID":149171,"post_author":"3","post_date":"2022-10-14 14:22:43","post_date_gmt":"2022-10-14 12:22:43","post_content":"","post_title":"ADRI\u00c0 PUJOL CRUELLS","post_excerpt":"","post_status":"publish","comment_status":"closed","ping_status":"closed","post_password":"","post_name":"adria-pujol-cruells","to_ping":"","pinged":"","post_modified":"2022-10-14 14:22:43","post_modified_gmt":"2022-10-14 12:22:43","post_content_filtered":"","post_parent":0,"guid":"http:\/\/dev.claret.cat\/autor\/adria-pujol-cruells\/","menu_order":0,"post_type":"autor","post_mime_type":"","comment_count":"0","filter":"raw"}]},"aioseo_notices":[],"_links":{"self":[{"href":"https:\/\/www.claret.cat\/es\/wp-json\/wp\/v2\/product\/194306","targetHints":{"allow":["GET"]}}],"collection":[{"href":"https:\/\/www.claret.cat\/es\/wp-json\/wp\/v2\/product"}],"about":[{"href":"https:\/\/www.claret.cat\/es\/wp-json\/wp\/v2\/types\/product"}],"wp:featuredmedia":[{"embeddable":true,"href":"https:\/\/www.claret.cat\/es\/wp-json\/wp\/v2\/media\/194307"}],"wp:attachment":[{"href":"https:\/\/www.claret.cat\/es\/wp-json\/wp\/v2\/media?parent=194306"}],"wp:term":[{"taxonomy":"product_brand","embeddable":true,"href":"https:\/\/www.claret.cat\/es\/wp-json\/wp\/v2\/product_brand?post=194306"},{"taxonomy":"product_cat","embeddable":true,"href":"https:\/\/www.claret.cat\/es\/wp-json\/wp\/v2\/product_cat?post=194306"},{"taxonomy":"product_tag","embeddable":true,"href":"https:\/\/www.claret.cat\/es\/wp-json\/wp\/v2\/product_tag?post=194306"}],"curies":[{"name":"wp","href":"https:\/\/api.w.org\/{rel}","templated":true}]}}