{"id":19441,"date":"2022-10-02T09:05:07","date_gmt":"2022-10-02T07:05:07","guid":{"rendered":"http:\/\/dev.claret.cat\/producte\/papa-eres-genial\/"},"modified":"2023-01-28T20:59:50","modified_gmt":"2023-01-28T19:59:50","slug":"papa-eres-genial-9788448844400","status":"publish","type":"product","link":"https:\/\/www.claret.cat\/es\/libro\/papa-eres-genial-9788448844400\/","title":{"rendered":"PAP\u00c1, ERES&#8230; \u00a1GENIAL!"},"content":{"rendered":"<p>Este cuento explica una historia original, desenfadada y llena de  humor, que demuestra que quiz\u00e1s los padres no son perfectos, pero&#8230; \u00a1son geniales!El regalo perfecto para el d\u00eda del padre.Hoy es s\u00e1bado y, como todo el mundo sabe, los s\u00e1bados toca no hacer  nada, as\u00ed que Blanca y Leo pretenden quedarse tirados en el sof\u00e1 viendo la televisi\u00f3n&#8230; Pero su pap\u00e1 tiene otros planes: dice que ha organizado \u00a1una fant\u00e1stica aventura!Los despistes y la inexperiencia de pap\u00e1 organizando eventos de este  tipo provocan situaciones un tanto inesperadas y, claro, nada sale seg\u00fan lo planeado. Sin embargo, el d\u00eda resultar\u00e1 divertid\u00edsimo y los ni\u00f1os aprender\u00e1n a reconocer el m\u00e9rito de su pap\u00e1, que sabe sacar partido de todos los imprevistos.<\/p>\n","protected":false},"excerpt":{"rendered":"<p>SAYALERO, MYRIAM\/MOREA, MARISA<\/p>\n","protected":false},"featured_media":73414,"template":"","meta":{"_acf_changed":false,"om_disable_all_campaigns":false,"rs_blank_template":"","rs_page_bg_color":"","slide_template_v7":"","inline_featured_image":false,"_monsterinsights_skip_tracking":false,"_monsterinsights_sitenote_active":false,"_monsterinsights_sitenote_note":"","_monsterinsights_sitenote_category":0},"product_brand":[],"product_cat":[86],"product_tag":[],"class_list":{"0":"post-19441","1":"product","2":"type-product","3":"status-publish","4":"has-post-thumbnail","6":"product_cat-infantil","8":"first","9":"instock","10":"taxable","11":"shipping-taxable","12":"purchasable","13":"product-type-simple"},"acf":{"autor":"SAYALERO, MYRIAM\/MOREA, MARISA","codart":"844884440","libros-coleccion":"SUSHI BOOKS","ediciones":"1","encuadernacion":"Carton\u00e9","fecha_de_publicacion":"01\/02\/2017","novedad":"1","paginas":"65","subtitulo":"","orden":"0","portada":"0","idioma":"spa","editorial":[{"ID":6141,"post_author":"3","post_date":"2022-07-28 17:45:46","post_date_gmt":"2022-07-28 15:45:46","post_content":"","post_title":"BEASCOA","post_excerpt":"","post_status":"publish","comment_status":"closed","ping_status":"closed","post_password":"","post_name":"beascoa","to_ping":"","pinged":"","post_modified":"2022-07-28 17:45:46","post_modified_gmt":"2022-07-28 15:45:46","post_content_filtered":"","post_parent":0,"guid":"http:\/\/dev.claret.cat\/editorial\/beascoa\/","menu_order":0,"post_type":"editorial","post_mime_type":"","comment_count":"0","filter":"raw"}],"autores-libros":[{"ID":165536,"post_author":"3","post_date":"2022-10-14 17:55:58","post_date_gmt":"2022-10-14 15:55:58","post_content":"","post_title":"MYRIAM SAYALERO","post_excerpt":"","post_status":"publish","comment_status":"closed","ping_status":"closed","post_password":"","post_name":"myriam-sayalero","to_ping":"","pinged":"","post_modified":"2022-10-14 17:55:58","post_modified_gmt":"2022-10-14 15:55:58","post_content_filtered":"","post_parent":0,"guid":"http:\/\/dev.claret.cat\/autor\/myriam-sayalero\/","menu_order":0,"post_type":"autor","post_mime_type":"","comment_count":"0","filter":"raw"},{"ID":5812,"post_author":"3","post_date":"2022-07-28 17:32:00","post_date_gmt":"2022-07-28 15:32:00","post_content":"","post_title":"MARISA MOREA","post_excerpt":"","post_status":"publish","comment_status":"closed","ping_status":"closed","post_password":"","post_name":"marisa-morea","to_ping":"","pinged":"","post_modified":"2022-07-28 17:32:00","post_modified_gmt":"2022-07-28 15:32:00","post_content_filtered":"","post_parent":0,"guid":"http:\/\/dev.claret.cat\/autor\/marisa-morea\/","menu_order":0,"post_type":"autor","post_mime_type":"","comment_count":"0","filter":"raw"}]},"aioseo_notices":[],"_links":{"self":[{"href":"https:\/\/www.claret.cat\/es\/wp-json\/wp\/v2\/product\/19441","targetHints":{"allow":["GET"]}}],"collection":[{"href":"https:\/\/www.claret.cat\/es\/wp-json\/wp\/v2\/product"}],"about":[{"href":"https:\/\/www.claret.cat\/es\/wp-json\/wp\/v2\/types\/product"}],"wp:featuredmedia":[{"embeddable":true,"href":"https:\/\/www.claret.cat\/es\/wp-json\/wp\/v2\/media\/73414"}],"wp:attachment":[{"href":"https:\/\/www.claret.cat\/es\/wp-json\/wp\/v2\/media?parent=19441"}],"wp:term":[{"taxonomy":"product_brand","embeddable":true,"href":"https:\/\/www.claret.cat\/es\/wp-json\/wp\/v2\/product_brand?post=19441"},{"taxonomy":"product_cat","embeddable":true,"href":"https:\/\/www.claret.cat\/es\/wp-json\/wp\/v2\/product_cat?post=19441"},{"taxonomy":"product_tag","embeddable":true,"href":"https:\/\/www.claret.cat\/es\/wp-json\/wp\/v2\/product_tag?post=19441"}],"curies":[{"name":"wp","href":"https:\/\/api.w.org\/{rel}","templated":true}]}}