{"id":194411,"date":"2022-10-20T07:13:18","date_gmt":"2022-10-20T05:13:18","guid":{"rendered":"http:\/\/dev.claret.cat\/producte\/cartes-i-carters-una-historia-del-correu-postal-a-barcelona\/"},"modified":"2023-01-28T17:24:53","modified_gmt":"2023-01-28T16:24:53","slug":"cartes-i-carters-una-historia-del-correu-postal-a-barcelona-9788472461635","status":"publish","type":"product","link":"https:\/\/www.claret.cat\/es\/libro\/cartes-i-carters-una-historia-del-correu-postal-a-barcelona-9788472461635\/","title":{"rendered":"CARTES I CARTERS. UNA HIST\u00d2RIA DEL CORREU POSTAL A BARCELONA"},"content":{"rendered":"<p>Repassarem l&#8217;evoluci\u00f3 de les cartes, els sobres i els segells. Acompanyarem els carters i les carteres en els seus recorreguts i descobrirem viv\u00e8ncies dels professionals que entren a la porteria dels nostres domicilis per lliurar les missives que tant esperem. Reviurem la instauraci\u00f3 de les b\u00fasties i les oficines de correus i evocarem els mitjans terrestres, mar\u00edtims i aeris que han fet possible el miracle de transportar les nostres paraules als llocs m\u00e9s rec\u00f2ndits del planeta.<\/p>\n","protected":false},"excerpt":{"rendered":"<p>ANT?ONIO P\u00c9REZ, AGUILAR<\/p>\n","protected":false},"featured_media":318993,"template":"","meta":{"_acf_changed":false,"om_disable_all_campaigns":false,"rs_blank_template":"","rs_page_bg_color":"","slide_template_v7":"","inline_featured_image":false,"_monsterinsights_skip_tracking":false,"_monsterinsights_sitenote_active":false,"_monsterinsights_sitenote_note":"","_monsterinsights_sitenote_category":0},"product_brand":[],"product_cat":[85,351],"product_tag":[],"class_list":{"0":"post-194411","1":"product","2":"type-product","3":"status-publish","4":"has-post-thumbnail","6":"product_cat-historia","7":"product_cat-historia-2_humanidades","9":"first","10":"instock","11":"taxable","12":"shipping-taxable","13":"purchasable","14":"product-type-simple"},"acf":{"autor":"ANT?ONIO P\u00c9REZ, AGUILAR","codart":"847246163","libros-coleccion":"Or\u00edgens","ediciones":"1","encuadernacion":"R\u00fastica","fecha_de_publicacion":"01\/01\/2018","novedad":"1","paginas":"224","subtitulo":"","orden":"0","portada":"0","idioma":"cat","editorial":[{"ID":147386,"post_author":"3","post_date":"2022-10-14 11:50:10","post_date_gmt":"2022-10-14 09:50:10","post_content":"","post_title":"Albert\u00ed Editor","post_excerpt":"","post_status":"publish","comment_status":"closed","ping_status":"closed","post_password":"","post_name":"alberti-editor","to_ping":"","pinged":"","post_modified":"2022-10-14 11:50:10","post_modified_gmt":"2022-10-14 09:50:10","post_content_filtered":"","post_parent":0,"guid":"http:\/\/dev.claret.cat\/editorial\/alberti-editor\/","menu_order":0,"post_type":"editorial","post_mime_type":"","comment_count":"0","filter":"raw"}],"autores-libros":[{"ID":262811,"post_author":"3","post_date":"2022-12-01 11:08:42","post_date_gmt":"2022-12-01 10:08:42","post_content":"","post_title":"AGUILAR ANT?ONIO P\u00c9REZ","post_excerpt":"","post_status":"publish","comment_status":"closed","ping_status":"closed","post_password":"","post_name":"aguilar-antonio-perez","to_ping":"","pinged":"","post_modified":"2022-12-01 11:08:42","post_modified_gmt":"2022-12-01 10:08:42","post_content_filtered":"","post_parent":0,"guid":"http:\/\/dev.claret.cat\/autor\/aguilar-antonio-perez\/","menu_order":0,"post_type":"autor","post_mime_type":"","comment_count":"0","filter":"raw"}]},"aioseo_notices":[],"_links":{"self":[{"href":"https:\/\/www.claret.cat\/es\/wp-json\/wp\/v2\/product\/194411","targetHints":{"allow":["GET"]}}],"collection":[{"href":"https:\/\/www.claret.cat\/es\/wp-json\/wp\/v2\/product"}],"about":[{"href":"https:\/\/www.claret.cat\/es\/wp-json\/wp\/v2\/types\/product"}],"wp:featuredmedia":[{"embeddable":true,"href":"https:\/\/www.claret.cat\/es\/wp-json\/wp\/v2\/media\/318993"}],"wp:attachment":[{"href":"https:\/\/www.claret.cat\/es\/wp-json\/wp\/v2\/media?parent=194411"}],"wp:term":[{"taxonomy":"product_brand","embeddable":true,"href":"https:\/\/www.claret.cat\/es\/wp-json\/wp\/v2\/product_brand?post=194411"},{"taxonomy":"product_cat","embeddable":true,"href":"https:\/\/www.claret.cat\/es\/wp-json\/wp\/v2\/product_cat?post=194411"},{"taxonomy":"product_tag","embeddable":true,"href":"https:\/\/www.claret.cat\/es\/wp-json\/wp\/v2\/product_tag?post=194411"}],"curies":[{"name":"wp","href":"https:\/\/api.w.org\/{rel}","templated":true}]}}