{"id":194432,"date":"2022-10-20T07:13:40","date_gmt":"2022-10-20T05:13:40","guid":{"rendered":"http:\/\/dev.claret.cat\/producte\/la-penultima-bondat\/"},"modified":"2025-07-29T11:15:54","modified_gmt":"2025-07-29T09:15:54","slug":"la-penultima-bondat-9788477275879","status":"publish","type":"product","link":"https:\/\/www.claret.cat\/es\/libro\/la-penultima-bondat-9788477275879\/","title":{"rendered":"LA PEN\u00daLTIMA BONDAT"},"content":{"rendered":"<p>De manera subtil i colpidora, aquest assaig tracta dels \u00abinfinitius essencials\u00bb de l&#8217;\u00e9sser hum\u00e0: viure, pensar i estimar. I constitueix, sens dubte, una valuosa aportaci\u00f3 filos\u00f2fica, que s&#8217;articula a partir del concepte de \u00abreplec del sentir\u00bb. L&#8217;estil singular de l&#8217;autor va calant de mica en mica, com la pluja menuda, tot proposant-nos un itinerari molt revelador, amb trams relatius a la commoci\u00f3, el desig, la creaci\u00f3, l&#8217;amistat, la revoluci\u00f3 i l&#8217;agra\u00efment. I anticipant- nos, ja de bell comen\u00e7ament, all\u00f2 que \u00e9s m\u00e9s nuclear: \u00abAqu\u00ed, als afores, la g\u00e8nesi i la degeneraci\u00f3, la vida i la mort, l&#8217;hum\u00e0 i l&#8217;inhum\u00e0, nom\u00e9s l&#8217;hum\u00e0 pot ser inhum\u00e0?, la proximitat i la indifer\u00e8ncia. Aqu\u00ed, als afores, el mal \u00e9s molt profund, per\u00f2 la bondat encara ho \u00e9s m\u00e9s. Aqu\u00ed, als afores, res t\u00e9 m\u00e9s sentit que l&#8217;empara i la generositat. Aqu\u00ed, als afores, no nom\u00e9s vivim, sin\u00f3 que som capa\u00e7os de vida\u00bb.<\/p>\n","protected":false},"excerpt":{"rendered":"<p>ESQUIROL CALAF, JOSEP MARIA<\/p>\n","protected":false},"featured_media":314068,"template":"","meta":{"_acf_changed":false,"om_disable_all_campaigns":false,"rs_blank_template":"","rs_page_bg_color":"","slide_template_v7":"","inline_featured_image":false,"_monsterinsights_skip_tracking":false,"_monsterinsights_sitenote_active":false,"_monsterinsights_sitenote_note":"","_monsterinsights_sitenote_category":0},"product_brand":[],"product_cat":[83,349],"product_tag":[],"class_list":{"0":"post-194432","1":"product","2":"type-product","3":"status-publish","4":"has-post-thumbnail","6":"product_cat-filosofia","7":"product_cat-filosofia-2_humanidades","9":"first","10":"instock","11":"taxable","12":"shipping-taxable","13":"purchasable","14":"product-type-simple"},"acf":{"autor":"ESQUIROL CALAF, JOSEP MARIA","codart":"847727587","libros-coleccion":"Assaig","ediciones":"1","encuadernacion":"R\u00fastica","fecha_de_publicacion":"01\/01\/2018","novedad":"1","paginas":"176","subtitulo":"ASSAIG SOBRE LA VIDA HUMANA","orden":"0","portada":"0","idioma":"cat","editorial":[{"ID":6342,"post_author":"3","post_date":"2022-07-28 17:50:08","post_date_gmt":"2022-07-28 15:50:08","post_content":"","post_title":"QUADERNS CREMA","post_excerpt":"","post_status":"publish","comment_status":"closed","ping_status":"closed","post_password":"","post_name":"quaderns-crema","to_ping":"","pinged":"","post_modified":"2022-07-28 17:50:08","post_modified_gmt":"2022-07-28 15:50:08","post_content_filtered":"","post_parent":0,"guid":"http:\/\/dev.claret.cat\/editorial\/quaderns-crema\/","menu_order":0,"post_type":"editorial","post_mime_type":"","comment_count":"0","filter":"raw"}],"autores-libros":[{"ID":160749,"post_author":"3","post_date":"2022-10-14 15:55:35","post_date_gmt":"2022-10-14 13:55:35","post_content":"","post_title":"JOSEP MARIA ESQUIROL CALAF","post_excerpt":"","post_status":"publish","comment_status":"closed","ping_status":"closed","post_password":"","post_name":"josep-maria-esquirol-calaf","to_ping":"","pinged":"","post_modified":"2022-10-14 15:55:35","post_modified_gmt":"2022-10-14 13:55:35","post_content_filtered":"","post_parent":0,"guid":"http:\/\/dev.claret.cat\/autor\/josep-maria-esquirol-calaf\/","menu_order":0,"post_type":"autor","post_mime_type":"","comment_count":"0","filter":"raw"}],"booktrailer":"","resenas":""},"aioseo_notices":[],"_links":{"self":[{"href":"https:\/\/www.claret.cat\/es\/wp-json\/wp\/v2\/product\/194432","targetHints":{"allow":["GET"]}}],"collection":[{"href":"https:\/\/www.claret.cat\/es\/wp-json\/wp\/v2\/product"}],"about":[{"href":"https:\/\/www.claret.cat\/es\/wp-json\/wp\/v2\/types\/product"}],"wp:featuredmedia":[{"embeddable":true,"href":"https:\/\/www.claret.cat\/es\/wp-json\/wp\/v2\/media\/314068"}],"wp:attachment":[{"href":"https:\/\/www.claret.cat\/es\/wp-json\/wp\/v2\/media?parent=194432"}],"wp:term":[{"taxonomy":"product_brand","embeddable":true,"href":"https:\/\/www.claret.cat\/es\/wp-json\/wp\/v2\/product_brand?post=194432"},{"taxonomy":"product_cat","embeddable":true,"href":"https:\/\/www.claret.cat\/es\/wp-json\/wp\/v2\/product_cat?post=194432"},{"taxonomy":"product_tag","embeddable":true,"href":"https:\/\/www.claret.cat\/es\/wp-json\/wp\/v2\/product_tag?post=194432"}],"curies":[{"name":"wp","href":"https:\/\/api.w.org\/{rel}","templated":true}]}}