{"id":194468,"date":"2022-10-20T07:14:16","date_gmt":"2022-10-20T05:14:16","guid":{"rendered":"http:\/\/dev.claret.cat\/producte\/en-presencia-de-schopenhauer\/"},"modified":"2023-01-28T06:14:01","modified_gmt":"2023-01-28T05:14:01","slug":"en-presencia-de-schopenhauer-9788433916198","status":"publish","type":"product","link":"https:\/\/www.claret.cat\/es\/libro\/en-presencia-de-schopenhauer-9788433916198\/","title":{"rendered":"EN PRESENCIA DE SCHOPENHAUER"},"content":{"rendered":"<p>Todo empez\u00f3 en la d\u00e9cada de los ochenta, cuando un Houellebecq veintea\u00f1ero se top\u00f3 por azar en una biblioteca parisina con un libro de aforismos de Schopenhauer y tuvo una revelaci\u00f3n: descubri\u00f3 en \u00e9l a un alma gemela, un \u00e1lter ego del pasado, un maestro. Descubri\u00f3 a alguien que le hizo sentirse menos solo. Y esa admiraci\u00f3n acab\u00f3 desembocando en este libro, una suerte de di\u00e1logo entre dos personas separadas por el tiempo pero unidas por la fiereza del pensamiento; dos voces ind\u00f3mitas, a contracorriente, de un pesimismo l\u00facido e inc\u00f3modo. Houellebecq elabora una perspicaz lectura de la obra del fil\u00f3sofo alem\u00e1n que acaba funcionando como un juego de espejos. Y as\u00ed, Houellebecq ilumina a Schopenhauer y Schopenhauer ilumina a Houellebecq.Houellebecq meets Schopenhauer: el gran iconoclasta de las letras francesas se cruza con el gran pesimista de la filosof\u00eda alemana.<\/p>\n","protected":false},"excerpt":{"rendered":"<p>HOUELLEBECQ, MICHEL<\/p>\n","protected":false},"featured_media":194469,"template":"","meta":{"_acf_changed":false,"om_disable_all_campaigns":false,"rs_blank_template":"","rs_page_bg_color":"","slide_template_v7":"","inline_featured_image":false,"_monsterinsights_skip_tracking":false,"_monsterinsights_sitenote_active":false,"_monsterinsights_sitenote_note":"","_monsterinsights_sitenote_category":0},"product_brand":[],"product_cat":[83],"product_tag":[],"class_list":{"0":"post-194468","1":"product","2":"type-product","3":"status-publish","4":"has-post-thumbnail","6":"product_cat-filosofia","8":"first","9":"instock","10":"taxable","11":"shipping-taxable","12":"purchasable","13":"product-type-simple"},"acf":{"autor":"HOUELLEBECQ, MICHEL","codart":"843391619","libros-coleccion":"SUSHI BOOKS","ediciones":"1","encuadernacion":"R\u00fastica","fecha_de_publicacion":"01\/01\/2018","novedad":"1","paginas":"87","subtitulo":"","orden":"0","portada":"0","idioma":"spa","editorial":[{"ID":147922,"post_author":"3","post_date":"2022-10-14 11:54:16","post_date_gmt":"2022-10-14 09:54:16","post_content":"","post_title":"Editorial Anagrama","post_excerpt":"","post_status":"publish","comment_status":"closed","ping_status":"closed","post_password":"","post_name":"editorial-anagrama","to_ping":"","pinged":"","post_modified":"2022-10-14 11:54:16","post_modified_gmt":"2022-10-14 09:54:16","post_content_filtered":"","post_parent":0,"guid":"http:\/\/dev.claret.cat\/editorial\/editorial-anagrama\/","menu_order":0,"post_type":"editorial","post_mime_type":"","comment_count":"0","filter":"raw"}],"autores-libros":[{"ID":5845,"post_author":"3","post_date":"2022-07-28 17:32:43","post_date_gmt":"2022-07-28 15:32:43","post_content":"","post_title":"MICHEL HOUELLEBECQ","post_excerpt":"","post_status":"publish","comment_status":"closed","ping_status":"closed","post_password":"","post_name":"michel-houellebecq","to_ping":"","pinged":"","post_modified":"2022-07-28 17:32:43","post_modified_gmt":"2022-07-28 15:32:43","post_content_filtered":"","post_parent":0,"guid":"http:\/\/dev.claret.cat\/autor\/michel-houellebecq\/","menu_order":0,"post_type":"autor","post_mime_type":"","comment_count":"0","filter":"raw"}]},"aioseo_notices":[],"_links":{"self":[{"href":"https:\/\/www.claret.cat\/es\/wp-json\/wp\/v2\/product\/194468","targetHints":{"allow":["GET"]}}],"collection":[{"href":"https:\/\/www.claret.cat\/es\/wp-json\/wp\/v2\/product"}],"about":[{"href":"https:\/\/www.claret.cat\/es\/wp-json\/wp\/v2\/types\/product"}],"wp:featuredmedia":[{"embeddable":true,"href":"https:\/\/www.claret.cat\/es\/wp-json\/wp\/v2\/media\/194469"}],"wp:attachment":[{"href":"https:\/\/www.claret.cat\/es\/wp-json\/wp\/v2\/media?parent=194468"}],"wp:term":[{"taxonomy":"product_brand","embeddable":true,"href":"https:\/\/www.claret.cat\/es\/wp-json\/wp\/v2\/product_brand?post=194468"},{"taxonomy":"product_cat","embeddable":true,"href":"https:\/\/www.claret.cat\/es\/wp-json\/wp\/v2\/product_cat?post=194468"},{"taxonomy":"product_tag","embeddable":true,"href":"https:\/\/www.claret.cat\/es\/wp-json\/wp\/v2\/product_tag?post=194468"}],"curies":[{"name":"wp","href":"https:\/\/api.w.org\/{rel}","templated":true}]}}