{"id":194474,"date":"2022-10-20T07:14:22","date_gmt":"2022-10-20T05:14:22","guid":{"rendered":"http:\/\/dev.claret.cat\/producte\/juego-de-tronos-y-la-filosofia\/"},"modified":"2023-01-28T01:44:47","modified_gmt":"2023-01-28T00:44:47","slug":"juego-de-tronos-y-la-filosofia-9788416867929","status":"publish","type":"product","link":"https:\/\/www.claret.cat\/es\/libro\/juego-de-tronos-y-la-filosofia-9788416867929\/","title":{"rendered":"JUEGO DE TRONOS Y LA FILOSOF\u00cdA"},"content":{"rendered":"<p>\u00bfSon el honor y la verdad necesarios para conseguir la felicidad, o bien nos impiden llegar a ella? \u00bfPueden los huargos y otras criaturas fant\u00e1sticas revelarnos las verdades sobre nuestra conciencia y nuestra realidad? \u00bfLa profec\u00eda nos demuestra que somos meros peones del destino o bien que somos libres de vivir una vida aut\u00e9ntica? Si las series de televisi\u00f3n son ideales para el an\u00e1lisis filos\u00f3fico, Juego de tronos lo es por partida doble. En Westeros y m\u00e1s all\u00e1 del Mar Angosto, el mundo de George R.R. Martin est\u00e1 repleto de docenas de personajes complejos en conflicto con ellos mismos y en lucha con otros, dudando de s\u00ed mismos, abocados al riesgo moral, al enga\u00f1o, a la incertidumbre, a la arrogancia y a la agitaci\u00f3n social y pol\u00edtica. Mientras los Siete Reinos est\u00e1n en guerra, m\u00e1s all\u00e1 del Muro, los horrores del invierno se acercan. Muy lejos, una joven reina lucha con su destino mientras viaja para recuperar su hogar. Todo esto es sabido, pero esta gu\u00eda perspicaz se basa en las obras de Maquiavelo, Hobbes, Descartes, San Agust\u00edn, Plat\u00f3n, Arist\u00f3teles y muchos otros grandes fil\u00f3sofos para analizar los personajes y argumentos clave, mientras explora temas como la guerra, el honor, el conocimiento, la moral, la teor\u00eda de g\u00e9nero y mucho m\u00e1s de una manera tan amena como sorprendente.<\/p>\n","protected":false},"excerpt":{"rendered":"<p>IRWIN, WILLIAM \/ JACOBY, HENRY<\/p>\n","protected":false},"featured_media":194475,"template":"","meta":{"_acf_changed":false,"om_disable_all_campaigns":false,"rs_blank_template":"","rs_page_bg_color":"","slide_template_v7":"","inline_featured_image":false,"_monsterinsights_skip_tracking":false,"_monsterinsights_sitenote_active":false,"_monsterinsights_sitenote_note":"","_monsterinsights_sitenote_category":0},"product_brand":[],"product_cat":[87],"product_tag":[],"class_list":{"0":"post-194474","1":"product","2":"type-product","3":"status-publish","4":"has-post-thumbnail","6":"product_cat-literatura","8":"first","9":"instock","10":"taxable","11":"shipping-taxable","12":"purchasable","13":"product-type-simple"},"acf":{"autor":"IRWIN, WILLIAM \/ JACOBY, HENRY","codart":"841686792","libros-coleccion":"SUSHI BOOKS","ediciones":"1","encuadernacion":"R\u00fastica","fecha_de_publicacion":"01\/01\/2018","novedad":"1","paginas":"313","subtitulo":"","orden":"0","portada":"0","idioma":"spa","editorial":[{"ID":148754,"post_author":"3","post_date":"2022-10-14 12:00:43","post_date_gmt":"2022-10-14 10:00:43","post_content":"","post_title":"Roca","post_excerpt":"","post_status":"publish","comment_status":"closed","ping_status":"closed","post_password":"","post_name":"roca","to_ping":"","pinged":"","post_modified":"2022-10-14 12:00:43","post_modified_gmt":"2022-10-14 10:00:43","post_content_filtered":"","post_parent":0,"guid":"http:\/\/dev.claret.cat\/editorial\/roca\/","menu_order":0,"post_type":"editorial","post_mime_type":"","comment_count":"0","filter":"raw"}],"autores-libros":[{"ID":171318,"post_author":"3","post_date":"2022-10-14 22:42:26","post_date_gmt":"2022-10-14 20:42:26","post_content":"","post_title":"WILLIAM IRWIN","post_excerpt":"","post_status":"publish","comment_status":"closed","ping_status":"closed","post_password":"","post_name":"william-irwin","to_ping":"","pinged":"","post_modified":"2022-10-14 22:42:26","post_modified_gmt":"2022-10-14 20:42:26","post_content_filtered":"","post_parent":0,"guid":"http:\/\/dev.claret.cat\/autor\/william-irwin\/","menu_order":0,"post_type":"autor","post_mime_type":"","comment_count":"0","filter":"raw"}]},"aioseo_notices":[],"_links":{"self":[{"href":"https:\/\/www.claret.cat\/es\/wp-json\/wp\/v2\/product\/194474","targetHints":{"allow":["GET"]}}],"collection":[{"href":"https:\/\/www.claret.cat\/es\/wp-json\/wp\/v2\/product"}],"about":[{"href":"https:\/\/www.claret.cat\/es\/wp-json\/wp\/v2\/types\/product"}],"wp:featuredmedia":[{"embeddable":true,"href":"https:\/\/www.claret.cat\/es\/wp-json\/wp\/v2\/media\/194475"}],"wp:attachment":[{"href":"https:\/\/www.claret.cat\/es\/wp-json\/wp\/v2\/media?parent=194474"}],"wp:term":[{"taxonomy":"product_brand","embeddable":true,"href":"https:\/\/www.claret.cat\/es\/wp-json\/wp\/v2\/product_brand?post=194474"},{"taxonomy":"product_cat","embeddable":true,"href":"https:\/\/www.claret.cat\/es\/wp-json\/wp\/v2\/product_cat?post=194474"},{"taxonomy":"product_tag","embeddable":true,"href":"https:\/\/www.claret.cat\/es\/wp-json\/wp\/v2\/product_tag?post=194474"}],"curies":[{"name":"wp","href":"https:\/\/api.w.org\/{rel}","templated":true}]}}