{"id":19456,"date":"2022-10-02T09:05:18","date_gmt":"2022-10-02T07:05:18","guid":{"rendered":"http:\/\/dev.claret.cat\/producte\/patrulla-canina-todos-a-una-paw-patrol\/"},"modified":"2023-01-28T15:43:58","modified_gmt":"2023-01-28T14:43:58","slug":"patrulla-canina-todos-a-una-paw-patrol-9788448844462","status":"publish","type":"product","link":"https:\/\/www.claret.cat\/es\/libro\/patrulla-canina-todos-a-una-paw-patrol-9788448844462\/","title":{"rendered":"PATRULLA CANINA: \u00a1TODOS A UNA! (PAW PATROL)"},"content":{"rendered":"<p>Edici\u00f3n especial de las mejores aventuras de La Patrulla Canina, con  extras s\u00faper divertidos: juegos, pasatiempos y entretenidas  actividades.\u00a1Prep\u00e1rate para pasar mucho tiempo junto a la patrulla de rescate m\u00e1s valiente!En este libro no solo encontrar\u00e1s magn\u00edficas historias a todo color,  adem\u00e1s, podr\u00e1s realizar divertidas actividades y juegos mientras conoces a Ryder, Marshall, Chase, Skye, Rubble, Rocky y Zuma.<\/p>\n","protected":false},"excerpt":{"rendered":"<p>NICKELODEON<\/p>\n","protected":false},"featured_media":76464,"template":"","meta":{"_acf_changed":false,"om_disable_all_campaigns":false,"rs_blank_template":"","rs_page_bg_color":"","slide_template_v7":"","inline_featured_image":false,"_monsterinsights_skip_tracking":false,"_monsterinsights_sitenote_active":false,"_monsterinsights_sitenote_note":"","_monsterinsights_sitenote_category":0},"product_brand":[],"product_cat":[16],"product_tag":[],"class_list":{"0":"post-19456","1":"product","2":"type-product","3":"status-publish","4":"has-post-thumbnail","6":"product_cat-sense-categoria","8":"first","9":"instock","10":"taxable","11":"shipping-taxable","12":"purchasable","13":"product-type-simple"},"acf":{"autor":"NICKELODEON","codart":"844884446","libros-coleccion":"","ediciones":"1","encuadernacion":"Carton\u00e9","fecha_de_publicacion":"01\/11\/2015","novedad":"0","paginas":"69","subtitulo":"JUEGOS, ACTIVIDADES Y DIVERTIDAS HISTORIAS","orden":"999","portada":"0","idioma":"spa","editorial":[{"ID":147537,"post_author":"3","post_date":"2022-10-14 11:51:20","post_date_gmt":"2022-10-14 09:51:20","post_content":"","post_title":"BEASCOA, EDICIONES S.A.","post_excerpt":"","post_status":"publish","comment_status":"closed","ping_status":"closed","post_password":"","post_name":"beascoa-ediciones-s-a","to_ping":"","pinged":"","post_modified":"2022-10-14 11:51:20","post_modified_gmt":"2022-10-14 09:51:20","post_content_filtered":"","post_parent":0,"guid":"http:\/\/dev.claret.cat\/editorial\/beascoa-ediciones-s-a\/","menu_order":0,"post_type":"editorial","post_mime_type":"","comment_count":"0","filter":"raw"}],"autores-libros":[{"ID":165803,"post_author":"3","post_date":"2022-10-14 17:58:04","post_date_gmt":"2022-10-14 15:58:04","post_content":"","post_title":"NICKELODEON","post_excerpt":"","post_status":"publish","comment_status":"closed","ping_status":"closed","post_password":"","post_name":"nickelodeon","to_ping":"","pinged":"","post_modified":"2022-10-14 17:58:04","post_modified_gmt":"2022-10-14 15:58:04","post_content_filtered":"","post_parent":0,"guid":"http:\/\/dev.claret.cat\/autor\/nickelodeon\/","menu_order":0,"post_type":"autor","post_mime_type":"","comment_count":"0","filter":"raw"}]},"aioseo_notices":[],"_links":{"self":[{"href":"https:\/\/www.claret.cat\/es\/wp-json\/wp\/v2\/product\/19456","targetHints":{"allow":["GET"]}}],"collection":[{"href":"https:\/\/www.claret.cat\/es\/wp-json\/wp\/v2\/product"}],"about":[{"href":"https:\/\/www.claret.cat\/es\/wp-json\/wp\/v2\/types\/product"}],"wp:featuredmedia":[{"embeddable":true,"href":"https:\/\/www.claret.cat\/es\/wp-json\/wp\/v2\/media\/76464"}],"wp:attachment":[{"href":"https:\/\/www.claret.cat\/es\/wp-json\/wp\/v2\/media?parent=19456"}],"wp:term":[{"taxonomy":"product_brand","embeddable":true,"href":"https:\/\/www.claret.cat\/es\/wp-json\/wp\/v2\/product_brand?post=19456"},{"taxonomy":"product_cat","embeddable":true,"href":"https:\/\/www.claret.cat\/es\/wp-json\/wp\/v2\/product_cat?post=19456"},{"taxonomy":"product_tag","embeddable":true,"href":"https:\/\/www.claret.cat\/es\/wp-json\/wp\/v2\/product_tag?post=19456"}],"curies":[{"name":"wp","href":"https:\/\/api.w.org\/{rel}","templated":true}]}}