{"id":194646,"date":"2022-10-20T07:17:18","date_gmt":"2022-10-20T05:17:18","guid":{"rendered":"http:\/\/dev.claret.cat\/producte\/los-poderes-de-la-gratitud\/"},"modified":"2023-01-28T13:11:44","modified_gmt":"2023-01-28T12:11:44","slug":"los-poderes-de-la-gratitud-9788417114442","status":"publish","type":"product","link":"https:\/\/www.claret.cat\/es\/libro\/los-poderes-de-la-gratitud-9788417114442\/","title":{"rendered":"LOS PODERES DE LA GRATITUD"},"content":{"rendered":"<p>Expresar gratitud o reconocimiento por lo que se nos ha permitido vivir es mucho m\u00e1s que una cualidad o una emoci\u00f3n agradable. La gratitud es un aut\u00e9ntico motor de bienestar para quien la cultiva y para quien es objeto de ella. Numerosos trabajos cient\u00edficos lo demuestran. La gratitud, un valor clave de la psicolog\u00eda positiva, contribuye a mejorar las relaciones humanas. \u00bfC\u00f3mo darle un lugar m\u00e1s importante en nuestra vida? <br \/>Esta obra te invita a descubrir los poderes de este ingrediente esencial del equilibrio personal. Propone tambi\u00e9n herramientas para desarrollar esta disposici\u00f3n al agradecimiento, cuyos beneficios para uno mismo y para la colectividad sean reconocidos en la actualidad, tanto en la esfera privada como en el medio profesional o tambi\u00e9n en la escuela.<br \/>Un peque\u00f1o agradecimiento puede obrar un gran cambio.<\/p>\n","protected":false},"excerpt":{"rendered":"<p>SHANKLAND, R\u00c9BECCA<\/p>\n","protected":false},"featured_media":194647,"template":"","meta":{"_acf_changed":false,"om_disable_all_campaigns":false,"rs_blank_template":"","rs_page_bg_color":"","slide_template_v7":"","inline_featured_image":false,"_monsterinsights_skip_tracking":false,"_monsterinsights_sitenote_active":false,"_monsterinsights_sitenote_note":"","_monsterinsights_sitenote_category":0},"product_brand":[],"product_cat":[100],"product_tag":[],"class_list":{"0":"post-194646","1":"product","2":"type-product","3":"status-publish","4":"has-post-thumbnail","6":"product_cat-escola-de-pares","8":"first","9":"instock","10":"taxable","11":"shipping-taxable","12":"purchasable","13":"product-type-simple"},"acf":{"autor":"SHANKLAND, R\u00c9BECCA","codart":"841711444","libros-coleccion":"","ediciones":"1","encuadernacion":"R\u00fastica","fecha_de_publicacion":"01\/12\/2017","novedad":"1","paginas":"206","subtitulo":"","orden":"0","portada":"0","idioma":"spa","editorial":[{"ID":6331,"post_author":"3","post_date":"2022-07-28 17:49:53","post_date_gmt":"2022-07-28 15:49:53","post_content":"","post_title":"PLATAFORMA EDITORIAL","post_excerpt":"","post_status":"publish","comment_status":"closed","ping_status":"closed","post_password":"","post_name":"plataforma-editorial","to_ping":"","pinged":"","post_modified":"2022-07-28 17:49:53","post_modified_gmt":"2022-07-28 15:49:53","post_content_filtered":"","post_parent":0,"guid":"http:\/\/dev.claret.cat\/editorial\/plataforma-editorial\/","menu_order":0,"post_type":"editorial","post_mime_type":"","comment_count":"0","filter":"raw"}],"autores-libros":[{"ID":167912,"post_author":"3","post_date":"2022-10-14 18:15:00","post_date_gmt":"2022-10-14 16:15:00","post_content":"","post_title":"R\u00c9BECCA SHANKLAND","post_excerpt":"","post_status":"publish","comment_status":"closed","ping_status":"closed","post_password":"","post_name":"rebecca-shankland","to_ping":"","pinged":"","post_modified":"2022-10-14 18:15:00","post_modified_gmt":"2022-10-14 16:15:00","post_content_filtered":"","post_parent":0,"guid":"http:\/\/dev.claret.cat\/autor\/rebecca-shankland\/","menu_order":0,"post_type":"autor","post_mime_type":"","comment_count":"0","filter":"raw"}]},"aioseo_notices":[],"_links":{"self":[{"href":"https:\/\/www.claret.cat\/es\/wp-json\/wp\/v2\/product\/194646","targetHints":{"allow":["GET"]}}],"collection":[{"href":"https:\/\/www.claret.cat\/es\/wp-json\/wp\/v2\/product"}],"about":[{"href":"https:\/\/www.claret.cat\/es\/wp-json\/wp\/v2\/types\/product"}],"wp:featuredmedia":[{"embeddable":true,"href":"https:\/\/www.claret.cat\/es\/wp-json\/wp\/v2\/media\/194647"}],"wp:attachment":[{"href":"https:\/\/www.claret.cat\/es\/wp-json\/wp\/v2\/media?parent=194646"}],"wp:term":[{"taxonomy":"product_brand","embeddable":true,"href":"https:\/\/www.claret.cat\/es\/wp-json\/wp\/v2\/product_brand?post=194646"},{"taxonomy":"product_cat","embeddable":true,"href":"https:\/\/www.claret.cat\/es\/wp-json\/wp\/v2\/product_cat?post=194646"},{"taxonomy":"product_tag","embeddable":true,"href":"https:\/\/www.claret.cat\/es\/wp-json\/wp\/v2\/product_tag?post=194646"}],"curies":[{"name":"wp","href":"https:\/\/api.w.org\/{rel}","templated":true}]}}