{"id":194667,"date":"2022-10-20T07:17:40","date_gmt":"2022-10-20T05:17:40","guid":{"rendered":"http:\/\/dev.claret.cat\/producte\/a-las-puertas-de-stalingrado\/"},"modified":"2023-01-28T03:57:56","modified_gmt":"2023-01-28T02:57:56","slug":"a-las-puertas-de-stalingrado-9788494518799","status":"publish","type":"product","link":"https:\/\/www.claret.cat\/es\/libro\/a-las-puertas-de-stalingrado-9788494518799\/","title":{"rendered":"A LAS PUERTAS DE STALINGRADO"},"content":{"rendered":"<p>La confrontaci\u00f3n entre las fuerzas alemanas y sovi\u00e9ticas en Stalingrado fue un choque tit\u00e1nico, a una escala sin precedentes, punto de inflexi\u00f3n en la Segunda Guerra Mundial y s\u00edmbolo duradero de su devastaci\u00f3n, a la que se han dedicado abundantes obras. Y, sin embargo, es mucha la informaci\u00f3n que se ha malinterpretado u ocultado sobre la misma, tal y como demuestra David M. Glantz, autor de Choque de Titanes. La victoria del Ej\u00e9rcito rojo sobre Hitler y autoridad mundial sobre el Frente del Este y el Ej\u00e9rcito Rojo durante la Segunda Guerra Mundial. A las puertas de Stalingrado, primer volumen de su obra magna, la Tetralog\u00eda de Stalingrado, proporciona la narraci\u00f3n definitiva de la fase de apertura la campa\u00f1a con el respaldo de fuentes antes desconocidas o poco estudiadas.<\/p>\n","protected":false},"excerpt":{"rendered":"<p>GLANTZ, DAVID M. \/ HOUSE, JONATHAN M.<\/p>\n","protected":false},"featured_media":194668,"template":"","meta":{"_acf_changed":false,"om_disable_all_campaigns":false,"rs_blank_template":"","rs_page_bg_color":"","slide_template_v7":"","inline_featured_image":false,"_monsterinsights_skip_tracking":false,"_monsterinsights_sitenote_active":false,"_monsterinsights_sitenote_note":"","_monsterinsights_sitenote_category":0},"product_brand":[],"product_cat":[85],"product_tag":[],"class_list":{"0":"post-194667","1":"product","2":"type-product","3":"status-publish","4":"has-post-thumbnail","6":"product_cat-historia","8":"first","9":"instock","10":"taxable","11":"shipping-taxable","12":"purchasable","13":"product-type-simple"},"acf":{"autor":"GLANTZ, DAVID M. \/ HOUSE, JONATHAN M.","codart":"849451879","libros-coleccion":"SUSHI BOOKS","ediciones":"1","encuadernacion":"R\u00fastica","fecha_de_publicacion":"01\/12\/2017","novedad":"1","paginas":"702","subtitulo":"OPERACIONES GERMANO-SOVI\u00c9TICAS DE ABRIL A AGOSTO DE 1942","orden":"0","portada":"0","idioma":"spa","autores-libros":[{"ID":153876,"post_author":"3","post_date":"2022-10-14 15:00:15","post_date_gmt":"2022-10-14 13:00:15","post_content":"","post_title":"DAVID M. GLANTZ","post_excerpt":"","post_status":"publish","comment_status":"closed","ping_status":"closed","post_password":"","post_name":"david-m-glantz","to_ping":"","pinged":"","post_modified":"2022-10-14 15:00:15","post_modified_gmt":"2022-10-14 13:00:15","post_content_filtered":"","post_parent":0,"guid":"http:\/\/dev.claret.cat\/autor\/david-m-glantz\/","menu_order":0,"post_type":"autor","post_mime_type":"","comment_count":"0","filter":"raw"},{"ID":159772,"post_author":"3","post_date":"2022-10-14 15:47:36","post_date_gmt":"2022-10-14 13:47:36","post_content":"","post_title":"JONATHAN M. HOUSE","post_excerpt":"","post_status":"publish","comment_status":"closed","ping_status":"closed","post_password":"","post_name":"jonathan-m-house","to_ping":"","pinged":"","post_modified":"2022-10-14 15:47:36","post_modified_gmt":"2022-10-14 13:47:36","post_content_filtered":"","post_parent":0,"guid":"http:\/\/dev.claret.cat\/autor\/jonathan-m-house\/","menu_order":0,"post_type":"autor","post_mime_type":"","comment_count":"0","filter":"raw"}]},"aioseo_notices":[],"_links":{"self":[{"href":"https:\/\/www.claret.cat\/es\/wp-json\/wp\/v2\/product\/194667","targetHints":{"allow":["GET"]}}],"collection":[{"href":"https:\/\/www.claret.cat\/es\/wp-json\/wp\/v2\/product"}],"about":[{"href":"https:\/\/www.claret.cat\/es\/wp-json\/wp\/v2\/types\/product"}],"wp:featuredmedia":[{"embeddable":true,"href":"https:\/\/www.claret.cat\/es\/wp-json\/wp\/v2\/media\/194668"}],"wp:attachment":[{"href":"https:\/\/www.claret.cat\/es\/wp-json\/wp\/v2\/media?parent=194667"}],"wp:term":[{"taxonomy":"product_brand","embeddable":true,"href":"https:\/\/www.claret.cat\/es\/wp-json\/wp\/v2\/product_brand?post=194667"},{"taxonomy":"product_cat","embeddable":true,"href":"https:\/\/www.claret.cat\/es\/wp-json\/wp\/v2\/product_cat?post=194667"},{"taxonomy":"product_tag","embeddable":true,"href":"https:\/\/www.claret.cat\/es\/wp-json\/wp\/v2\/product_tag?post=194667"}],"curies":[{"name":"wp","href":"https:\/\/api.w.org\/{rel}","templated":true}]}}