{"id":194767,"date":"2022-10-20T07:19:19","date_gmt":"2022-10-20T05:19:19","guid":{"rendered":"http:\/\/dev.claret.cat\/producte\/la-desintegracion-de-yugoslavia\/"},"modified":"2023-01-28T20:49:08","modified_gmt":"2023-01-28T19:49:08","slug":"la-desintegracion-de-yugoslavia-9788490973929","status":"publish","type":"product","link":"https:\/\/www.claret.cat\/es\/libro\/la-desintegracion-de-yugoslavia-9788490973929\/","title":{"rendered":"LA DESINTEGRACI\u00d3N DE YUGOSLAVIA"},"content":{"rendered":"<p>Los conflictos yugoslavos, y sobre todo la guerra de Kosovo, conmovieron y movilizaron a la sociedad espa\u00f1ola. Quienes se vieron aturdidos por el alud de titulares, acontecimientos, lugares, nombres\u2026 encontrar\u00e1n en este ensayo las principales caracter\u00edsticas del \u201cespacio balc\u00e1nico\u201d, los antecedentes y el desarrollo de los diferentes conflictos, el papel que desempe\u00f1\u00f3 cada una de las partes contendientes y algunas conclusiones de cariz general que permiten acrecentar la comprensi\u00f3n de procesos innegablemente complejos. Y es que los conflictos yugoslavos siguen en alg\u00fan grado abiertos, de tal suerte que un mayor conocimiento de lo acontecido bien puede servir para entender las situaciones contempor\u00e1neas de Bosnia-Herzegovina, Croacia, Kosova, Macedonia o Serbia.<\/p>\n","protected":false},"excerpt":{"rendered":"<p>TAIBO ARIAS, CARLOS<\/p>\n","protected":false},"featured_media":194768,"template":"","meta":{"_acf_changed":false,"om_disable_all_campaigns":false,"rs_blank_template":"","rs_page_bg_color":"","slide_template_v7":"","inline_featured_image":false,"_monsterinsights_skip_tracking":false,"_monsterinsights_sitenote_active":false,"_monsterinsights_sitenote_note":"","_monsterinsights_sitenote_category":0},"product_brand":[],"product_cat":[85],"product_tag":[],"class_list":{"0":"post-194767","1":"product","2":"type-product","3":"status-publish","4":"has-post-thumbnail","6":"product_cat-historia","8":"first","9":"instock","10":"taxable","11":"shipping-taxable","12":"purchasable","13":"product-type-simple"},"acf":{"autor":"TAIBO ARIAS, CARLOS","codart":"849097392","libros-coleccion":"SUSHI BOOKS","ediciones":"1","encuadernacion":"R\u00fastica","fecha_de_publicacion":"01\/12\/2017","novedad":"1","paginas":"238","subtitulo":"","orden":"0","portada":"0","idioma":"spa","editorial":[{"ID":6287,"post_author":"3","post_date":"2022-07-28 17:48:57","post_date_gmt":"2022-07-28 15:48:57","post_content":"","post_title":"LIBROS DE LA CATARATA","post_excerpt":"","post_status":"publish","comment_status":"closed","ping_status":"closed","post_password":"","post_name":"libros-de-la-catarata","to_ping":"","pinged":"","post_modified":"2022-07-28 17:48:57","post_modified_gmt":"2022-07-28 15:48:57","post_content_filtered":"","post_parent":0,"guid":"http:\/\/dev.claret.cat\/editorial\/libros-de-la-catarata\/","menu_order":0,"post_type":"editorial","post_mime_type":"","comment_count":"0","filter":"raw"}],"autores-libros":[{"ID":152334,"post_author":"3","post_date":"2022-10-14 14:47:56","post_date_gmt":"2022-10-14 12:47:56","post_content":"","post_title":"CARLOS TAIBO ARIAS","post_excerpt":"","post_status":"publish","comment_status":"closed","ping_status":"closed","post_password":"","post_name":"carlos-taibo-arias","to_ping":"","pinged":"","post_modified":"2022-10-14 14:47:56","post_modified_gmt":"2022-10-14 12:47:56","post_content_filtered":"","post_parent":0,"guid":"http:\/\/dev.claret.cat\/autor\/carlos-taibo-arias\/","menu_order":0,"post_type":"autor","post_mime_type":"","comment_count":"0","filter":"raw"}]},"aioseo_notices":[],"_links":{"self":[{"href":"https:\/\/www.claret.cat\/es\/wp-json\/wp\/v2\/product\/194767","targetHints":{"allow":["GET"]}}],"collection":[{"href":"https:\/\/www.claret.cat\/es\/wp-json\/wp\/v2\/product"}],"about":[{"href":"https:\/\/www.claret.cat\/es\/wp-json\/wp\/v2\/types\/product"}],"wp:featuredmedia":[{"embeddable":true,"href":"https:\/\/www.claret.cat\/es\/wp-json\/wp\/v2\/media\/194768"}],"wp:attachment":[{"href":"https:\/\/www.claret.cat\/es\/wp-json\/wp\/v2\/media?parent=194767"}],"wp:term":[{"taxonomy":"product_brand","embeddable":true,"href":"https:\/\/www.claret.cat\/es\/wp-json\/wp\/v2\/product_brand?post=194767"},{"taxonomy":"product_cat","embeddable":true,"href":"https:\/\/www.claret.cat\/es\/wp-json\/wp\/v2\/product_cat?post=194767"},{"taxonomy":"product_tag","embeddable":true,"href":"https:\/\/www.claret.cat\/es\/wp-json\/wp\/v2\/product_tag?post=194767"}],"curies":[{"name":"wp","href":"https:\/\/api.w.org\/{rel}","templated":true}]}}