{"id":19480,"date":"2022-10-02T09:05:35","date_gmt":"2022-10-02T07:05:35","guid":{"rendered":"http:\/\/dev.claret.cat\/producte\/cuentos-y-leyendas-del-antiguo-egipto\/"},"modified":"2023-01-28T12:59:51","modified_gmt":"2023-01-28T11:59:51","slug":"cuentos-y-leyendas-del-antiguo-egipto-9788478134700","status":"publish","type":"product","link":"https:\/\/www.claret.cat\/es\/libro\/cuentos-y-leyendas-del-antiguo-egipto-9788478134700\/","title":{"rendered":"CUENTOS Y LEYENDAS DEL ANTIGUO EGIPTO"},"content":{"rendered":"<p>La literatura egipcia es, junto a la sumeria, las m\u00e1s antigua del mundo. Sus or\u00edgenes se remontan a m\u00e1s de cuatro mil a\u00f1os, cuando los escribas comienzan, mediante su fascinante escritura jerogl\u00edfica, a reproducir himnos, textos funerarios y narraciones populares en papiros, tumbas y objetos art\u00edsticos.<br \/> De esa \u00e9poca datan las primeras muestras conocidas en Occidente de la narrativa de ficci\u00f3n: el Cuento del campesino elocuente y la Historia de Sinuh\u00e9, que abren la colecci\u00f3n de cuentos y leyendas ofrecida en este libro, as\u00ed como El rey Keops y los magos, la Historia de un n\u00e1ufrago (antecedente de las muy posteriores historias del hom\u00e9rico Ulises y de Simbad el Marino), el Cuento de los dos hermanos o el inquietante Di\u00e1logo del desesperado de la vida con su alma, excelente ejemplo de literatura sapiencial, incluidos tambi\u00e9n en esta antolog\u00eda. Como complemento a estos cuentos, se ofrece una muestra de literatura religiosa dedicada a los principales dioses antiguos de Egipto: Canto a Osiris, El gran himno de Am\u00f3n?Ra, la Historia de Horus y Set, o la Historia de Isis y Osiris.<br \/> La edici\u00f3n incluye adem\u00e1s un esbozo de la Historia del Antiguo Egipto y un glosario de los dioses que se mencionan en el libro.<br \/> Selecci\u00f3n preparada por Sebasti\u00e1n G\u00f3mez Cifuentes de las m\u00e1s bellas leyendas y cuentos del misterioso Egipto. Ilustrada con hermosos grabados. Contiene, adem\u00e1s, un \u00fatil glosario de dioses que aparecen en el texto, as\u00ed como una cronolog\u00eda de las dimast\u00edas egipcias.<\/p>\n","protected":false},"excerpt":{"rendered":"<p>ANONIMO<\/p>\n","protected":false},"featured_media":70880,"template":"","meta":{"_acf_changed":false,"om_disable_all_campaigns":false,"rs_blank_template":"","rs_page_bg_color":"","slide_template_v7":"","inline_featured_image":false,"_monsterinsights_skip_tracking":false,"_monsterinsights_sitenote_active":false,"_monsterinsights_sitenote_note":"","_monsterinsights_sitenote_category":0},"product_brand":[],"product_cat":[87,94],"product_tag":[],"class_list":{"0":"post-19480","1":"product","2":"type-product","3":"status-publish","4":"has-post-thumbnail","6":"product_cat-literatura","7":"product_cat-religions","9":"first","10":"instock","11":"taxable","12":"shipping-taxable","13":"purchasable","14":"product-type-simple"},"acf":{"autor":"ANONIMO","codart":"847813470","libros-coleccion":"Libros de los malos tiempos","ediciones":"1","encuadernacion":"R\u00fastica","fecha_de_publicacion":"01\/03\/2018","novedad":"1","paginas":"224","subtitulo":"","orden":"0","portada":"0","idioma":"spa","editorial":[{"ID":148535,"post_author":"3","post_date":"2022-10-14 11:59:00","post_date_gmt":"2022-10-14 09:59:00","post_content":"","post_title":"Miraguano Ediciones","post_excerpt":"","post_status":"publish","comment_status":"closed","ping_status":"closed","post_password":"","post_name":"miraguano-ediciones","to_ping":"","pinged":"","post_modified":"2022-10-14 11:59:00","post_modified_gmt":"2022-10-14 09:59:00","post_content_filtered":"","post_parent":0,"guid":"http:\/\/dev.claret.cat\/editorial\/miraguano-ediciones\/","menu_order":0,"post_type":"editorial","post_mime_type":"","comment_count":"0","filter":"raw"}],"autores-libros":[{"ID":171225,"post_author":"3","post_date":"2022-10-14 22:41:41","post_date_gmt":"2022-10-14 20:41:41","post_content":"","post_title":"WALTER MOSLEY","post_excerpt":"","post_status":"publish","comment_status":"closed","ping_status":"closed","post_password":"","post_name":"walter-mosley","to_ping":"","pinged":"","post_modified":"2022-10-14 22:41:41","post_modified_gmt":"2022-10-14 20:41:41","post_content_filtered":"","post_parent":0,"guid":"http:\/\/dev.claret.cat\/autor\/walter-mosley\/","menu_order":0,"post_type":"autor","post_mime_type":"","comment_count":"0","filter":"raw"}]},"aioseo_notices":[],"_links":{"self":[{"href":"https:\/\/www.claret.cat\/es\/wp-json\/wp\/v2\/product\/19480","targetHints":{"allow":["GET"]}}],"collection":[{"href":"https:\/\/www.claret.cat\/es\/wp-json\/wp\/v2\/product"}],"about":[{"href":"https:\/\/www.claret.cat\/es\/wp-json\/wp\/v2\/types\/product"}],"wp:featuredmedia":[{"embeddable":true,"href":"https:\/\/www.claret.cat\/es\/wp-json\/wp\/v2\/media\/70880"}],"wp:attachment":[{"href":"https:\/\/www.claret.cat\/es\/wp-json\/wp\/v2\/media?parent=19480"}],"wp:term":[{"taxonomy":"product_brand","embeddable":true,"href":"https:\/\/www.claret.cat\/es\/wp-json\/wp\/v2\/product_brand?post=19480"},{"taxonomy":"product_cat","embeddable":true,"href":"https:\/\/www.claret.cat\/es\/wp-json\/wp\/v2\/product_cat?post=19480"},{"taxonomy":"product_tag","embeddable":true,"href":"https:\/\/www.claret.cat\/es\/wp-json\/wp\/v2\/product_tag?post=19480"}],"curies":[{"name":"wp","href":"https:\/\/api.w.org\/{rel}","templated":true}]}}