{"id":194863,"date":"2022-10-20T07:20:59","date_gmt":"2022-10-20T05:20:59","guid":{"rendered":"http:\/\/dev.claret.cat\/producte\/los-demonios\/"},"modified":"2026-04-07T13:10:23","modified_gmt":"2026-04-07T11:10:23","slug":"los-demonios-9788417088729","status":"publish","type":"product","link":"https:\/\/www.claret.cat\/es\/libro\/los-demonios-9788417088729\/","title":{"rendered":"LOS DEMONIOS"},"content":{"rendered":"<p>Los demonios es sin duda alguna una de las grandes novelas de Dostoyevski y una de las que m\u00e1s intensamente interpela al lector de nuestros d\u00edas. Dostoyevski la escribi\u00f3 horrorizado por la muerte de un terrorista, Iv\u00e1nov, asesinado por sus compa\u00f1eros de lucha de la banda de Nech\u00e1yev. El escritor decidi\u00f3 exhibir lo que era el terrorismo en una novela-advertencia. Pocas veces la literatura ha penetrado tanto en la conciencia de los terroristas como en Los demonios. Dostoyevski sab\u00eda bien de qu\u00e9 hablaba. \u00c9l mismo hab\u00eda participado en el C\u00edrculo Petrashevski antes de que la polic\u00eda lo desmantelara y condenara a sus miembros a la muerte. El d\u00eda de Nochebuena de 1849, tras un simulacro de ejecuci\u00f3n, las autoridades penales anunciaron que hab\u00edan cambiado el veredicto. El escritor, traumatizado para el resto de su vida, fue condenado a un campo de trabajos forzados en Siberia, en lo que ser\u00eda un ensayo para el gulag sovi\u00e9tico d\u00e9cadas despu\u00e9s. Al adentrarse en la mente del terrorista, Dostoyevski describe en Los demonios una generaci\u00f3n de j\u00f3venes revolucionarios rusos dispuestos a &#8221;sacrificarse y sacrificarlo todo a la verdad&#8221;. Pero como dice el mismo autor, &#8221;toda la cuesti\u00f3n est\u00e1 en qu\u00e9 se considera como verdad. Para ponerlo en claro, precisamente, he escrito esta novela&#8221;. Los demonios se convierte as\u00ed en una de las novelas m\u00e1s modernas del siglo xix, y se puede leer en clave de una defensa de la libertad alejada de todos los fanatismos, y como una cr\u00edtica ac\u00e9rrima, una advertencia y una premonici\u00f3n del Estado totalitario que tardar\u00eda medio siglo en producirse.<\/p>\n","protected":false},"excerpt":{"rendered":"<p>DOSTOYEVSKI, FIODOR<\/p>\n","protected":false},"featured_media":1095005,"template":"","meta":{"_acf_changed":false,"om_disable_all_campaigns":false,"rs_blank_template":"","rs_page_bg_color":"","slide_template_v7":"","inline_featured_image":false,"_monsterinsights_skip_tracking":false,"_monsterinsights_sitenote_active":false,"_monsterinsights_sitenote_note":"","_monsterinsights_sitenote_category":0},"product_brand":[],"product_cat":[87,353],"product_tag":[],"class_list":{"0":"post-194863","1":"product","2":"type-product","3":"status-publish","4":"has-post-thumbnail","6":"product_cat-literatura","7":"product_cat-literatura-2_humanidades","9":"first","10":"instock","11":"taxable","12":"shipping-taxable","13":"purchasable","14":"product-type-simple"},"acf":{"autor":"DOSTOYEVSKI, FIODOR","codart":"841708872","libros-coleccion":"FORA DE COL.LECCI\u00d3","ediciones":"1","encuadernacion":"R\u00fastica","fecha_de_publicacion":"01\/12\/2017","novedad":"1","paginas":"976","subtitulo":"","orden":"0","portada":"0","idioma":"spa","editorial":[{"ID":6260,"post_author":"3","post_date":"2022-07-28 17:48:23","post_date_gmt":"2022-07-28 15:48:23","post_content":"","post_title":"Galaxia Gutenberg","post_excerpt":"","post_status":"publish","comment_status":"closed","ping_status":"closed","post_password":"","post_name":"galaxia-gutenberg","to_ping":"","pinged":"","post_modified":"2022-07-28 17:48:23","post_modified_gmt":"2022-07-28 15:48:23","post_content_filtered":"","post_parent":0,"guid":"http:\/\/dev.claret.cat\/editorial\/galaxia-gutenberg\/","menu_order":0,"post_type":"editorial","post_mime_type":"","comment_count":"0","filter":"raw"}],"autores-libros":[{"ID":155946,"post_author":"3","post_date":"2022-10-14 15:16:53","post_date_gmt":"2022-10-14 13:16:53","post_content":"","post_title":"FI\u00d3DOR DOSTOYEVSKI","post_excerpt":"","post_status":"publish","comment_status":"closed","ping_status":"closed","post_password":"","post_name":"fiodor-dostoyevski","to_ping":"","pinged":"","post_modified":"2022-10-14 15:16:53","post_modified_gmt":"2022-10-14 13:16:53","post_content_filtered":"","post_parent":0,"guid":"http:\/\/dev.claret.cat\/autor\/fiodor-dostoyevski\/","menu_order":0,"post_type":"autor","post_mime_type":"","comment_count":"0","filter":"raw"}],"booktrailer":"","resenas":""},"aioseo_notices":[],"_links":{"self":[{"href":"https:\/\/www.claret.cat\/es\/wp-json\/wp\/v2\/product\/194863","targetHints":{"allow":["GET"]}}],"collection":[{"href":"https:\/\/www.claret.cat\/es\/wp-json\/wp\/v2\/product"}],"about":[{"href":"https:\/\/www.claret.cat\/es\/wp-json\/wp\/v2\/types\/product"}],"wp:featuredmedia":[{"embeddable":true,"href":"https:\/\/www.claret.cat\/es\/wp-json\/wp\/v2\/media\/1095005"}],"wp:attachment":[{"href":"https:\/\/www.claret.cat\/es\/wp-json\/wp\/v2\/media?parent=194863"}],"wp:term":[{"taxonomy":"product_brand","embeddable":true,"href":"https:\/\/www.claret.cat\/es\/wp-json\/wp\/v2\/product_brand?post=194863"},{"taxonomy":"product_cat","embeddable":true,"href":"https:\/\/www.claret.cat\/es\/wp-json\/wp\/v2\/product_cat?post=194863"},{"taxonomy":"product_tag","embeddable":true,"href":"https:\/\/www.claret.cat\/es\/wp-json\/wp\/v2\/product_tag?post=194863"}],"curies":[{"name":"wp","href":"https:\/\/api.w.org\/{rel}","templated":true}]}}