{"id":195031,"date":"2022-10-20T07:23:49","date_gmt":"2022-10-20T05:23:49","guid":{"rendered":"http:\/\/dev.claret.cat\/producte\/el-coleccionista-de-besos\/"},"modified":"2024-02-08T13:16:57","modified_gmt":"2024-02-08T12:16:57","slug":"el-coleccionista-de-besos-9788468334639","status":"publish","type":"product","link":"https:\/\/www.claret.cat\/es\/libro\/el-coleccionista-de-besos-9788468334639\/","title":{"rendered":"EL COLECCIONISTA DE BESOS"},"content":{"rendered":"<p>IAN tiene 18 a\u00f1os y se le ha diagnosticado Trastorno del Espectro Autista. Pero ese no es su principal problema: se ha enamorado de TNA, una alumna de intercambio italiana que est\u00e1 fuera de su alcance. Hasta que empiezan a acosarla por Internet. Entonces, IAN descubrir\u00e1 que es capaz de relacionarse mejor por medio de sus mensajes de texto que en persona, e intentar\u00e1 ayudarla. Para ello tendr\u00e1 que enfrentarse a su grupo de amigos y a una sociedad que aprovecha la m\u00ednima diferencia para marginarte.  Juegos de ordenador, redes sociales y mucha emoci\u00f3n componen esta novela actual, r\u00e1pida y llena de intriga, donde el protagonista habr\u00e1 de luchar contra s\u00ed mismo, primero, y contra la sociedad, despu\u00e9s, para demostrar que todos traemos alguna carencia de serie. Aunque no todas sean diagnosticables.<\/p>\n","protected":false},"excerpt":{"rendered":"<p>RAMOS GARC\u00cdA, PEDRO \u00c1NGEL<\/p>\n","protected":false},"featured_media":195032,"template":"","meta":{"_acf_changed":false,"om_disable_all_campaigns":false,"rs_blank_template":"","rs_page_bg_color":"","slide_template_v7":"","inline_featured_image":false,"_monsterinsights_skip_tracking":false,"_monsterinsights_sitenote_active":false,"_monsterinsights_sitenote_note":"","_monsterinsights_sitenote_category":0},"product_brand":[],"product_cat":[117,566],"product_tag":[],"class_list":{"0":"post-195031","1":"product","2":"type-product","3":"status-publish","4":"has-post-thumbnail","6":"product_cat-juvenil","7":"product_cat-juvenil-3_infantil-juvenil-spa-spa","9":"first","10":"instock","11":"taxable","12":"shipping-taxable","13":"purchasable","14":"product-type-simple"},"acf":{"autor":"RAMOS GARC\u00cdA, PEDRO \u00c1NGEL","codart":"846833463","libros-coleccion":"Periscopio","ediciones":"1","encuadernacion":"R\u00fastica","fecha_de_publicacion":"01\/12\/2017","novedad":"1","paginas":"0","subtitulo":"","orden":"0","portada":"0","idioma":"spa","editorial":[{"ID":6193,"post_author":"3","post_date":"2022-07-28 17:46:53","post_date_gmt":"2022-07-28 15:46:53","post_content":"","post_title":"EDEBE GUADIEL","post_excerpt":"","post_status":"publish","comment_status":"closed","ping_status":"closed","post_password":"","post_name":"edebe-guadiel","to_ping":"","pinged":"","post_modified":"2022-07-28 17:46:53","post_modified_gmt":"2022-07-28 15:46:53","post_content_filtered":"","post_parent":0,"guid":"http:\/\/dev.claret.cat\/editorial\/edebe-guadiel\/","menu_order":0,"post_type":"editorial","post_mime_type":"","comment_count":"0","filter":"raw"}],"autores-libros":[{"ID":427526,"post_author":"3","post_date":"2023-05-16 09:07:51","post_date_gmt":"2023-05-16 07:07:51","post_content":"","post_title":"PEDRO \u00c1NGEL RAMOS GARC\u00cdA","post_excerpt":"","post_status":"publish","comment_status":"closed","ping_status":"closed","post_password":"","post_name":"pedro-angel-ramos-garcia","to_ping":"","pinged":"","post_modified":"2023-05-16 09:07:51","post_modified_gmt":"2023-05-16 07:07:51","post_content_filtered":"","post_parent":0,"guid":"https:\/\/www.claret.cat\/autor\/pedro-angel-ramos-garcia\/","menu_order":0,"post_type":"autor","post_mime_type":"","comment_count":"0","filter":"raw"}]},"aioseo_notices":[],"_links":{"self":[{"href":"https:\/\/www.claret.cat\/es\/wp-json\/wp\/v2\/product\/195031","targetHints":{"allow":["GET"]}}],"collection":[{"href":"https:\/\/www.claret.cat\/es\/wp-json\/wp\/v2\/product"}],"about":[{"href":"https:\/\/www.claret.cat\/es\/wp-json\/wp\/v2\/types\/product"}],"wp:featuredmedia":[{"embeddable":true,"href":"https:\/\/www.claret.cat\/es\/wp-json\/wp\/v2\/media\/195032"}],"wp:attachment":[{"href":"https:\/\/www.claret.cat\/es\/wp-json\/wp\/v2\/media?parent=195031"}],"wp:term":[{"taxonomy":"product_brand","embeddable":true,"href":"https:\/\/www.claret.cat\/es\/wp-json\/wp\/v2\/product_brand?post=195031"},{"taxonomy":"product_cat","embeddable":true,"href":"https:\/\/www.claret.cat\/es\/wp-json\/wp\/v2\/product_cat?post=195031"},{"taxonomy":"product_tag","embeddable":true,"href":"https:\/\/www.claret.cat\/es\/wp-json\/wp\/v2\/product_tag?post=195031"}],"curies":[{"name":"wp","href":"https:\/\/api.w.org\/{rel}","templated":true}]}}