{"id":195326,"date":"2022-10-20T07:28:43","date_gmt":"2022-10-20T05:28:43","guid":{"rendered":"http:\/\/dev.claret.cat\/producte\/como-nos-educa-dios\/"},"modified":"2024-05-23T06:25:31","modified_gmt":"2024-05-23T04:25:31","slug":"como-nos-educa-dios-9788490234716","status":"publish","type":"product","link":"https:\/\/www.claret.cat\/es\/libro\/como-nos-educa-dios-9788490234716\/","title":{"rendered":"C\u00d3MO NOS EDUCA DIOS"},"content":{"rendered":"<p>Mucho nos ocupa identificar respuestas y pensar soluciones a las cuestiones que otros nos plantean; bastante menos, el centrarnos en nosotros mismos para examinar si somos y conseguimos presentarnos como cre\u00edbles pedagogos.  Con la intenci\u00f3n de motivar a quien acompa\u00f1a hoy a otros en el camino de fe, se han escritos estas p\u00e1ginas, un breve apunte de pedagog\u00eda b\u00edblica. La primera parte muestra la liberaci\u00f3n de Egipto que un Dios del todo compasivo, proyect\u00f3 e impuso como un acto continuo de educaci\u00f3n de su pueblo: salvar a unos esclavos lo transform\u00f3 en educador. En la segunda parte se expone la pedagog\u00eda que us\u00f3 Jesucristo con sus disc\u00edpulos. Considerada globalmente o realizada en un encuentro casual, la labor formativa de Jes\u00fas emerge como ejemplo para los educadores.<\/p>\n","protected":false},"excerpt":{"rendered":"<p>BARTOLOM\u00c9, JUAN JOS\u00c9<\/p>\n","protected":false},"featured_media":380287,"template":"","meta":{"_acf_changed":false,"om_disable_all_campaigns":false,"rs_blank_template":"","rs_page_bg_color":"","slide_template_v7":"","inline_featured_image":false,"_monsterinsights_skip_tracking":false,"_monsterinsights_sitenote_active":false,"_monsterinsights_sitenote_note":"","_monsterinsights_sitenote_category":0},"product_brand":[],"product_cat":[341,75,77,343,541,91,345,79],"product_tag":[],"class_list":{"0":"post-195326","1":"product","2":"type-product","3":"status-publish","4":"has-post-thumbnail","6":"product_cat-biblia-es","7":"product_cat-biblia","8":"product_cat-catequesi","9":"product_cat-catequesis","10":"product_cat-cristologia-1_espiritualidad-spa","11":"product_cat-cristologia","12":"product_cat-espiritualidad","13":"product_cat-espiritualitat","15":"first","16":"instock","17":"taxable","18":"shipping-taxable","19":"purchasable","20":"product-type-simple"},"acf":{"autor":"BARTOLOM\u00c9, JUAN JOS\u00c9","codart":"849023471","libros-coleccion":"SUSHI BOOKS","ediciones":"1","encuadernacion":"R\u00fastica","fecha_de_publicacion":"20\/11\/2017","novedad":"1","paginas":"84","subtitulo":"NOTAS DE PEDAGOG\u00cdA DIVINA","orden":"0","portada":"0","idioma":"spa","editorial":[{"ID":6155,"post_author":"3","post_date":"2022-07-28 17:46:04","post_date_gmt":"2022-07-28 15:46:04","post_content":"","post_title":"Central Catequ\u00edstica Salesiana","post_excerpt":"","post_status":"publish","comment_status":"closed","ping_status":"closed","post_password":"","post_name":"central-catequistica-salesiana","to_ping":"","pinged":"","post_modified":"2022-07-28 17:46:04","post_modified_gmt":"2022-07-28 15:46:04","post_content_filtered":"","post_parent":0,"guid":"http:\/\/dev.claret.cat\/editorial\/central-catequistica-salesiana\/","menu_order":0,"post_type":"editorial","post_mime_type":"","comment_count":"0","filter":"raw"}],"autores-libros":[{"ID":8369,"post_author":"3","post_date":"2022-09-30 09:48:03","post_date_gmt":"2022-09-30 07:48:03","post_content":"","post_title":"JUAN JOSE BARTOLOME","post_excerpt":"","post_status":"publish","comment_status":"closed","ping_status":"closed","post_password":"","post_name":"juan-jose-bartolome","to_ping":"","pinged":"","post_modified":"2022-09-30 09:48:03","post_modified_gmt":"2022-09-30 07:48:03","post_content_filtered":"","post_parent":0,"guid":"http:\/\/dev.claret.cat\/autor\/juan-jose-bartolome\/","menu_order":0,"post_type":"autor","post_mime_type":"","comment_count":"0","filter":"raw"}]},"aioseo_notices":[],"_links":{"self":[{"href":"https:\/\/www.claret.cat\/es\/wp-json\/wp\/v2\/product\/195326","targetHints":{"allow":["GET"]}}],"collection":[{"href":"https:\/\/www.claret.cat\/es\/wp-json\/wp\/v2\/product"}],"about":[{"href":"https:\/\/www.claret.cat\/es\/wp-json\/wp\/v2\/types\/product"}],"wp:featuredmedia":[{"embeddable":true,"href":"https:\/\/www.claret.cat\/es\/wp-json\/wp\/v2\/media\/380287"}],"wp:attachment":[{"href":"https:\/\/www.claret.cat\/es\/wp-json\/wp\/v2\/media?parent=195326"}],"wp:term":[{"taxonomy":"product_brand","embeddable":true,"href":"https:\/\/www.claret.cat\/es\/wp-json\/wp\/v2\/product_brand?post=195326"},{"taxonomy":"product_cat","embeddable":true,"href":"https:\/\/www.claret.cat\/es\/wp-json\/wp\/v2\/product_cat?post=195326"},{"taxonomy":"product_tag","embeddable":true,"href":"https:\/\/www.claret.cat\/es\/wp-json\/wp\/v2\/product_tag?post=195326"}],"curies":[{"name":"wp","href":"https:\/\/api.w.org\/{rel}","templated":true}]}}