{"id":195332,"date":"2022-10-20T07:28:49","date_gmt":"2022-10-20T05:28:49","guid":{"rendered":"http:\/\/dev.claret.cat\/producte\/el-dios-intimo-y-personal\/"},"modified":"2024-05-23T08:47:21","modified_gmt":"2024-05-23T06:47:21","slug":"el-dios-intimo-y-personal-9788483538616","status":"publish","type":"product","link":"https:\/\/www.claret.cat\/es\/libro\/el-dios-intimo-y-personal-9788483538616\/","title":{"rendered":"EL DIOS \u00cdNTIMO Y PERSONAL"},"content":{"rendered":"<p>El amor misericordioso de Dios es uno de los aspectos divinos que san Agust\u00edn y santa Teresa sintieron como el Dios m\u00e1s aut\u00e9ntico, vivo, interior y personal. Y esta experiencia de Dios los condujo, inexorablemente, a la pr\u00e1ctica de las obras de misericordia y a la oraci\u00f3n. Los dos m\u00edsticos son hoy m\u00e1s reconocidos por esta socializaci\u00f3n que hacen del evangelio que, por su forma profunda, sentida y ensimismada de pensar y orar. Finalmente, se consideran, a trav\u00e9s de algunas conmovedoras y estremecedoras oraciones, las claves de sus oraciones de invocaci\u00f3n a la misericordia divina, oraciones que expresan en todo momento, expl\u00edcita o impl\u00edcitamente, la alabanza reconocida, admirada y agradecida a la magnificencia grandiosa de la bondad de Dios por tantas gracias y favores otorgados gratuitamente sin m\u00e9rito propio alguno.<\/p>\n","protected":false},"excerpt":{"rendered":"<p>CANCELO GARC\u00cdA, JOS\u00c9 LUIS<\/p>\n","protected":false},"featured_media":357780,"template":"","meta":{"_acf_changed":false,"om_disable_all_campaigns":false,"rs_blank_template":"","rs_page_bg_color":"","slide_template_v7":"","inline_featured_image":false,"_monsterinsights_skip_tracking":false,"_monsterinsights_sitenote_active":false,"_monsterinsights_sitenote_note":"","_monsterinsights_sitenote_category":0},"product_brand":[],"product_cat":[345,79,545,95,342,76],"product_tag":[],"class_list":{"0":"post-195332","1":"product","2":"type-product","3":"status-publish","4":"has-post-thumbnail","6":"product_cat-espiritualidad","7":"product_cat-espiritualitat","8":"product_cat-santoral-1_espiritualidad-spa","9":"product_cat-santoral","10":"product_cat-teologia-1_espiritualidad","11":"product_cat-teologia","13":"first","14":"instock","15":"taxable","16":"shipping-taxable","17":"purchasable","18":"product-type-simple"},"acf":{"autor":"CANCELO GARC\u00cdA, JOS\u00c9 LUIS","codart":"848353861","libros-coleccion":"","ediciones":"1","encuadernacion":"R\u00fastica","fecha_de_publicacion":"20\/11\/2017","novedad":"1","paginas":"250","subtitulo":"DE SAN AGUST\u00cdN Y SANTA TERESA - EL DIOS DEL AMOR MISERICORDIOSO","orden":"0","portada":"0","idioma":"spa","editorial":[{"ID":6309,"post_author":"3","post_date":"2022-07-28 17:49:25","post_date_gmt":"2022-07-28 15:49:25","post_content":"","post_title":"Monte Carmelo","post_excerpt":"","post_status":"publish","comment_status":"closed","ping_status":"closed","post_password":"","post_name":"monte-carmelo","to_ping":"","pinged":"","post_modified":"2022-07-28 17:49:25","post_modified_gmt":"2022-07-28 15:49:25","post_content_filtered":"","post_parent":0,"guid":"http:\/\/dev.claret.cat\/editorial\/monte-carmelo\/","menu_order":0,"post_type":"editorial","post_mime_type":"","comment_count":"0","filter":"raw"}],"autores-libros":[{"ID":160314,"post_author":"3","post_date":"2022-10-14 15:52:04","post_date_gmt":"2022-10-14 13:52:04","post_content":"","post_title":"JOS\u00c9 LUIS CANCELO GARC\u00cdA","post_excerpt":"","post_status":"publish","comment_status":"closed","ping_status":"closed","post_password":"","post_name":"jose-luis-cancelo-garcia","to_ping":"","pinged":"","post_modified":"2022-10-14 15:52:04","post_modified_gmt":"2022-10-14 13:52:04","post_content_filtered":"","post_parent":0,"guid":"http:\/\/dev.claret.cat\/autor\/jose-luis-cancelo-garcia\/","menu_order":0,"post_type":"autor","post_mime_type":"","comment_count":"0","filter":"raw"}]},"aioseo_notices":[],"_links":{"self":[{"href":"https:\/\/www.claret.cat\/es\/wp-json\/wp\/v2\/product\/195332","targetHints":{"allow":["GET"]}}],"collection":[{"href":"https:\/\/www.claret.cat\/es\/wp-json\/wp\/v2\/product"}],"about":[{"href":"https:\/\/www.claret.cat\/es\/wp-json\/wp\/v2\/types\/product"}],"wp:featuredmedia":[{"embeddable":true,"href":"https:\/\/www.claret.cat\/es\/wp-json\/wp\/v2\/media\/357780"}],"wp:attachment":[{"href":"https:\/\/www.claret.cat\/es\/wp-json\/wp\/v2\/media?parent=195332"}],"wp:term":[{"taxonomy":"product_brand","embeddable":true,"href":"https:\/\/www.claret.cat\/es\/wp-json\/wp\/v2\/product_brand?post=195332"},{"taxonomy":"product_cat","embeddable":true,"href":"https:\/\/www.claret.cat\/es\/wp-json\/wp\/v2\/product_cat?post=195332"},{"taxonomy":"product_tag","embeddable":true,"href":"https:\/\/www.claret.cat\/es\/wp-json\/wp\/v2\/product_tag?post=195332"}],"curies":[{"name":"wp","href":"https:\/\/api.w.org\/{rel}","templated":true}]}}