{"id":195374,"date":"2022-10-20T07:29:30","date_gmt":"2022-10-20T05:29:30","guid":{"rendered":"http:\/\/dev.claret.cat\/producte\/todos-migrantes\/"},"modified":"2024-05-23T22:55:55","modified_gmt":"2024-05-23T20:55:55","slug":"todos-migrantes-9788446045267","status":"publish","type":"product","link":"https:\/\/www.claret.cat\/es\/libro\/todos-migrantes-9788446045267\/","title":{"rendered":"\u00a1TODOS MIGRANTES!"},"content":{"rendered":"<p>\u00abLa crisis de los migrantes desestabiliza a los europeos, pero no por ello debe excluir la esperanza de contribuir a un mundo mejor.\u00bb<br \/>Desde 2014 han llegado a Europa un mill\u00f3n y medio de migrantes. Benjamin Stora nos interpela ante este fen\u00f3meno migratorio sin precedentes en la historia contempor\u00e1nea, que nos impresiona por su extensi\u00f3n y su duraci\u00f3n.<br \/>Seleccionados por Cartooning for Peace, estas 60 vi\u00f1etas de prensa internacionales vuelven sobre los pasos del largo camino de los refugiados, desde las razones que les empujan al exilio hasta su vida cotidiana en el territorio de acogida.<\/p>\n","protected":false},"excerpt":{"rendered":"<p>CARTOONING FOR PEACE<\/p>\n","protected":false},"featured_media":348447,"template":"","meta":{"_acf_changed":false,"om_disable_all_campaigns":false,"rs_blank_template":"","rs_page_bg_color":"","slide_template_v7":"","inline_featured_image":false,"_monsterinsights_skip_tracking":false,"_monsterinsights_sitenote_active":false,"_monsterinsights_sitenote_note":"","_monsterinsights_sitenote_category":0},"product_brand":[],"product_cat":[114,563],"product_tag":[],"class_list":{"0":"post-195374","1":"product","2":"type-product","3":"status-publish","4":"has-post-thumbnail","6":"product_cat-humor-grafic","7":"product_cat-humor-grafico","9":"first","10":"instock","11":"taxable","12":"shipping-taxable","13":"purchasable","14":"product-type-simple"},"acf":{"autor":"CARTOONING FOR PEACE","codart":"844604526","libros-coleccion":"FORA DE COL.LECCI\u00d3","ediciones":"1","encuadernacion":"R\u00fastica","fecha_de_publicacion":"20\/11\/2017","novedad":"1","paginas":"120","subtitulo":"60 VI\u00d1ETAS DE PRENSA - PREFACIO DE BENJAMIN STORA","orden":"0","portada":"0","idioma":"spa","editorial":[{"ID":6115,"post_author":"3","post_date":"2022-07-28 17:45:13","post_date_gmt":"2022-07-28 15:45:13","post_content":"","post_title":"AKAL, EDICIONES S.A.","post_excerpt":"","post_status":"publish","comment_status":"closed","ping_status":"closed","post_password":"","post_name":"akal-ediciones-s-a","to_ping":"","pinged":"","post_modified":"2022-07-28 17:45:13","post_modified_gmt":"2022-07-28 15:45:13","post_content_filtered":"","post_parent":0,"guid":"http:\/\/dev.claret.cat\/editorial\/akal-ediciones-s-a\/","menu_order":0,"post_type":"editorial","post_mime_type":"","comment_count":"0","filter":"raw"}],"autores-libros":[{"ID":348442,"post_author":"3","post_date":"2023-01-14 04:17:02","post_date_gmt":"2023-01-14 03:17:02","post_content":"","post_title":"CARTOONING FOR PEACE","post_excerpt":"","post_status":"publish","comment_status":"closed","ping_status":"closed","post_password":"","post_name":"cartooning-for-peace","to_ping":"","pinged":"","post_modified":"2023-01-14 04:17:02","post_modified_gmt":"2023-01-14 03:17:02","post_content_filtered":"","post_parent":0,"guid":"https:\/\/www.claret.cat\/autor\/cartooning-for-peace\/","menu_order":0,"post_type":"autor","post_mime_type":"","comment_count":"0","filter":"raw"}]},"aioseo_notices":[],"_links":{"self":[{"href":"https:\/\/www.claret.cat\/es\/wp-json\/wp\/v2\/product\/195374","targetHints":{"allow":["GET"]}}],"collection":[{"href":"https:\/\/www.claret.cat\/es\/wp-json\/wp\/v2\/product"}],"about":[{"href":"https:\/\/www.claret.cat\/es\/wp-json\/wp\/v2\/types\/product"}],"wp:featuredmedia":[{"embeddable":true,"href":"https:\/\/www.claret.cat\/es\/wp-json\/wp\/v2\/media\/348447"}],"wp:attachment":[{"href":"https:\/\/www.claret.cat\/es\/wp-json\/wp\/v2\/media?parent=195374"}],"wp:term":[{"taxonomy":"product_brand","embeddable":true,"href":"https:\/\/www.claret.cat\/es\/wp-json\/wp\/v2\/product_brand?post=195374"},{"taxonomy":"product_cat","embeddable":true,"href":"https:\/\/www.claret.cat\/es\/wp-json\/wp\/v2\/product_cat?post=195374"},{"taxonomy":"product_tag","embeddable":true,"href":"https:\/\/www.claret.cat\/es\/wp-json\/wp\/v2\/product_tag?post=195374"}],"curies":[{"name":"wp","href":"https:\/\/api.w.org\/{rel}","templated":true}]}}