{"id":195377,"date":"2022-10-20T07:29:33","date_gmt":"2022-10-20T05:29:33","guid":{"rendered":"http:\/\/dev.claret.cat\/producte\/paso-a-las-mujeres\/"},"modified":"2024-05-23T22:56:11","modified_gmt":"2024-05-23T20:56:11","slug":"paso-a-las-mujeres-9788446045274","status":"publish","type":"product","link":"https:\/\/www.claret.cat\/es\/libro\/paso-a-las-mujeres-9788446045274\/","title":{"rendered":"\u00a1PASO A LAS MUJERES!"},"content":{"rendered":"<p>\u00abA pesar de los grandes progresos arrancados aqu\u00ed o all\u00e1, a\u00fan se plantea la cuesti\u00f3n del valor y del estatus de las mujeres.\u00bb<br \/>Todav\u00eda hoy los derechos de las mujeres se cuestionan y se ridiculizan con demasiada frecuencia. \u00c9lisabeth Badinter nos recuerda que la lucha para que se respeten esos derechos sigue siendo un tema importante en un mundo vapuleado por muchos cambios.<br \/>Seleccionados por Cartooning for Peace, estas 60 vi\u00f1etas de prensa describen la situaci\u00f3n internacional, las desigualdades y la violencia que pueden sufrir las mujeres en los \u00e1mbitos de la educaci\u00f3n, de la sexualidad, de la religi\u00f3n o en el mundo laboral.<\/p>\n","protected":false},"excerpt":{"rendered":"<p>CARTOONING FOR PEACE<\/p>\n","protected":false},"featured_media":348449,"template":"","meta":{"_acf_changed":false,"om_disable_all_campaigns":false,"rs_blank_template":"","rs_page_bg_color":"","slide_template_v7":"","inline_featured_image":false,"_monsterinsights_skip_tracking":false,"_monsterinsights_sitenote_active":false,"_monsterinsights_sitenote_note":"","_monsterinsights_sitenote_category":0},"product_brand":[],"product_cat":[114,563],"product_tag":[],"class_list":{"0":"post-195377","1":"product","2":"type-product","3":"status-publish","4":"has-post-thumbnail","6":"product_cat-humor-grafic","7":"product_cat-humor-grafico","9":"first","10":"instock","11":"taxable","12":"shipping-taxable","13":"purchasable","14":"product-type-simple"},"acf":{"autor":"CARTOONING FOR PEACE","codart":"844604527","libros-coleccion":"FORA DE COL.LECCI\u00d3","ediciones":"1","encuadernacion":"R\u00fastica","fecha_de_publicacion":"20\/11\/2017","novedad":"1","paginas":"120","subtitulo":"60 VI\u00d1ETAS DE PRENSA - PREFACIO DE \u00c9LISABETH BADINTER","orden":"0","portada":"0","idioma":"spa","editorial":[{"ID":6115,"post_author":"3","post_date":"2022-07-28 17:45:13","post_date_gmt":"2022-07-28 15:45:13","post_content":"","post_title":"AKAL, EDICIONES S.A.","post_excerpt":"","post_status":"publish","comment_status":"closed","ping_status":"closed","post_password":"","post_name":"akal-ediciones-s-a","to_ping":"","pinged":"","post_modified":"2022-07-28 17:45:13","post_modified_gmt":"2022-07-28 15:45:13","post_content_filtered":"","post_parent":0,"guid":"http:\/\/dev.claret.cat\/editorial\/akal-ediciones-s-a\/","menu_order":0,"post_type":"editorial","post_mime_type":"","comment_count":"0","filter":"raw"}],"autores-libros":[{"ID":348442,"post_author":"3","post_date":"2023-01-14 04:17:02","post_date_gmt":"2023-01-14 03:17:02","post_content":"","post_title":"CARTOONING FOR PEACE","post_excerpt":"","post_status":"publish","comment_status":"closed","ping_status":"closed","post_password":"","post_name":"cartooning-for-peace","to_ping":"","pinged":"","post_modified":"2023-01-14 04:17:02","post_modified_gmt":"2023-01-14 03:17:02","post_content_filtered":"","post_parent":0,"guid":"https:\/\/www.claret.cat\/autor\/cartooning-for-peace\/","menu_order":0,"post_type":"autor","post_mime_type":"","comment_count":"0","filter":"raw"}]},"aioseo_notices":[],"_links":{"self":[{"href":"https:\/\/www.claret.cat\/es\/wp-json\/wp\/v2\/product\/195377","targetHints":{"allow":["GET"]}}],"collection":[{"href":"https:\/\/www.claret.cat\/es\/wp-json\/wp\/v2\/product"}],"about":[{"href":"https:\/\/www.claret.cat\/es\/wp-json\/wp\/v2\/types\/product"}],"wp:featuredmedia":[{"embeddable":true,"href":"https:\/\/www.claret.cat\/es\/wp-json\/wp\/v2\/media\/348449"}],"wp:attachment":[{"href":"https:\/\/www.claret.cat\/es\/wp-json\/wp\/v2\/media?parent=195377"}],"wp:term":[{"taxonomy":"product_brand","embeddable":true,"href":"https:\/\/www.claret.cat\/es\/wp-json\/wp\/v2\/product_brand?post=195377"},{"taxonomy":"product_cat","embeddable":true,"href":"https:\/\/www.claret.cat\/es\/wp-json\/wp\/v2\/product_cat?post=195377"},{"taxonomy":"product_tag","embeddable":true,"href":"https:\/\/www.claret.cat\/es\/wp-json\/wp\/v2\/product_tag?post=195377"}],"curies":[{"name":"wp","href":"https:\/\/api.w.org\/{rel}","templated":true}]}}