{"id":195461,"date":"2022-10-20T07:30:58","date_gmt":"2022-10-20T05:30:58","guid":{"rendered":"http:\/\/dev.claret.cat\/producte\/somos-dos-el-album-de-mis-bebes\/"},"modified":"2024-05-02T08:51:07","modified_gmt":"2024-05-02T06:51:07","slug":"somos-dos-el-album-de-mis-bebes-9788428553544","status":"publish","type":"product","link":"https:\/\/www.claret.cat\/es\/libro\/somos-dos-el-album-de-mis-bebes-9788428553544\/","title":{"rendered":"\u00a1SOMOS DOS!. EL \u00c1LBUM DE MIS BEB\u00c9S"},"content":{"rendered":"<p>Siempre es especial la llegada al mundo de un beb\u00e9 y cuando son gemelos o mellizos la alegr\u00eda se multiplica. Este precioso \u00e1lbum est\u00e1 pensado para recopilar los recuerdos e impresiones de los primeros a\u00f1os de vuestros beb\u00e9s. Ilustrado con dulces dibujos, hay espacio para colocar las primeras fotograf\u00edas, sobres para los peque\u00f1os recuerdos, el \u00e1rbol geneal\u00f3gico, las consultas al pediatra, los primeros dientes, las huellas de los pies y manos? y siempre en p\u00e1ginas dobles para poder conservar los recuerdos de los dos beb\u00e9s. El libro incluye un sobre al final para guardar los recuerdos m\u00e1s simb\u00f3licos desde el nacimiento hasta los 3 a\u00f1os.<\/p>\n","protected":false},"excerpt":{"rendered":"<p>SAN PABLO<\/p>\n","protected":false},"featured_media":335653,"template":"","meta":{"_acf_changed":false,"om_disable_all_campaigns":false,"rs_blank_template":"","rs_page_bg_color":"","slide_template_v7":"","inline_featured_image":false,"_monsterinsights_skip_tracking":false,"_monsterinsights_sitenote_active":false,"_monsterinsights_sitenote_note":"","_monsterinsights_sitenote_category":0},"product_brand":[],"product_cat":[100,550,86,352],"product_tag":[],"class_list":{"0":"post-195461","1":"product","2":"type-product","3":"status-publish","4":"has-post-thumbnail","6":"product_cat-escola-de-pares","7":"product_cat-escuela-de-padres-3_infantil-juvenil-spa-spa","8":"product_cat-infantil","9":"product_cat-infantil-3_infantil-juvenil-spa","11":"first","12":"instock","13":"taxable","14":"shipping-taxable","15":"purchasable","16":"product-type-simple"},"acf":{"autor":"SAN PABLO","codart":"842855354","libros-coleccion":"Mi familia y yo","ediciones":"1","encuadernacion":"Carton\u00e9","fecha_de_publicacion":"13\/11\/2017","novedad":"1","paginas":"82","subtitulo":"EL \u00c1LBUM DE MIS BEB\u00c9S","orden":"0","portada":"0","idioma":"spa","editorial":[{"ID":6356,"post_author":"3","post_date":"2022-07-28 17:50:26","post_date_gmt":"2022-07-28 15:50:26","post_content":"","post_title":"SAN PABLO COMUNICACI\u00d3N","post_excerpt":"","post_status":"publish","comment_status":"closed","ping_status":"closed","post_password":"","post_name":"san-pablo-comunicacion","to_ping":"","pinged":"","post_modified":"2022-07-28 17:50:26","post_modified_gmt":"2022-07-28 15:50:26","post_content_filtered":"","post_parent":0,"guid":"http:\/\/dev.claret.cat\/editorial\/san-pablo-comunicacion\/","menu_order":0,"post_type":"editorial","post_mime_type":"","comment_count":"0","filter":"raw"}],"autores-libros":[{"ID":155233,"post_author":"3","post_date":"2022-10-14 15:11:12","post_date_gmt":"2022-10-14 13:11:12","post_content":"","post_title":"EQUIPO SAN PABLO","post_excerpt":"","post_status":"publish","comment_status":"closed","ping_status":"closed","post_password":"","post_name":"equipo-san-pablo","to_ping":"","pinged":"","post_modified":"2022-10-14 15:11:12","post_modified_gmt":"2022-10-14 13:11:12","post_content_filtered":"","post_parent":0,"guid":"http:\/\/dev.claret.cat\/autor\/equipo-san-pablo\/","menu_order":0,"post_type":"autor","post_mime_type":"","comment_count":"0","filter":"raw"}]},"aioseo_notices":[],"_links":{"self":[{"href":"https:\/\/www.claret.cat\/es\/wp-json\/wp\/v2\/product\/195461","targetHints":{"allow":["GET"]}}],"collection":[{"href":"https:\/\/www.claret.cat\/es\/wp-json\/wp\/v2\/product"}],"about":[{"href":"https:\/\/www.claret.cat\/es\/wp-json\/wp\/v2\/types\/product"}],"wp:featuredmedia":[{"embeddable":true,"href":"https:\/\/www.claret.cat\/es\/wp-json\/wp\/v2\/media\/335653"}],"wp:attachment":[{"href":"https:\/\/www.claret.cat\/es\/wp-json\/wp\/v2\/media?parent=195461"}],"wp:term":[{"taxonomy":"product_brand","embeddable":true,"href":"https:\/\/www.claret.cat\/es\/wp-json\/wp\/v2\/product_brand?post=195461"},{"taxonomy":"product_cat","embeddable":true,"href":"https:\/\/www.claret.cat\/es\/wp-json\/wp\/v2\/product_cat?post=195461"},{"taxonomy":"product_tag","embeddable":true,"href":"https:\/\/www.claret.cat\/es\/wp-json\/wp\/v2\/product_tag?post=195461"}],"curies":[{"name":"wp","href":"https:\/\/api.w.org\/{rel}","templated":true}]}}