{"id":195464,"date":"2022-10-20T07:31:01","date_gmt":"2022-10-20T05:31:01","guid":{"rendered":"http:\/\/dev.claret.cat\/producte\/el-album-de-mis-primeros-3-anos\/"},"modified":"2024-05-02T08:51:15","modified_gmt":"2024-05-02T06:51:15","slug":"el-album-de-mis-primeros-3-anos-9788428553551","status":"publish","type":"product","link":"https:\/\/www.claret.cat\/es\/libro\/el-album-de-mis-primeros-3-anos-9788428553551\/","title":{"rendered":"EL \u00c1LBUM DE MIS PRIMEROS 3 A\u00d1OS"},"content":{"rendered":"<p>Un \u00e1lbum ilustrado donde conservar todos los recuerdos desde el nacimiento del beb\u00e9 hasta los 3 a\u00f1os. Sus p\u00e1ginas llenas de color y ternura incluyen espacios para escribir los pensamientos, colocar fotograf\u00edas, recopilar an\u00e9cdotas y vivencias: la primera ecograf\u00eda, el \u00e1rbol geneal\u00f3gico, las huellas de los pies? El libro incluye un peque\u00f1o sobre para guardar la pulsera del hospital o un mech\u00f3n de pelo y otro m\u00e1s grande al final para guardar otros objetos y recuerdos para cuando el ni\u00f1o sea mayor.<\/p>\n","protected":false},"excerpt":{"rendered":"<p>VOLHA, KALIAHA<\/p>\n","protected":false},"featured_media":335655,"template":"","meta":{"_acf_changed":false,"om_disable_all_campaigns":false,"rs_blank_template":"","rs_page_bg_color":"","slide_template_v7":"","inline_featured_image":false,"_monsterinsights_skip_tracking":false,"_monsterinsights_sitenote_active":false,"_monsterinsights_sitenote_note":"","_monsterinsights_sitenote_category":0},"product_brand":[],"product_cat":[100,550,86,352],"product_tag":[],"class_list":{"0":"post-195464","1":"product","2":"type-product","3":"status-publish","4":"has-post-thumbnail","6":"product_cat-escola-de-pares","7":"product_cat-escuela-de-padres-3_infantil-juvenil-spa-spa","8":"product_cat-infantil","9":"product_cat-infantil-3_infantil-juvenil-spa","11":"first","12":"instock","13":"taxable","14":"shipping-taxable","15":"purchasable","16":"product-type-simple"},"acf":{"autor":"VOLHA, KALIAHA","codart":"842855355","libros-coleccion":"Mi familia y yo","ediciones":"1","encuadernacion":"Carton\u00e9","fecha_de_publicacion":"13\/11\/2017","novedad":"1","paginas":"82","subtitulo":"","orden":"0","portada":"0","idioma":"spa","editorial":[{"ID":6356,"post_author":"3","post_date":"2022-07-28 17:50:26","post_date_gmt":"2022-07-28 15:50:26","post_content":"","post_title":"SAN PABLO COMUNICACI\u00d3N","post_excerpt":"","post_status":"publish","comment_status":"closed","ping_status":"closed","post_password":"","post_name":"san-pablo-comunicacion","to_ping":"","pinged":"","post_modified":"2022-07-28 17:50:26","post_modified_gmt":"2022-07-28 15:50:26","post_content_filtered":"","post_parent":0,"guid":"http:\/\/dev.claret.cat\/editorial\/san-pablo-comunicacion\/","menu_order":0,"post_type":"editorial","post_mime_type":"","comment_count":"0","filter":"raw"}],"autores-libros":[{"ID":286282,"post_author":"3","post_date":"2022-12-10 03:52:38","post_date_gmt":"2022-12-10 02:52:38","post_content":"","post_title":"KALIAHA VOLHA","post_excerpt":"","post_status":"publish","comment_status":"closed","ping_status":"closed","post_password":"","post_name":"kaliaha-volha","to_ping":"","pinged":"","post_modified":"2022-12-10 03:52:38","post_modified_gmt":"2022-12-10 02:52:38","post_content_filtered":"","post_parent":0,"guid":"http:\/\/dev.claret.cat\/autor\/kaliaha-volha\/","menu_order":0,"post_type":"autor","post_mime_type":"","comment_count":"0","filter":"raw"}]},"aioseo_notices":[],"_links":{"self":[{"href":"https:\/\/www.claret.cat\/es\/wp-json\/wp\/v2\/product\/195464","targetHints":{"allow":["GET"]}}],"collection":[{"href":"https:\/\/www.claret.cat\/es\/wp-json\/wp\/v2\/product"}],"about":[{"href":"https:\/\/www.claret.cat\/es\/wp-json\/wp\/v2\/types\/product"}],"wp:featuredmedia":[{"embeddable":true,"href":"https:\/\/www.claret.cat\/es\/wp-json\/wp\/v2\/media\/335655"}],"wp:attachment":[{"href":"https:\/\/www.claret.cat\/es\/wp-json\/wp\/v2\/media?parent=195464"}],"wp:term":[{"taxonomy":"product_brand","embeddable":true,"href":"https:\/\/www.claret.cat\/es\/wp-json\/wp\/v2\/product_brand?post=195464"},{"taxonomy":"product_cat","embeddable":true,"href":"https:\/\/www.claret.cat\/es\/wp-json\/wp\/v2\/product_cat?post=195464"},{"taxonomy":"product_tag","embeddable":true,"href":"https:\/\/www.claret.cat\/es\/wp-json\/wp\/v2\/product_tag?post=195464"}],"curies":[{"name":"wp","href":"https:\/\/api.w.org\/{rel}","templated":true}]}}