{"id":195500,"date":"2022-10-20T07:31:38","date_gmt":"2022-10-20T05:31:38","guid":{"rendered":"http:\/\/dev.claret.cat\/producte\/el-flautista-dhamelin-3\/"},"modified":"2024-05-22T15:56:25","modified_gmt":"2024-05-22T13:56:25","slug":"el-flautista-dhamelin-9788498839395","status":"publish","type":"product","link":"https:\/\/www.claret.cat\/es\/libro\/el-flautista-dhamelin-9788498839395\/","title":{"rendered":"EL FLAUTISTA D&#8217;HAMEL\u00cdN"},"content":{"rendered":"","protected":false},"excerpt":{"rendered":"<p>COLOM\u00c9 I ROMERA, MARTA; DARN\u00c9, TXELL<\/p>\n","protected":false},"featured_media":369049,"template":"","meta":{"_acf_changed":false,"om_disable_all_campaigns":false,"rs_blank_template":"","rs_page_bg_color":"","slide_template_v7":"","inline_featured_image":false,"_monsterinsights_skip_tracking":false,"_monsterinsights_sitenote_active":false,"_monsterinsights_sitenote_note":"","_monsterinsights_sitenote_category":0},"product_brand":[],"product_cat":[86,352],"product_tag":[],"class_list":{"0":"post-195500","1":"product","2":"type-product","3":"status-publish","4":"has-post-thumbnail","6":"product_cat-infantil","7":"product_cat-infantil-3_infantil-juvenil-spa","9":"first","10":"instock","11":"taxable","12":"shipping-taxable","13":"purchasable","14":"product-type-simple"},"acf":{"autor":"COLOM\u00c9 I ROMERA, MARTA; DARN\u00c9, TXELL","codart":"849883939","libros-coleccion":"","ediciones":"1","encuadernacion":"R\u00fastica","fecha_de_publicacion":"10\/11\/2017","novedad":"1","paginas":"24","subtitulo":"","orden":"0","portada":"0","idioma":"cat","editorial":[{"ID":8266,"post_author":"3","post_date":"2022-09-30 09:21:36","post_date_gmt":"2022-09-30 07:21:36","post_content":"","post_title":"PUBLICACIONS DE L'ABADIA DE MONTSERRAT","post_excerpt":"","post_status":"publish","comment_status":"closed","ping_status":"closed","post_password":"","post_name":"publicacions-de-labadia-de-montserrat-5","to_ping":"","pinged":"","post_modified":"2022-09-30 09:21:36","post_modified_gmt":"2022-09-30 07:21:36","post_content_filtered":"","post_parent":0,"guid":"http:\/\/dev.claret.cat\/editorial\/publicacions-de-labadia-de-montserrat-5\/","menu_order":0,"post_type":"editorial","post_mime_type":"","comment_count":"0","filter":"raw"}],"autores-libros":[{"ID":324011,"post_author":"3","post_date":"2023-01-03 06:07:30","post_date_gmt":"2023-01-03 05:07:30","post_content":"","post_title":"MARTA COLOM\u00c9 I ROMERA","post_excerpt":"","post_status":"publish","comment_status":"closed","ping_status":"closed","post_password":"","post_name":"marta-colome-i-romera","to_ping":"","pinged":"","post_modified":"2023-01-03 06:07:30","post_modified_gmt":"2023-01-03 05:07:30","post_content_filtered":"","post_parent":0,"guid":"https:\/\/www.claret.cat\/autor\/marta-colome-i-romera\/","menu_order":0,"post_type":"autor","post_mime_type":"","comment_count":"0","filter":"raw"},{"ID":170660,"post_author":"3","post_date":"2022-10-14 22:37:08","post_date_gmt":"2022-10-14 20:37:08","post_content":"","post_title":"TXELL DARNE","post_excerpt":"","post_status":"publish","comment_status":"closed","ping_status":"closed","post_password":"","post_name":"txell-darne","to_ping":"","pinged":"","post_modified":"2022-10-14 22:37:08","post_modified_gmt":"2022-10-14 20:37:08","post_content_filtered":"","post_parent":0,"guid":"http:\/\/dev.claret.cat\/autor\/txell-darne\/","menu_order":0,"post_type":"autor","post_mime_type":"","comment_count":"0","filter":"raw"}]},"aioseo_notices":[],"_links":{"self":[{"href":"https:\/\/www.claret.cat\/es\/wp-json\/wp\/v2\/product\/195500","targetHints":{"allow":["GET"]}}],"collection":[{"href":"https:\/\/www.claret.cat\/es\/wp-json\/wp\/v2\/product"}],"about":[{"href":"https:\/\/www.claret.cat\/es\/wp-json\/wp\/v2\/types\/product"}],"wp:featuredmedia":[{"embeddable":true,"href":"https:\/\/www.claret.cat\/es\/wp-json\/wp\/v2\/media\/369049"}],"wp:attachment":[{"href":"https:\/\/www.claret.cat\/es\/wp-json\/wp\/v2\/media?parent=195500"}],"wp:term":[{"taxonomy":"product_brand","embeddable":true,"href":"https:\/\/www.claret.cat\/es\/wp-json\/wp\/v2\/product_brand?post=195500"},{"taxonomy":"product_cat","embeddable":true,"href":"https:\/\/www.claret.cat\/es\/wp-json\/wp\/v2\/product_cat?post=195500"},{"taxonomy":"product_tag","embeddable":true,"href":"https:\/\/www.claret.cat\/es\/wp-json\/wp\/v2\/product_tag?post=195500"}],"curies":[{"name":"wp","href":"https:\/\/api.w.org\/{rel}","templated":true}]}}