{"id":195503,"date":"2022-10-20T07:31:42","date_gmt":"2022-10-20T05:31:42","guid":{"rendered":"http:\/\/dev.claret.cat\/producte\/de-viva-veu\/"},"modified":"2024-05-22T15:55:47","modified_gmt":"2024-05-22T13:55:47","slug":"de-viva-veu-9788498839357","status":"publish","type":"product","link":"https:\/\/www.claret.cat\/es\/libro\/de-viva-veu-9788498839357\/","title":{"rendered":"DE VIVA VEU"},"content":{"rendered":"<p>Maria \u00c0ngels Anglada va concedir nombroses entrevistes durant la seva vida p\u00fablica com a escriptora de renom. Aquest volum en recull una triadella representativa -quaranta en total- que abra\u00e7a del 1978, any en qu\u00e8 va obtenir el premi Josep Pla per Les Closes, al 1998, poc abans de la seva mort. D&#8217;una gran coher\u00e8ncia de pensament, en termes \u00e8tics, est\u00e8tics i ideol\u00f2gics, les entrevistes aplegades evidencien el seu comprom\u00eds c\u00edvic, brinden algunes claus significatives per interpretar l&#8217;obra creativa i destil\u00b7len la saviesa i el coratge d&#8217;aquesta dona de lletres que, sense oblidar el passat, va mirar el present amb ulls serens i conviccions di\u00e0fanes. Sense m\u00e0scares ni ardits, l&#8217;autora d&#8217;El viol\u00ed d&#8221;Auschwitz s&#8217;hi mostra l\u00facida i contundent a l&#8217;hora de defensar, de viva veu, els seus arguments i raons. La seva mirada revela la capacitat que tenia d&#8217;aprehendre el m\u00f3n en qu\u00e8 vivia des d&#8217;una \u00f2ptica cr\u00edtica i alhora esperan\u00e7ada. En annex s&#8217;inclou una extensa i minuciosa bibliografia angladiana.<\/p>\n","protected":false},"excerpt":{"rendered":"<p>ANGLADA, MARIA \u00c0NGELS<\/p>\n","protected":false},"featured_media":369043,"template":"","meta":{"_acf_changed":false,"om_disable_all_campaigns":false,"rs_blank_template":"","rs_page_bg_color":"","slide_template_v7":"","inline_featured_image":false,"_monsterinsights_skip_tracking":false,"_monsterinsights_sitenote_active":false,"_monsterinsights_sitenote_note":"","_monsterinsights_sitenote_category":0},"product_brand":[],"product_cat":[87,353],"product_tag":[],"class_list":{"0":"post-195503","1":"product","2":"type-product","3":"status-publish","4":"has-post-thumbnail","6":"product_cat-literatura","7":"product_cat-literatura-2_humanidades","9":"first","10":"instock","11":"taxable","12":"shipping-taxable","13":"purchasable","14":"product-type-simple"},"acf":{"autor":"ANGLADA, MARIA \u00c0NGELS","codart":"849883935","libros-coleccion":"SUSHI BOOKS","ediciones":"1","encuadernacion":"R\u00fastica","fecha_de_publicacion":"10\/11\/2017","novedad":"1","paginas":"316","subtitulo":"ENTREVISTES I DECLARACIONS P\u00daBLIQUES","orden":"0","portada":"0","idioma":"cat","editorial":[{"ID":8266,"post_author":"3","post_date":"2022-09-30 09:21:36","post_date_gmt":"2022-09-30 07:21:36","post_content":"","post_title":"PUBLICACIONS DE L'ABADIA DE MONTSERRAT","post_excerpt":"","post_status":"publish","comment_status":"closed","ping_status":"closed","post_password":"","post_name":"publicacions-de-labadia-de-montserrat-5","to_ping":"","pinged":"","post_modified":"2022-09-30 09:21:36","post_modified_gmt":"2022-09-30 07:21:36","post_content_filtered":"","post_parent":0,"guid":"http:\/\/dev.claret.cat\/editorial\/publicacions-de-labadia-de-montserrat-5\/","menu_order":0,"post_type":"editorial","post_mime_type":"","comment_count":"0","filter":"raw"}],"autores-libros":[{"ID":163520,"post_author":"3","post_date":"2022-10-14 17:39:42","post_date_gmt":"2022-10-14 15:39:42","post_content":"","post_title":"MARIA ANGELS ANGLADA","post_excerpt":"","post_status":"publish","comment_status":"closed","ping_status":"closed","post_password":"","post_name":"maria-angels-anglada","to_ping":"","pinged":"","post_modified":"2022-10-14 17:39:42","post_modified_gmt":"2022-10-14 15:39:42","post_content_filtered":"","post_parent":0,"guid":"http:\/\/dev.claret.cat\/autor\/maria-angels-anglada\/","menu_order":0,"post_type":"autor","post_mime_type":"","comment_count":"0","filter":"raw"}]},"aioseo_notices":[],"_links":{"self":[{"href":"https:\/\/www.claret.cat\/es\/wp-json\/wp\/v2\/product\/195503","targetHints":{"allow":["GET"]}}],"collection":[{"href":"https:\/\/www.claret.cat\/es\/wp-json\/wp\/v2\/product"}],"about":[{"href":"https:\/\/www.claret.cat\/es\/wp-json\/wp\/v2\/types\/product"}],"wp:featuredmedia":[{"embeddable":true,"href":"https:\/\/www.claret.cat\/es\/wp-json\/wp\/v2\/media\/369043"}],"wp:attachment":[{"href":"https:\/\/www.claret.cat\/es\/wp-json\/wp\/v2\/media?parent=195503"}],"wp:term":[{"taxonomy":"product_brand","embeddable":true,"href":"https:\/\/www.claret.cat\/es\/wp-json\/wp\/v2\/product_brand?post=195503"},{"taxonomy":"product_cat","embeddable":true,"href":"https:\/\/www.claret.cat\/es\/wp-json\/wp\/v2\/product_cat?post=195503"},{"taxonomy":"product_tag","embeddable":true,"href":"https:\/\/www.claret.cat\/es\/wp-json\/wp\/v2\/product_tag?post=195503"}],"curies":[{"name":"wp","href":"https:\/\/api.w.org\/{rel}","templated":true}]}}