{"id":195515,"date":"2022-10-20T07:31:55","date_gmt":"2022-10-20T05:31:55","guid":{"rendered":"http:\/\/dev.claret.cat\/producte\/wauu\/"},"modified":"2023-01-28T10:38:46","modified_gmt":"2023-01-28T09:38:46","slug":"wauu-9788417074005","status":"publish","type":"product","link":"https:\/\/www.claret.cat\/es\/libro\/wauu-9788417074005\/","title":{"rendered":"\u00a1WAUU!"},"content":{"rendered":"<p>Un juego de colores y l\u00f3gica, que activa la imaginaci\u00f3n de los ni\u00f1os. Consiste en completar, por turnos, con fichas sacadas al azar, las cartulinas dise\u00f1adas por Herv\u00e9 Tullet, formando secuencias l\u00f3gicas, ritmos y combinaciones de colores. \u00a1Y adem\u00e1s son preciosas!<\/p>\n","protected":false},"excerpt":{"rendered":"<p>TULLET, HERV\u00c9<\/p>\n","protected":false},"featured_media":195516,"template":"","meta":{"_acf_changed":false,"om_disable_all_campaigns":false,"rs_blank_template":"","rs_page_bg_color":"","slide_template_v7":"","inline_featured_image":false,"_monsterinsights_skip_tracking":false,"_monsterinsights_sitenote_active":false,"_monsterinsights_sitenote_note":"","_monsterinsights_sitenote_category":0},"product_brand":[],"product_cat":[86],"product_tag":[],"class_list":{"0":"post-195515","1":"product","2":"type-product","3":"status-publish","4":"has-post-thumbnail","6":"product_cat-infantil","8":"first","9":"instock","10":"taxable","11":"shipping-taxable","12":"purchasable","13":"product-type-simple"},"acf":{"autor":"TULLET, HERV\u00c9","codart":"841707400","libros-coleccion":"SUSHI BOOKS","ediciones":"1","encuadernacion":"Carpeta","fecha_de_publicacion":"10\/11\/2017","novedad":"1","paginas":"1","subtitulo":"","orden":"0","portada":"0","idioma":"spa","editorial":[{"ID":147996,"post_author":"3","post_date":"2022-10-14 11:54:50","post_date_gmt":"2022-10-14 09:54:50","post_content":"","post_title":"Editorial K\u00f3kinos","post_excerpt":"","post_status":"publish","comment_status":"closed","ping_status":"closed","post_password":"","post_name":"editorial-kokinos","to_ping":"","pinged":"","post_modified":"2022-10-14 11:54:50","post_modified_gmt":"2022-10-14 09:54:50","post_content_filtered":"","post_parent":0,"guid":"http:\/\/dev.claret.cat\/editorial\/editorial-kokinos\/","menu_order":0,"post_type":"editorial","post_mime_type":"","comment_count":"0","filter":"raw"}],"autores-libros":[{"ID":157577,"post_author":"3","post_date":"2022-10-14 15:29:56","post_date_gmt":"2022-10-14 13:29:56","post_content":"","post_title":"HERV\u00c9 TULLET","post_excerpt":"","post_status":"publish","comment_status":"closed","ping_status":"closed","post_password":"","post_name":"herve-tullet","to_ping":"","pinged":"","post_modified":"2022-10-14 15:29:56","post_modified_gmt":"2022-10-14 13:29:56","post_content_filtered":"","post_parent":0,"guid":"http:\/\/dev.claret.cat\/autor\/herve-tullet\/","menu_order":0,"post_type":"autor","post_mime_type":"","comment_count":"0","filter":"raw"}]},"aioseo_notices":[],"_links":{"self":[{"href":"https:\/\/www.claret.cat\/es\/wp-json\/wp\/v2\/product\/195515","targetHints":{"allow":["GET"]}}],"collection":[{"href":"https:\/\/www.claret.cat\/es\/wp-json\/wp\/v2\/product"}],"about":[{"href":"https:\/\/www.claret.cat\/es\/wp-json\/wp\/v2\/types\/product"}],"wp:featuredmedia":[{"embeddable":true,"href":"https:\/\/www.claret.cat\/es\/wp-json\/wp\/v2\/media\/195516"}],"wp:attachment":[{"href":"https:\/\/www.claret.cat\/es\/wp-json\/wp\/v2\/media?parent=195515"}],"wp:term":[{"taxonomy":"product_brand","embeddable":true,"href":"https:\/\/www.claret.cat\/es\/wp-json\/wp\/v2\/product_brand?post=195515"},{"taxonomy":"product_cat","embeddable":true,"href":"https:\/\/www.claret.cat\/es\/wp-json\/wp\/v2\/product_cat?post=195515"},{"taxonomy":"product_tag","embeddable":true,"href":"https:\/\/www.claret.cat\/es\/wp-json\/wp\/v2\/product_tag?post=195515"}],"curies":[{"name":"wp","href":"https:\/\/api.w.org\/{rel}","templated":true}]}}