{"id":195527,"date":"2022-10-20T07:32:08","date_gmt":"2022-10-20T05:32:08","guid":{"rendered":"http:\/\/dev.claret.cat\/producte\/la-martina-i-lanitram-al-pais-dels-mitjons-perduts\/"},"modified":"2023-06-14T16:59:17","modified_gmt":"2023-06-14T14:59:17","slug":"la-martina-i-lanitram-al-pais-dels-mitjons-perduts-9788416223855","status":"publish","type":"product","link":"https:\/\/www.claret.cat\/es\/libro\/la-martina-i-lanitram-al-pais-dels-mitjons-perduts-9788416223855\/","title":{"rendered":"LA MARTINA I L&#8221;ANITRAM AL PA\u00cdS DELS MITJONS PERDUTS"},"content":{"rendered":"<p>Tu tamb\u00e9 penses que el teu germ\u00e0 \u00e9s un TRENCAcoses? <br \/>T&#8217;imagines que poguessis saltar a la corda amb un centpeus? <br \/>T&#8217;atreviries a viatjar a un pa\u00eds que fa pudor de formatge? <br \/>T&#8217;has preguntat mai on van els mitjons perduts? <br \/> Acompanya la Martina i l&#8217;Anitram en aquesta aventura i descobreix-ho!<\/p>\n","protected":false},"excerpt":{"rendered":"<p>MARTINA I ANITRAM<\/p>\n","protected":false},"featured_media":195528,"template":"","meta":{"_acf_changed":false,"om_disable_all_campaigns":false,"rs_blank_template":"","rs_page_bg_color":"","slide_template_v7":"","inline_featured_image":false,"_monsterinsights_skip_tracking":false,"_monsterinsights_sitenote_active":false,"_monsterinsights_sitenote_note":"","_monsterinsights_sitenote_category":0},"product_brand":[],"product_cat":[86,352],"product_tag":[],"class_list":{"0":"post-195527","1":"product","2":"type-product","3":"status-publish","4":"has-post-thumbnail","6":"product_cat-infantil","7":"product_cat-infantil-3_infantil-juvenil-spa","9":"first","10":"instock","11":"taxable","12":"shipping-taxable","13":"purchasable","14":"product-type-simple"},"acf":{"autor":"MARTINA I ANITRAM","codart":"841622385","libros-coleccion":"","ediciones":"1","encuadernacion":"Carton\u00e9","fecha_de_publicacion":"10\/11\/2017","novedad":"1","paginas":"34","subtitulo":"","orden":"0","portada":"0","idioma":"cat","editorial":[{"ID":148695,"post_author":"3","post_date":"2022-10-14 12:00:16","post_date_gmt":"2022-10-14 10:00:16","post_content":"","post_title":"PRINCIPAL DE LOS LIBROS","post_excerpt":"","post_status":"publish","comment_status":"closed","ping_status":"closed","post_password":"","post_name":"principal-de-los-libros","to_ping":"","pinged":"","post_modified":"2022-10-14 12:00:16","post_modified_gmt":"2022-10-14 10:00:16","post_content_filtered":"","post_parent":0,"guid":"http:\/\/dev.claret.cat\/editorial\/principal-de-los-libros\/","menu_order":0,"post_type":"editorial","post_mime_type":"","comment_count":"0","filter":"raw"}],"autores-libros":[{"ID":164332,"post_author":"3","post_date":"2022-10-14 17:46:14","post_date_gmt":"2022-10-14 15:46:14","post_content":"","post_title":"MARTINA I ANITRAM","post_excerpt":"","post_status":"publish","comment_status":"closed","ping_status":"closed","post_password":"","post_name":"martina-i-anitram","to_ping":"","pinged":"","post_modified":"2022-10-14 17:46:14","post_modified_gmt":"2022-10-14 15:46:14","post_content_filtered":"","post_parent":0,"guid":"http:\/\/dev.claret.cat\/autor\/martina-i-anitram\/","menu_order":0,"post_type":"autor","post_mime_type":"","comment_count":"0","filter":"raw"}]},"aioseo_notices":[],"_links":{"self":[{"href":"https:\/\/www.claret.cat\/es\/wp-json\/wp\/v2\/product\/195527","targetHints":{"allow":["GET"]}}],"collection":[{"href":"https:\/\/www.claret.cat\/es\/wp-json\/wp\/v2\/product"}],"about":[{"href":"https:\/\/www.claret.cat\/es\/wp-json\/wp\/v2\/types\/product"}],"wp:featuredmedia":[{"embeddable":true,"href":"https:\/\/www.claret.cat\/es\/wp-json\/wp\/v2\/media\/195528"}],"wp:attachment":[{"href":"https:\/\/www.claret.cat\/es\/wp-json\/wp\/v2\/media?parent=195527"}],"wp:term":[{"taxonomy":"product_brand","embeddable":true,"href":"https:\/\/www.claret.cat\/es\/wp-json\/wp\/v2\/product_brand?post=195527"},{"taxonomy":"product_cat","embeddable":true,"href":"https:\/\/www.claret.cat\/es\/wp-json\/wp\/v2\/product_cat?post=195527"},{"taxonomy":"product_tag","embeddable":true,"href":"https:\/\/www.claret.cat\/es\/wp-json\/wp\/v2\/product_tag?post=195527"}],"curies":[{"name":"wp","href":"https:\/\/api.w.org\/{rel}","templated":true}]}}