{"id":195581,"date":"2022-10-20T07:33:07","date_gmt":"2022-10-20T05:33:07","guid":{"rendered":"http:\/\/dev.claret.cat\/producte\/correspondencia-1925-1975\/"},"modified":"2026-01-28T12:31:00","modified_gmt":"2026-01-28T11:31:00","slug":"correspondencia-1925-1975-9788425440717","status":"publish","type":"product","link":"https:\/\/www.claret.cat\/es\/libro\/correspondencia-1925-1975-9788425440717\/","title":{"rendered":"CORRESPONDENCIA &#8211; 1925 &#8211; 1975"},"content":{"rendered":"<p>Con la presente edici\u00f3n, el lector espa\u00f1ol cuenta con la oportunidad de conocer de primera mano el di\u00e1logo entre dos de las voces filos\u00f3ficas m\u00e1s importantes del siglo XX.<br \/>En los a\u00f1os veinte, Hannah Arendt acudi\u00f3 a la universidad donde Heidgger daba clases. Fue entonces cuando entre el profesor y la alumna se estableci\u00f3 una relaci\u00f3n amorosa que ser\u00eda decisiva en sus vidas y pensamientos filos\u00f3ficos.<br \/>La Correspondencia est\u00e1 dividida en tres partes, que corresponden a tres per\u00edodos (1925-1932, 1950-1965, 1966-1975), siendo as\u00ed un v\u00edvido testimonio de los avatares pol\u00edticos en los que vivieron los fil\u00f3sofos \u2014Heidegger fue miembro del NSDAP, mientras que Hannah Arendt se vio obligada a huir de Alemania por su condici\u00f3n de jud\u00eda y por sus convicciones pol\u00edticas.<br \/>Este epistolariono solo permite profundizar en la personalidad y en las posturas filos\u00f3ficas de los autores, sino que es tambi\u00e9n un recorrido por la historia del siglo XX. La edici\u00f3n, muy cuidada, precisa, completa y al mismo tiempo llena de tacto, corre a cargo de UrsulaLudz, editora de otras obras de Hannah Arendt.<\/p>\n","protected":false},"excerpt":{"rendered":"<p>ARENDT, HANNAH; HEIDEGGER, MARTIN<\/p>\n","protected":false},"featured_media":331617,"template":"","meta":{"_acf_changed":false,"om_disable_all_campaigns":false,"rs_blank_template":"","rs_page_bg_color":"","slide_template_v7":"","inline_featured_image":false,"_monsterinsights_skip_tracking":false,"_monsterinsights_sitenote_active":false,"_monsterinsights_sitenote_note":"","_monsterinsights_sitenote_category":0},"product_brand":[],"product_cat":[83,349],"product_tag":[],"class_list":{"0":"post-195581","1":"product","2":"type-product","3":"status-publish","4":"has-post-thumbnail","6":"product_cat-filosofia","7":"product_cat-filosofia-2_humanidades","9":"first","10":"instock","11":"taxable","12":"shipping-taxable","13":"purchasable","14":"product-type-simple"},"acf":{"autor":"ARENDT, HANNAH; HEIDEGGER, MARTIN","codart":"842544071","libros-coleccion":"","ediciones":"1","encuadernacion":"R\u00fastica","fecha_de_publicacion":"07\/11\/2017","novedad":"1","paginas":"448","subtitulo":"Y OTROS DOCUMENTOS DE LOS LEGADOS","orden":"0","portada":"0","idioma":"spa","editorial":[{"ID":6266,"post_author":"3","post_date":"2022-07-28 17:48:31","post_date_gmt":"2022-07-28 15:48:31","post_content":"","post_title":"HERDER","post_excerpt":"","post_status":"publish","comment_status":"closed","ping_status":"closed","post_password":"","post_name":"herder","to_ping":"","pinged":"","post_modified":"2022-07-28 17:48:31","post_modified_gmt":"2022-07-28 15:48:31","post_content_filtered":"","post_parent":0,"guid":"http:\/\/dev.claret.cat\/editorial\/herder\/","menu_order":0,"post_type":"editorial","post_mime_type":"","comment_count":"0","filter":"raw"}],"autores-libros":[{"ID":157338,"post_author":"3","post_date":"2022-10-14 15:28:02","post_date_gmt":"2022-10-14 13:28:02","post_content":"","post_title":"HANNAH ARENDT","post_excerpt":"","post_status":"publish","comment_status":"closed","ping_status":"closed","post_password":"","post_name":"hannah-arendt","to_ping":"","pinged":"","post_modified":"2022-10-14 15:28:02","post_modified_gmt":"2022-10-14 13:28:02","post_content_filtered":"","post_parent":0,"guid":"http:\/\/dev.claret.cat\/autor\/hannah-arendt\/","menu_order":0,"post_type":"autor","post_mime_type":"","comment_count":"0","filter":"raw"},{"ID":164290,"post_author":"3","post_date":"2022-10-14 17:45:54","post_date_gmt":"2022-10-14 15:45:54","post_content":"","post_title":"MARTIN HEIDEGGER","post_excerpt":"","post_status":"publish","comment_status":"closed","ping_status":"closed","post_password":"","post_name":"martin-heidegger","to_ping":"","pinged":"","post_modified":"2022-10-14 17:45:54","post_modified_gmt":"2022-10-14 15:45:54","post_content_filtered":"","post_parent":0,"guid":"http:\/\/dev.claret.cat\/autor\/martin-heidegger\/","menu_order":0,"post_type":"autor","post_mime_type":"","comment_count":"0","filter":"raw"}],"booktrailer":"","resenas":""},"aioseo_notices":[],"_links":{"self":[{"href":"https:\/\/www.claret.cat\/es\/wp-json\/wp\/v2\/product\/195581","targetHints":{"allow":["GET"]}}],"collection":[{"href":"https:\/\/www.claret.cat\/es\/wp-json\/wp\/v2\/product"}],"about":[{"href":"https:\/\/www.claret.cat\/es\/wp-json\/wp\/v2\/types\/product"}],"wp:featuredmedia":[{"embeddable":true,"href":"https:\/\/www.claret.cat\/es\/wp-json\/wp\/v2\/media\/331617"}],"wp:attachment":[{"href":"https:\/\/www.claret.cat\/es\/wp-json\/wp\/v2\/media?parent=195581"}],"wp:term":[{"taxonomy":"product_brand","embeddable":true,"href":"https:\/\/www.claret.cat\/es\/wp-json\/wp\/v2\/product_brand?post=195581"},{"taxonomy":"product_cat","embeddable":true,"href":"https:\/\/www.claret.cat\/es\/wp-json\/wp\/v2\/product_cat?post=195581"},{"taxonomy":"product_tag","embeddable":true,"href":"https:\/\/www.claret.cat\/es\/wp-json\/wp\/v2\/product_tag?post=195581"}],"curies":[{"name":"wp","href":"https:\/\/api.w.org\/{rel}","templated":true}]}}