{"id":195791,"date":"2022-10-20T07:36:46","date_gmt":"2022-10-20T05:36:46","guid":{"rendered":"http:\/\/dev.claret.cat\/producte\/secret-princesses-6-la-gran-competicio\/"},"modified":"2025-01-31T18:32:08","modified_gmt":"2025-01-31T17:32:08","slug":"secret-princesses-6-la-gran-competicio-9788424661625","status":"publish","type":"product","link":"https:\/\/www.claret.cat\/es\/libro\/secret-princesses-6-la-gran-competicio-9788424661625\/","title":{"rendered":"SECRET PRINCESSES 6. LA GRAN COMPETICI\u00d3"},"content":{"rendered":"<p>La Valentina i la Diana s&#8221;estan preparant per convertir-se en Princeses Secretes de l&#8217;Amistat que fan realitat els desitjos! La Greta necessita la seva ajuda per superar la competici\u00f3 amb el seu poni, per\u00f2 la princesa Ver\u00ed no dubtar\u00e0 i els posar\u00e0 tota mena d&#8217;entrebancs. Ser\u00e0 capa\u00e7 la Greta d&#8217;aconseguir el premi que tant desitja?<\/p>\n","protected":false},"excerpt":{"rendered":"<p>BANKS, ROSIE<\/p>\n","protected":false},"featured_media":195792,"template":"","meta":{"_acf_changed":false,"om_disable_all_campaigns":false,"rs_blank_template":"","rs_page_bg_color":"","slide_template_v7":"","inline_featured_image":false,"_monsterinsights_skip_tracking":false,"_monsterinsights_sitenote_active":false,"_monsterinsights_sitenote_note":"","_monsterinsights_sitenote_category":0},"product_brand":[],"product_cat":[86,352],"product_tag":[],"class_list":{"0":"post-195791","1":"product","2":"type-product","3":"status-publish","4":"has-post-thumbnail","6":"product_cat-infantil","7":"product_cat-infantil-3_infantil-juvenil-spa","9":"first","10":"instock","11":"taxable","12":"shipping-taxable","13":"purchasable","14":"product-type-simple"},"acf":{"autor":"BANKS, ROSIE","codart":"842466162","libros-coleccion":"SUSHI BOOKS","ediciones":"1","encuadernacion":"R\u00fastica","fecha_de_publicacion":"01\/11\/2017","novedad":"1","paginas":"125","subtitulo":"","orden":"0","portada":"0","idioma":"cat","editorial":[{"ID":148189,"post_author":"3","post_date":"2022-10-14 11:56:19","post_date_gmt":"2022-10-14 09:56:19","post_content":"","post_title":"GALERA, EDITORIAL","post_excerpt":"","post_status":"publish","comment_status":"closed","ping_status":"closed","post_password":"","post_name":"galera-editorial","to_ping":"","pinged":"","post_modified":"2022-10-14 11:56:19","post_modified_gmt":"2022-10-14 09:56:19","post_content_filtered":"","post_parent":0,"guid":"http:\/\/dev.claret.cat\/editorial\/galera-editorial\/","menu_order":0,"post_type":"editorial","post_mime_type":"","comment_count":"0","filter":"raw"}],"autores-libros":[{"ID":168598,"post_author":"3","post_date":"2022-10-14 22:20:24","post_date_gmt":"2022-10-14 20:20:24","post_content":"","post_title":"ROSIE BANKS","post_excerpt":"","post_status":"publish","comment_status":"closed","ping_status":"closed","post_password":"","post_name":"rosie-banks","to_ping":"","pinged":"","post_modified":"2022-10-14 22:20:24","post_modified_gmt":"2022-10-14 20:20:24","post_content_filtered":"","post_parent":0,"guid":"http:\/\/dev.claret.cat\/autor\/rosie-banks\/","menu_order":0,"post_type":"autor","post_mime_type":"","comment_count":"0","filter":"raw"}]},"aioseo_notices":[],"_links":{"self":[{"href":"https:\/\/www.claret.cat\/es\/wp-json\/wp\/v2\/product\/195791","targetHints":{"allow":["GET"]}}],"collection":[{"href":"https:\/\/www.claret.cat\/es\/wp-json\/wp\/v2\/product"}],"about":[{"href":"https:\/\/www.claret.cat\/es\/wp-json\/wp\/v2\/types\/product"}],"wp:featuredmedia":[{"embeddable":true,"href":"https:\/\/www.claret.cat\/es\/wp-json\/wp\/v2\/media\/195792"}],"wp:attachment":[{"href":"https:\/\/www.claret.cat\/es\/wp-json\/wp\/v2\/media?parent=195791"}],"wp:term":[{"taxonomy":"product_brand","embeddable":true,"href":"https:\/\/www.claret.cat\/es\/wp-json\/wp\/v2\/product_brand?post=195791"},{"taxonomy":"product_cat","embeddable":true,"href":"https:\/\/www.claret.cat\/es\/wp-json\/wp\/v2\/product_cat?post=195791"},{"taxonomy":"product_tag","embeddable":true,"href":"https:\/\/www.claret.cat\/es\/wp-json\/wp\/v2\/product_tag?post=195791"}],"curies":[{"name":"wp","href":"https:\/\/api.w.org\/{rel}","templated":true}]}}