{"id":195818,"date":"2022-10-20T07:37:14","date_gmt":"2022-10-20T05:37:14","guid":{"rendered":"http:\/\/dev.claret.cat\/producte\/pensamientos-para-mi-mismo\/"},"modified":"2023-01-28T11:38:23","modified_gmt":"2023-01-28T10:38:23","slug":"pensamientos-para-mi-mismo-9788416544530","status":"publish","type":"product","link":"https:\/\/www.claret.cat\/es\/libro\/pensamientos-para-mi-mismo-9788416544530\/","title":{"rendered":"PENSAMIENTOS PARA M\u00cd MISMO"},"content":{"rendered":"<p>En el cap\u00edtulo s\u00e9ptimo de sus \u00abPensamientos para m\u00ed mismo\u00bb, Marco Aurelio anot\u00f3 melanc\u00f3lico: \u00abMuy pronto todos te habr\u00e1n olvidado\u00bb. En esta ocasi\u00f3n, el emperador- fil\u00f3sofo se equivocaba. Casi dos milenios despu\u00e9s de su muerte, su escritura sigue viva y sus palabras siguen cambiando la vida de millones de lectores. A la obra de Marco Aurelio regresamos una y otra vez, desde todas las \u00e9pocas que ha visto el mundo y desde los distintos momentos de una sola existencia individual. Y volvemos a ella porque, a diferencia de lo que en ocasiones se piensa, es la obra de un hombre de acci\u00f3n, que nos ense\u00f1a a actuar, ampliando nuestro campo de visi\u00f3n y nuestra relaci\u00f3n, a veces tan estrecha y ciega, con lo que nos ocurre. De igual modo, es la obra de un pensador sereno y consciente de que esa serenidad es la condici\u00f3n imprescindible para la b\u00fasqueda de la vida buena y de las buenas decisiones, aquellas que nos acercan a la felicidad para uno mismo y a la justicia para los dem\u00e1s.<\/p>\n","protected":false},"excerpt":{"rendered":"<p>MARCO AURELIO<\/p>\n","protected":false},"featured_media":195819,"template":"","meta":{"_acf_changed":false,"om_disable_all_campaigns":false,"rs_blank_template":"","rs_page_bg_color":"","slide_template_v7":"","inline_featured_image":false,"_monsterinsights_skip_tracking":false,"_monsterinsights_sitenote_active":false,"_monsterinsights_sitenote_note":"","_monsterinsights_sitenote_category":0},"product_brand":[],"product_cat":[83],"product_tag":[],"class_list":{"0":"post-195818","1":"product","2":"type-product","3":"status-publish","4":"has-post-thumbnail","6":"product_cat-filosofia","8":"first","9":"instock","10":"taxable","11":"shipping-taxable","12":"purchasable","13":"product-type-simple"},"acf":{"autor":"MARCO AURELIO","codart":"841654453","libros-coleccion":"FUERA DE COLECCI\u00d3N","ediciones":"1","encuadernacion":"R\u00fastica","fecha_de_publicacion":"01\/11\/2017","novedad":"1","paginas":"249","subtitulo":"","orden":"0","portada":"0","idioma":"spa","editorial":[{"ID":148106,"post_author":"3","post_date":"2022-10-14 11:55:41","post_date_gmt":"2022-10-14 09:55:41","post_content":"","post_title":"ERRATA NATURAE EDITORES","post_excerpt":"","post_status":"publish","comment_status":"closed","ping_status":"closed","post_password":"","post_name":"errata-naturae-editores","to_ping":"","pinged":"","post_modified":"2022-10-14 11:55:41","post_modified_gmt":"2022-10-14 09:55:41","post_content_filtered":"","post_parent":0,"guid":"http:\/\/dev.claret.cat\/editorial\/errata-naturae-editores\/","menu_order":0,"post_type":"editorial","post_mime_type":"","comment_count":"0","filter":"raw"}],"autores-libros":[{"ID":163405,"post_author":"3","post_date":"2022-10-14 17:38:46","post_date_gmt":"2022-10-14 15:38:46","post_content":"","post_title":"MARCO AURELIO","post_excerpt":"","post_status":"publish","comment_status":"closed","ping_status":"closed","post_password":"","post_name":"marco-aurelio-2","to_ping":"","pinged":"","post_modified":"2022-10-14 17:38:46","post_modified_gmt":"2022-10-14 15:38:46","post_content_filtered":"","post_parent":0,"guid":"http:\/\/dev.claret.cat\/autor\/marco-aurelio-2\/","menu_order":0,"post_type":"autor","post_mime_type":"","comment_count":"0","filter":"raw"}]},"aioseo_notices":[],"_links":{"self":[{"href":"https:\/\/www.claret.cat\/es\/wp-json\/wp\/v2\/product\/195818","targetHints":{"allow":["GET"]}}],"collection":[{"href":"https:\/\/www.claret.cat\/es\/wp-json\/wp\/v2\/product"}],"about":[{"href":"https:\/\/www.claret.cat\/es\/wp-json\/wp\/v2\/types\/product"}],"wp:featuredmedia":[{"embeddable":true,"href":"https:\/\/www.claret.cat\/es\/wp-json\/wp\/v2\/media\/195819"}],"wp:attachment":[{"href":"https:\/\/www.claret.cat\/es\/wp-json\/wp\/v2\/media?parent=195818"}],"wp:term":[{"taxonomy":"product_brand","embeddable":true,"href":"https:\/\/www.claret.cat\/es\/wp-json\/wp\/v2\/product_brand?post=195818"},{"taxonomy":"product_cat","embeddable":true,"href":"https:\/\/www.claret.cat\/es\/wp-json\/wp\/v2\/product_cat?post=195818"},{"taxonomy":"product_tag","embeddable":true,"href":"https:\/\/www.claret.cat\/es\/wp-json\/wp\/v2\/product_tag?post=195818"}],"curies":[{"name":"wp","href":"https:\/\/api.w.org\/{rel}","templated":true}]}}