{"id":195824,"date":"2022-10-20T07:37:20","date_gmt":"2022-10-20T05:37:20","guid":{"rendered":"http:\/\/dev.claret.cat\/producte\/cuentos-tibetanos-2\/"},"modified":"2023-01-28T23:43:11","modified_gmt":"2023-01-28T22:43:11","slug":"cuentos-tibetanos-9788496112209","status":"publish","type":"product","link":"https:\/\/www.claret.cat\/es\/libro\/cuentos-tibetanos-9788496112209\/","title":{"rendered":"CUENTOS TIBETANOS"},"content":{"rendered":"<p>L a atm\u00f3sfera dos vientos con c\u00e1lidos relatos humanos y espirituales. All\u00ed donde de las cumbres m\u00e1s altas de la Tierra comparte g\u00e9lilas palabras parecen perderse en lo m\u00e1s supremo y profundo, perdura a\u00fan el conocimiento, y la sabidur\u00eda descansa en cada rinc\u00f3n. La losof\u00eda tibetana ama la calma, la paz, un estado perfecto para lograr la correcta reexi\u00f3n que nos permite interiorizar y nos conduce, a trav\u00e9s de cuentos y sencillos relatos (como los incluidos en este libro), a lo m\u00e1s hondo de nuestro ser.<br \/> La b\u00fasqueda de uno mismo jam\u00e1s se detiene. Las narraciones de esta obra y las reexiones que las acompa\u00f1an pueden suponer un simple entretenimiento, pero tambi\u00e9n un punto de inexi\u00f3n que nos haga ver el mundo desde perspectivas diferentes.<\/p>\n","protected":false},"excerpt":{"rendered":"<p>SIM, YOSANO \/ PALAO PONS, PEDRO<\/p>\n","protected":false},"featured_media":195825,"template":"","meta":{"_acf_changed":false,"om_disable_all_campaigns":false,"rs_blank_template":"","rs_page_bg_color":"","slide_template_v7":"","inline_featured_image":false,"_monsterinsights_skip_tracking":false,"_monsterinsights_sitenote_active":false,"_monsterinsights_sitenote_note":"","_monsterinsights_sitenote_category":0},"product_brand":[],"product_cat":[79,94],"product_tag":[],"class_list":{"0":"post-195824","1":"product","2":"type-product","3":"status-publish","4":"has-post-thumbnail","6":"product_cat-espiritualitat","7":"product_cat-religions","9":"first","10":"instock","11":"taxable","12":"shipping-taxable","13":"purchasable","14":"product-type-simple"},"acf":{"autor":"SIM, YOSANO \/ PALAO PONS, PEDRO","codart":"849611220","libros-coleccion":"Cuentos del mundo","ediciones":"1","encuadernacion":"R\u00fastica","fecha_de_publicacion":"01\/11\/2017","novedad":"1","paginas":"154","subtitulo":"LA ESENCIA DE LA CALMA","orden":"0","portada":"0","idioma":"spa","editorial":[{"ID":148330,"post_author":"3","post_date":"2022-10-14 11:57:24","post_date_gmt":"2022-10-14 09:57:24","post_content":"","post_title":"Karma 7","post_excerpt":"","post_status":"publish","comment_status":"closed","ping_status":"closed","post_password":"","post_name":"karma-7","to_ping":"","pinged":"","post_modified":"2022-10-14 11:57:24","post_modified_gmt":"2022-10-14 09:57:24","post_content_filtered":"","post_parent":0,"guid":"http:\/\/dev.claret.cat\/editorial\/karma-7\/","menu_order":0,"post_type":"editorial","post_mime_type":"","comment_count":"0","filter":"raw"}],"autores-libros":[{"ID":166892,"post_author":"3","post_date":"2022-10-14 18:06:53","post_date_gmt":"2022-10-14 16:06:53","post_content":"","post_title":"PEDRO PALAO PONS","post_excerpt":"","post_status":"publish","comment_status":"closed","ping_status":"closed","post_password":"","post_name":"pedro-palao-pons","to_ping":"","pinged":"","post_modified":"2022-10-14 18:06:53","post_modified_gmt":"2022-10-14 16:06:53","post_content_filtered":"","post_parent":0,"guid":"http:\/\/dev.claret.cat\/autor\/pedro-palao-pons\/","menu_order":0,"post_type":"autor","post_mime_type":"","comment_count":"0","filter":"raw"},{"ID":171602,"post_author":"3","post_date":"2022-10-14 22:44:44","post_date_gmt":"2022-10-14 20:44:44","post_content":"","post_title":"YOSANO SIM","post_excerpt":"","post_status":"publish","comment_status":"closed","ping_status":"closed","post_password":"","post_name":"yosano-sim","to_ping":"","pinged":"","post_modified":"2022-10-14 22:44:44","post_modified_gmt":"2022-10-14 20:44:44","post_content_filtered":"","post_parent":0,"guid":"http:\/\/dev.claret.cat\/autor\/yosano-sim\/","menu_order":0,"post_type":"autor","post_mime_type":"","comment_count":"0","filter":"raw"}]},"aioseo_notices":[],"_links":{"self":[{"href":"https:\/\/www.claret.cat\/es\/wp-json\/wp\/v2\/product\/195824","targetHints":{"allow":["GET"]}}],"collection":[{"href":"https:\/\/www.claret.cat\/es\/wp-json\/wp\/v2\/product"}],"about":[{"href":"https:\/\/www.claret.cat\/es\/wp-json\/wp\/v2\/types\/product"}],"wp:featuredmedia":[{"embeddable":true,"href":"https:\/\/www.claret.cat\/es\/wp-json\/wp\/v2\/media\/195825"}],"wp:attachment":[{"href":"https:\/\/www.claret.cat\/es\/wp-json\/wp\/v2\/media?parent=195824"}],"wp:term":[{"taxonomy":"product_brand","embeddable":true,"href":"https:\/\/www.claret.cat\/es\/wp-json\/wp\/v2\/product_brand?post=195824"},{"taxonomy":"product_cat","embeddable":true,"href":"https:\/\/www.claret.cat\/es\/wp-json\/wp\/v2\/product_cat?post=195824"},{"taxonomy":"product_tag","embeddable":true,"href":"https:\/\/www.claret.cat\/es\/wp-json\/wp\/v2\/product_tag?post=195824"}],"curies":[{"name":"wp","href":"https:\/\/api.w.org\/{rel}","templated":true}]}}