{"id":195854,"date":"2022-10-20T07:37:51","date_gmt":"2022-10-20T05:37:51","guid":{"rendered":"http:\/\/dev.claret.cat\/producte\/la-evolucion-del-cosmos\/"},"modified":"2025-02-04T17:30:20","modified_gmt":"2025-02-04T16:30:20","slug":"la-evolucion-del-cosmos-9788482986647","status":"publish","type":"product","link":"https:\/\/www.claret.cat\/es\/libro\/la-evolucion-del-cosmos-9788482986647\/","title":{"rendered":"LA EVOLUCI\u00d3N DEL COSMOS"},"content":{"rendered":"<p>Todas las ciencias naturales modernas giran en torno a los conceptos de cambio y evoluci\u00f3n. Curiosamente, la astrof\u00edsica ha sido de las \u00faltimas en incorporarse a esta l\u00ednea de pensamiento, pero lo ha hecho de un modo muy radical: desde mediados del siglo xx sabemos no solo que el universo se encuentra en un proceso de cambio permanente, sino que hubo un tiempo en que ni siquiera exist\u00edan las estrellas y las galaxias. El relato de lo que ha sucedido en los siete mil billones de minutos desde el nacimiento del cosmos hasta hoy, y del futuro que le espera, es tan apasionante como la historia del camino recorrido por la humanidad para alcanzar estos hallazgos..<\/p>\n","protected":false},"excerpt":{"rendered":"<p>GALADI-ENRIQUEZ , DAVID<\/p>\n","protected":false},"featured_media":195855,"template":"","meta":{"_acf_changed":false,"om_disable_all_campaigns":false,"rs_blank_template":"","rs_page_bg_color":"","slide_template_v7":"","inline_featured_image":false,"_monsterinsights_skip_tracking":false,"_monsterinsights_sitenote_active":false,"_monsterinsights_sitenote_note":"","_monsterinsights_sitenote_category":0},"product_brand":[],"product_cat":[104,554],"product_tag":[],"class_list":{"0":"post-195854","1":"product","2":"type-product","3":"status-publish","4":"has-post-thumbnail","6":"product_cat-ciencia","7":"product_cat-ciencia-5_otras-spa","9":"first","10":"instock","11":"taxable","12":"shipping-taxable","13":"purchasable","14":"product-type-simple"},"acf":{"autor":"GALADI-ENRIQUEZ , DAVID","codart":"848298664","libros-coleccion":"SUSHI BOOKS","ediciones":"1","encuadernacion":"Carton\u00e9","fecha_de_publicacion":"01\/11\/2017","novedad":"1","paginas":"151","subtitulo":"","orden":"0","portada":"0","idioma":"spa","editorial":[{"ID":148560,"post_author":"3","post_date":"2022-10-14 11:59:12","post_date_gmt":"2022-10-14 09:59:12","post_content":"","post_title":"National Geographic","post_excerpt":"","post_status":"publish","comment_status":"closed","ping_status":"closed","post_password":"","post_name":"national-geographic","to_ping":"","pinged":"","post_modified":"2022-10-14 11:59:12","post_modified_gmt":"2022-10-14 09:59:12","post_content_filtered":"","post_parent":0,"guid":"http:\/\/dev.claret.cat\/editorial\/national-geographic\/","menu_order":0,"post_type":"editorial","post_mime_type":"","comment_count":"0","filter":"raw"}],"autores-libros":[{"ID":348489,"post_author":"3","post_date":"2023-01-14 04:20:06","post_date_gmt":"2023-01-14 03:20:06","post_content":"","post_title":"DAVID GALAD\u00cd-ENR\u00cdQUEZ","post_excerpt":"","post_status":"publish","comment_status":"closed","ping_status":"closed","post_password":"","post_name":"david-galadi-enriquez","to_ping":"","pinged":"","post_modified":"2023-01-14 04:20:06","post_modified_gmt":"2023-01-14 03:20:06","post_content_filtered":"","post_parent":0,"guid":"https:\/\/www.claret.cat\/autor\/david-galadi-enriquez\/","menu_order":0,"post_type":"autor","post_mime_type":"","comment_count":"0","filter":"raw"}]},"aioseo_notices":[],"_links":{"self":[{"href":"https:\/\/www.claret.cat\/es\/wp-json\/wp\/v2\/product\/195854","targetHints":{"allow":["GET"]}}],"collection":[{"href":"https:\/\/www.claret.cat\/es\/wp-json\/wp\/v2\/product"}],"about":[{"href":"https:\/\/www.claret.cat\/es\/wp-json\/wp\/v2\/types\/product"}],"wp:featuredmedia":[{"embeddable":true,"href":"https:\/\/www.claret.cat\/es\/wp-json\/wp\/v2\/media\/195855"}],"wp:attachment":[{"href":"https:\/\/www.claret.cat\/es\/wp-json\/wp\/v2\/media?parent=195854"}],"wp:term":[{"taxonomy":"product_brand","embeddable":true,"href":"https:\/\/www.claret.cat\/es\/wp-json\/wp\/v2\/product_brand?post=195854"},{"taxonomy":"product_cat","embeddable":true,"href":"https:\/\/www.claret.cat\/es\/wp-json\/wp\/v2\/product_cat?post=195854"},{"taxonomy":"product_tag","embeddable":true,"href":"https:\/\/www.claret.cat\/es\/wp-json\/wp\/v2\/product_tag?post=195854"}],"curies":[{"name":"wp","href":"https:\/\/api.w.org\/{rel}","templated":true}]}}