{"id":196008,"date":"2022-10-20T07:40:20","date_gmt":"2022-10-20T05:40:20","guid":{"rendered":"http:\/\/dev.claret.cat\/producte\/sabor-critico\/"},"modified":"2023-01-28T18:18:04","modified_gmt":"2023-01-28T17:18:04","slug":"sabor-critico-9788423352975","status":"publish","type":"product","link":"https:\/\/www.claret.cat\/es\/libro\/sabor-critico-9788423352975\/","title":{"rendered":"SABOR CR\u00cdTICO"},"content":{"rendered":"<p>Ha transcurrido un a\u00f1o desde que asesinaron a balazos a Ferdinand Cubillo, Ferni, un reputado cr\u00edtico gastron\u00f3mico del Pa\u00eds Vasco. El subcomisario de la Ertzaintza Vicente Parra y su equipo se encargaron en su d\u00eda de interrogar a quienes pudieran haber estado relacionados con el crimen. Pero la investigaci\u00f3n ha resultado, hasta el momento, infructuosa. Aun as\u00ed, Vicente Parra no cejar\u00e1 en su empe\u00f1o por aclarar lo ocurrido en un caso que, m\u00e1s all\u00e1 de la muerte de Ferni, est\u00e1 relacionado con el misterio que se cierne sobre unos acontecimientos ocurridos hace m\u00e1s de treinta a\u00f1os.<\/p>\n<p>Parra quiere revitalizar el caso, y justo entonces se suceden otras muertes que parecen relacionadas con la de Ferdinand Cubillo. Por una parte, estos cr\u00edmenes complican la investigaci\u00f3n pero, por otra, pueden ayudar al subcomisario a resolver de una vez por todas la muerte de Ferdinand Cubillo y, sin propon\u00e9rselo, a descubrir un misterio que hab\u00eda permanecido oculto durante casi cuarenta a\u00f1os.<\/p>\n","protected":false},"excerpt":{"rendered":"<p>GUTI\u00c9RREZ, XABIER<\/p>\n","protected":false},"featured_media":196009,"template":"","meta":{"_acf_changed":false,"om_disable_all_campaigns":false,"rs_blank_template":"","rs_page_bg_color":"","slide_template_v7":"","inline_featured_image":false,"_monsterinsights_skip_tracking":false,"_monsterinsights_sitenote_active":false,"_monsterinsights_sitenote_note":"","_monsterinsights_sitenote_category":0},"product_brand":[],"product_cat":[87],"product_tag":[],"class_list":{"0":"post-196008","1":"product","2":"type-product","3":"status-publish","4":"has-post-thumbnail","6":"product_cat-literatura","8":"first","9":"instock","10":"taxable","11":"shipping-taxable","12":"purchasable","13":"product-type-simple"},"acf":{"autor":"GUTI\u00c9RREZ, XABIER","codart":"842335297","libros-coleccion":"Volumen independiente","ediciones":"1","encuadernacion":"R\u00fastica","fecha_de_publicacion":"01\/11\/2017","novedad":"1","paginas":"512","subtitulo":"","orden":"0","portada":"0","idioma":"spa","editorial":[{"ID":147498,"post_author":"3","post_date":"2022-10-14 11:51:02","post_date_gmt":"2022-10-14 09:51:02","post_content":"","post_title":"Austral","post_excerpt":"","post_status":"publish","comment_status":"closed","ping_status":"closed","post_password":"","post_name":"austral","to_ping":"","pinged":"","post_modified":"2022-10-14 11:51:02","post_modified_gmt":"2022-10-14 09:51:02","post_content_filtered":"","post_parent":0,"guid":"http:\/\/dev.claret.cat\/editorial\/austral\/","menu_order":0,"post_type":"editorial","post_mime_type":"","comment_count":"0","filter":"raw"}],"autores-libros":[{"ID":171374,"post_author":"3","post_date":"2022-10-14 22:42:53","post_date_gmt":"2022-10-14 20:42:53","post_content":"","post_title":"XABIER GUTIERREZ","post_excerpt":"","post_status":"publish","comment_status":"closed","ping_status":"closed","post_password":"","post_name":"xabier-gutierrez","to_ping":"","pinged":"","post_modified":"2022-10-14 22:42:53","post_modified_gmt":"2022-10-14 20:42:53","post_content_filtered":"","post_parent":0,"guid":"http:\/\/dev.claret.cat\/autor\/xabier-gutierrez\/","menu_order":0,"post_type":"autor","post_mime_type":"","comment_count":"0","filter":"raw"}]},"aioseo_notices":[],"_links":{"self":[{"href":"https:\/\/www.claret.cat\/es\/wp-json\/wp\/v2\/product\/196008","targetHints":{"allow":["GET"]}}],"collection":[{"href":"https:\/\/www.claret.cat\/es\/wp-json\/wp\/v2\/product"}],"about":[{"href":"https:\/\/www.claret.cat\/es\/wp-json\/wp\/v2\/types\/product"}],"wp:featuredmedia":[{"embeddable":true,"href":"https:\/\/www.claret.cat\/es\/wp-json\/wp\/v2\/media\/196009"}],"wp:attachment":[{"href":"https:\/\/www.claret.cat\/es\/wp-json\/wp\/v2\/media?parent=196008"}],"wp:term":[{"taxonomy":"product_brand","embeddable":true,"href":"https:\/\/www.claret.cat\/es\/wp-json\/wp\/v2\/product_brand?post=196008"},{"taxonomy":"product_cat","embeddable":true,"href":"https:\/\/www.claret.cat\/es\/wp-json\/wp\/v2\/product_cat?post=196008"},{"taxonomy":"product_tag","embeddable":true,"href":"https:\/\/www.claret.cat\/es\/wp-json\/wp\/v2\/product_tag?post=196008"}],"curies":[{"name":"wp","href":"https:\/\/api.w.org\/{rel}","templated":true}]}}