{"id":196032,"date":"2022-10-20T07:40:44","date_gmt":"2022-10-20T05:40:44","guid":{"rendered":"http:\/\/dev.claret.cat\/producte\/por-fin-vas-a-ordenar-tu-casa\/"},"modified":"2023-01-28T21:39:02","modified_gmt":"2023-01-28T20:39:02","slug":"por-fin-vas-a-ordenar-tu-casa-9788427043534","status":"publish","type":"product","link":"https:\/\/www.claret.cat\/es\/libro\/por-fin-vas-a-ordenar-tu-casa-9788427043534\/","title":{"rendered":"POR FIN VAS A ORDENAR TU CASA"},"content":{"rendered":"<p>Imag\u00ednate c\u00f3mo te gustar\u00eda sentirte al\u00a0llegar a tu casa cada d\u00eda. Imag\u00ednate vivir\u00a0un d\u00eda a d\u00eda organizado, disfrutando de\u00a0calma y serenidad al realizar las tareas\u00a0m\u00e1s cotidianas. Visualiza c\u00f3mo querr\u00edas\u00a0que fuera el momento de despertarte por\u00a0la ma\u00f1ana, cuando te arreglas, cuando\u00a0desayunas, cuando planificas tu trabajo,\u00a0cuando cocinas, cuando te ocupas de la\u00a0ropa, cuando ayudas a tus hijos en sus tareas.\u00a0Visualiza, como si fuera una pel\u00edcula\u00a0ideal en la que t\u00fa eres la protagonista,\u00a0c\u00f3mo te gustar\u00eda que transcurriera tu d\u00eda\u00a0a d\u00eda en casa.<\/p>\n<p>Por fin vas a ordenar tu casa te da unas\u00a0pautas muy pr\u00e1cticas y claras para organizar\u00a0tu hogar, cambiar rutinas y crear\u00a0h\u00e1bitos nuevos que nos ayudar\u00e1n a vivir\u00a0el d\u00eda a d\u00eda con mayor bienestar. Con una<br \/>perspectiva diferente, aprender\u00e1s c\u00f3mo\u00a0ser m\u00e1s productiva en casa, c\u00f3mo ordenar\u00a0cada una de las zonas para poder llevar a cabo en ellas esas rutinas con naturalidad y eficacia y as\u00ed vivir tu presente con la m\u00e1xima plenitud.<\/p>\n","protected":false},"excerpt":{"rendered":"<p>COMABELLA, ELISABETH \/ LLORENS, SILVIA<\/p>\n","protected":false},"featured_media":196033,"template":"","meta":{"_acf_changed":false,"om_disable_all_campaigns":false,"rs_blank_template":"","rs_page_bg_color":"","slide_template_v7":"","inline_featured_image":false,"_monsterinsights_skip_tracking":false,"_monsterinsights_sitenote_active":false,"_monsterinsights_sitenote_note":"","_monsterinsights_sitenote_category":0},"product_brand":[],"product_cat":[81],"product_tag":[],"class_list":{"0":"post-196032","1":"product","2":"type-product","3":"status-publish","4":"has-post-thumbnail","6":"product_cat-psicologia","8":"first","9":"instock","10":"taxable","11":"shipping-taxable","12":"purchasable","13":"product-type-simple"},"acf":{"autor":"COMABELLA, ELISABETH \/ LLORENS, SILVIA","codart":"842704353","libros-coleccion":"FUERA DE COLECCI\u00d3N","ediciones":"1","encuadernacion":"R\u00fastica","fecha_de_publicacion":"01\/11\/2017","novedad":"1","paginas":"216","subtitulo":"EL M\u00c9TODO QUE CAMBIAR\u00c1 TU HOGAR Y TU VIDA","orden":"0","portada":"0","idioma":"spa"},"aioseo_notices":[],"_links":{"self":[{"href":"https:\/\/www.claret.cat\/es\/wp-json\/wp\/v2\/product\/196032","targetHints":{"allow":["GET"]}}],"collection":[{"href":"https:\/\/www.claret.cat\/es\/wp-json\/wp\/v2\/product"}],"about":[{"href":"https:\/\/www.claret.cat\/es\/wp-json\/wp\/v2\/types\/product"}],"wp:featuredmedia":[{"embeddable":true,"href":"https:\/\/www.claret.cat\/es\/wp-json\/wp\/v2\/media\/196033"}],"wp:attachment":[{"href":"https:\/\/www.claret.cat\/es\/wp-json\/wp\/v2\/media?parent=196032"}],"wp:term":[{"taxonomy":"product_brand","embeddable":true,"href":"https:\/\/www.claret.cat\/es\/wp-json\/wp\/v2\/product_brand?post=196032"},{"taxonomy":"product_cat","embeddable":true,"href":"https:\/\/www.claret.cat\/es\/wp-json\/wp\/v2\/product_cat?post=196032"},{"taxonomy":"product_tag","embeddable":true,"href":"https:\/\/www.claret.cat\/es\/wp-json\/wp\/v2\/product_tag?post=196032"}],"curies":[{"name":"wp","href":"https:\/\/api.w.org\/{rel}","templated":true}]}}