{"id":196182,"date":"2022-10-20T07:43:18","date_gmt":"2022-10-20T05:43:18","guid":{"rendered":"http:\/\/dev.claret.cat\/producte\/carmen\/"},"modified":"2023-01-28T20:01:15","modified_gmt":"2023-01-28T19:01:15","slug":"carmen-9788414009475","status":"publish","type":"product","link":"https:\/\/www.claret.cat\/es\/libro\/carmen-9788414009475\/","title":{"rendered":"CARMEN"},"content":{"rendered":"<p>En 1845, el franc\u00e9s Prosper Merim\u00e9e escribi\u00f3 esta novela rom\u00e1ntica en la que se retrata su visi\u00f3n de la Espa\u00f1a de la \u00e9poca, costumbrista y ex\u00f3tica, y se relatan los amores tr\u00e1gicos y pasionales de una cigarrera gitana, un bandolero y un torero. La fama de Carmen, su protagonista femenina, se har\u00eda universal gracias a la \u00f3pera de George Bizet, y se convertir\u00eda en todo un mito de la mujer fatal, libre y seductora, capaz de arrastrar a la perdici\u00f3n a quienes la rodean.<\/p>\n","protected":false},"excerpt":{"rendered":"<p>M\u00c8RIM\u00c9E PROSPER  LACOMBE BENJAMIN (IL.)<\/p>\n","protected":false},"featured_media":196183,"template":"","meta":{"_acf_changed":false,"om_disable_all_campaigns":false,"rs_blank_template":"","rs_page_bg_color":"","slide_template_v7":"","inline_featured_image":false,"_monsterinsights_skip_tracking":false,"_monsterinsights_sitenote_active":false,"_monsterinsights_sitenote_note":"","_monsterinsights_sitenote_category":0},"product_brand":[],"product_cat":[86],"product_tag":[],"class_list":{"0":"post-196182","1":"product","2":"type-product","3":"status-publish","4":"has-post-thumbnail","6":"product_cat-infantil","8":"first","9":"instock","10":"taxable","11":"shipping-taxable","12":"purchasable","13":"product-type-simple"},"acf":{"autor":"M\u00c8RIM\u00c9E PROSPER  LACOMBE BENJAMIN (IL.)","codart":"841400947","libros-coleccion":"","ediciones":"1","encuadernacion":"Carton\u00e9","fecha_de_publicacion":"01\/11\/2017","novedad":"1","paginas":"0","subtitulo":"","orden":"0","portada":"0","idioma":"spa","editorial":[{"ID":6229,"post_author":"3","post_date":"2022-07-28 17:47:40","post_date_gmt":"2022-07-28 15:47:40","post_content":"","post_title":"Editorial Luis Vives (Edelvives)","post_excerpt":"","post_status":"publish","comment_status":"closed","ping_status":"closed","post_password":"","post_name":"editorial-luis-vives-edelvives","to_ping":"","pinged":"","post_modified":"2022-07-28 17:47:40","post_modified_gmt":"2022-07-28 15:47:40","post_content_filtered":"","post_parent":0,"guid":"http:\/\/dev.claret.cat\/editorial\/editorial-luis-vives-edelvives\/","menu_order":0,"post_type":"editorial","post_mime_type":"","comment_count":"0","filter":"raw"}],"autores-libros":[{"ID":167430,"post_author":"3","post_date":"2022-10-14 18:11:08","post_date_gmt":"2022-10-14 16:11:08","post_content":"","post_title":"PROSPER MERIMEE","post_excerpt":"","post_status":"publish","comment_status":"closed","ping_status":"closed","post_password":"","post_name":"prosper-merimee","to_ping":"","pinged":"","post_modified":"2022-10-14 18:11:08","post_modified_gmt":"2022-10-14 16:11:08","post_content_filtered":"","post_parent":0,"guid":"http:\/\/dev.claret.cat\/autor\/prosper-merimee\/","menu_order":0,"post_type":"autor","post_mime_type":"","comment_count":"0","filter":"raw"}]},"aioseo_notices":[],"_links":{"self":[{"href":"https:\/\/www.claret.cat\/es\/wp-json\/wp\/v2\/product\/196182","targetHints":{"allow":["GET"]}}],"collection":[{"href":"https:\/\/www.claret.cat\/es\/wp-json\/wp\/v2\/product"}],"about":[{"href":"https:\/\/www.claret.cat\/es\/wp-json\/wp\/v2\/types\/product"}],"wp:featuredmedia":[{"embeddable":true,"href":"https:\/\/www.claret.cat\/es\/wp-json\/wp\/v2\/media\/196183"}],"wp:attachment":[{"href":"https:\/\/www.claret.cat\/es\/wp-json\/wp\/v2\/media?parent=196182"}],"wp:term":[{"taxonomy":"product_brand","embeddable":true,"href":"https:\/\/www.claret.cat\/es\/wp-json\/wp\/v2\/product_brand?post=196182"},{"taxonomy":"product_cat","embeddable":true,"href":"https:\/\/www.claret.cat\/es\/wp-json\/wp\/v2\/product_cat?post=196182"},{"taxonomy":"product_tag","embeddable":true,"href":"https:\/\/www.claret.cat\/es\/wp-json\/wp\/v2\/product_tag?post=196182"}],"curies":[{"name":"wp","href":"https:\/\/api.w.org\/{rel}","templated":true}]}}