{"id":196314,"date":"2022-10-20T07:45:36","date_gmt":"2022-10-20T05:45:36","guid":{"rendered":"http:\/\/dev.claret.cat\/producte\/viva-el-latin\/"},"modified":"2023-01-28T05:59:49","modified_gmt":"2023-01-28T04:59:49","slug":"viva-el-latin-9788417067465","status":"publish","type":"product","link":"https:\/\/www.claret.cat\/es\/libro\/viva-el-latin-9788417067465\/","title":{"rendered":"\u00a1VIVA EL LAT\u00cdN!"},"content":{"rendered":"<p>\u00bfEs el lat\u00edn una lengua in\u00fatil, como lo sugiere que se la haya marginado en la educaci\u00f3n? Nicola Gardini, profesor de la Universidad de Oxford, nos descubre la trascendencia de la lengua que fue la base de la civilizaci\u00f3n que construy\u00f3 Europa y en la que \u00abest\u00e1n escritos los secretos de nuestra identidad\u00bb. El lat\u00edn es, adem\u00e1s, la puerta de acceso a los tesoros de una literatura en que la lengua es un elemento indispensable para captar unos valores que se pierden irremediablemente en una traducci\u00f3n. Gardini nos ofrece, por ello, una gu\u00eda personal y viv\u00edda de la literatura latina, de Catulo a San Agust\u00edn, pasando por Cicer\u00f3n, T\u00e1cito, Virgilio, Lucrecio o S\u00e9neca, en la que utiliza breves textos que, con la ayuda de su traducci\u00f3n y de sus comentarios, podemos disfrutar, sin necesidad de recurrir a gram\u00e1ticas o diccionarios. Un viaje de descubrimiento por las obras maestras de la literatura de la antigua Roma.<\/p>\n","protected":false},"excerpt":{"rendered":"<p>GARDINI, NICOLA<\/p>\n","protected":false},"featured_media":196315,"template":"","meta":{"_acf_changed":false,"om_disable_all_campaigns":false,"rs_blank_template":"","rs_page_bg_color":"","slide_template_v7":"","inline_featured_image":false,"_monsterinsights_skip_tracking":false,"_monsterinsights_sitenote_active":false,"_monsterinsights_sitenote_note":"","_monsterinsights_sitenote_category":0},"product_brand":[],"product_cat":[98,87],"product_tag":[],"class_list":{"0":"post-196314","1":"product","2":"type-product","3":"status-publish","4":"has-post-thumbnail","6":"product_cat-diccionaris","7":"product_cat-literatura","9":"first","10":"instock","11":"taxable","12":"shipping-taxable","13":"purchasable","14":"product-type-simple"},"acf":{"autor":"GARDINI, NICOLA","codart":"841706746","libros-coleccion":"Ares y Mares","ediciones":"1","encuadernacion":"Carton\u00e9","fecha_de_publicacion":"01\/11\/2017","novedad":"1","paginas":"240","subtitulo":"HISTORIAS Y BELLEZA DE UNA LENGUA IN\u00daTIL","orden":"0","portada":"0","idioma":"spa","editorial":[{"ID":147952,"post_author":"3","post_date":"2022-10-14 11:54:29","post_date_gmt":"2022-10-14 09:54:29","post_content":"","post_title":"EDITORIAL CRITICA","post_excerpt":"","post_status":"publish","comment_status":"closed","ping_status":"closed","post_password":"","post_name":"editorial-critica","to_ping":"","pinged":"","post_modified":"2022-10-14 11:54:29","post_modified_gmt":"2022-10-14 09:54:29","post_content_filtered":"","post_parent":0,"guid":"http:\/\/dev.claret.cat\/editorial\/editorial-critica\/","menu_order":0,"post_type":"editorial","post_mime_type":"","comment_count":"0","filter":"raw"}]},"aioseo_notices":[],"_links":{"self":[{"href":"https:\/\/www.claret.cat\/es\/wp-json\/wp\/v2\/product\/196314","targetHints":{"allow":["GET"]}}],"collection":[{"href":"https:\/\/www.claret.cat\/es\/wp-json\/wp\/v2\/product"}],"about":[{"href":"https:\/\/www.claret.cat\/es\/wp-json\/wp\/v2\/types\/product"}],"wp:featuredmedia":[{"embeddable":true,"href":"https:\/\/www.claret.cat\/es\/wp-json\/wp\/v2\/media\/196315"}],"wp:attachment":[{"href":"https:\/\/www.claret.cat\/es\/wp-json\/wp\/v2\/media?parent=196314"}],"wp:term":[{"taxonomy":"product_brand","embeddable":true,"href":"https:\/\/www.claret.cat\/es\/wp-json\/wp\/v2\/product_brand?post=196314"},{"taxonomy":"product_cat","embeddable":true,"href":"https:\/\/www.claret.cat\/es\/wp-json\/wp\/v2\/product_cat?post=196314"},{"taxonomy":"product_tag","embeddable":true,"href":"https:\/\/www.claret.cat\/es\/wp-json\/wp\/v2\/product_tag?post=196314"}],"curies":[{"name":"wp","href":"https:\/\/api.w.org\/{rel}","templated":true}]}}