{"id":196563,"date":"2022-10-20T07:50:07","date_gmt":"2022-10-20T05:50:07","guid":{"rendered":"http:\/\/dev.claret.cat\/producte\/la-historia-de-hobbyconsolas-vol-ii\/"},"modified":"2023-01-28T16:36:45","modified_gmt":"2023-01-28T15:36:45","slug":"la-historia-de-hobbyconsolas-vol-ii-9788441438064","status":"publish","type":"product","link":"https:\/\/www.claret.cat\/es\/libro\/la-historia-de-hobbyconsolas-vol-ii-9788441438064\/","title":{"rendered":"LA HISTORIA DE HOBBYCONSOLAS (VOL. II)"},"content":{"rendered":"<p>Tras la gran acogida que tuvo La historia de Hobby Consolas,<br \/> esta segunda parte vuelve a proponernos un recorrido<br \/> por la historia de las videoconsolas de la mano de la revista<br \/> de videojuegos m\u00e1s conocida de nuestro pa\u00eds. Si el primer<br \/> volumen se centraba en el periodo que vio el nacimiento y la<br \/> consolidaci\u00f3n de esta forma de entretenimiento, su<br \/> continuaci\u00f3n nos acerca la evoluci\u00f3n de las consolas desde<br \/> 2002 hasta nuestros d\u00edas, constituyendo hoy la forma<br \/> preferida de ocio audiovisual en nuestro pa\u00eds, por encima del<br \/> cine o la m\u00fasica.<br \/> Por las p\u00e1ginas del libro desfilan m\u00e1quinas tan importantes<br \/> como PlayStation 2, Wii o Nintendo DS, que lograron que las<br \/> consolas se expandieran entre todo tipo de p\u00fablico. Junto a<br \/> ellas vinieron t\u00edtulos tan conocidos como Grand Theft Auto,<br \/> Uncharted o Pok\u00e9mon, y nuevos cap\u00edtulos de sagas m\u00edticas<br \/> como Metal Gear Solid, Super Mario, Final Fantasy o<br \/> Resident Evil. Una apasionante historia de \u00e9xito contada de<br \/> primera mano por los redactores de Hobby Consolas, con el<br \/> estilo ameno y desenfadado que siempre la ha caracterizado.<\/p>\n","protected":false},"excerpt":{"rendered":"<p>MART\u00cdNEZ, DAVID \/ QUESADA, DANIEL \/ LLORET, ALBERTO \/ AZNAR, RAFAEL \/ ALCOLEA, <\/p>\n","protected":false},"featured_media":372441,"template":"","meta":{"_acf_changed":false,"om_disable_all_campaigns":false,"rs_blank_template":"","rs_page_bg_color":"","slide_template_v7":"","inline_featured_image":false,"_monsterinsights_skip_tracking":false,"_monsterinsights_sitenote_active":false,"_monsterinsights_sitenote_note":"","_monsterinsights_sitenote_category":0},"product_brand":[],"product_cat":[558,108,105,555],"product_tag":[],"class_list":{"0":"post-196563","1":"product","2":"type-product","3":"status-publish","4":"has-post-thumbnail","6":"product_cat-comic-3_infantil-juvenil-spa-spa","7":"product_cat-comic","8":"product_cat-regal","9":"product_cat-regalo","11":"first","12":"instock","13":"taxable","14":"shipping-taxable","15":"purchasable","16":"product-type-simple"},"acf":{"autor":"MART\u00cdNEZ, DAVID \/ QUESADA, DANIEL \/ LLORET, ALBERTO \/ AZNAR, RAFAEL \/ ALCOLEA, ","codart":"844143806","libros-coleccion":"FORA DE COL.LECCI\u00d3","ediciones":"1","encuadernacion":"Carton\u00e9","fecha_de_publicacion":"01\/11\/2017","novedad":"1","paginas":"254","subtitulo":"DE PLAYSTATION 2 A NINTENDO SWITCH","orden":"0","portada":"0","idioma":"spa","autores-libros":[{"ID":262949,"post_author":"3","post_date":"2022-12-01 11:10:03","post_date_gmt":"2022-12-01 10:10:03","post_content":"","post_title":"ALBERTO LLORET","post_excerpt":"","post_status":"publish","comment_status":"closed","ping_status":"closed","post_password":"","post_name":"alberto-lloret","to_ping":"","pinged":"","post_modified":"2022-12-01 11:10:03","post_modified_gmt":"2022-12-01 10:10:03","post_content_filtered":"","post_parent":0,"guid":"http:\/\/dev.claret.cat\/autor\/alberto-lloret\/","menu_order":0,"post_type":"autor","post_mime_type":"","comment_count":"0","filter":"raw"},{"ID":372440,"post_author":"3","post_date":"2023-01-18 14:52:06","post_date_gmt":"2023-01-18 13:52:06","post_content":"","post_title":"RAFAEL AZNAR","post_excerpt":"","post_status":"publish","comment_status":"closed","ping_status":"closed","post_password":"","post_name":"rafael-aznar","to_ping":"","pinged":"","post_modified":"2023-01-18 14:52:06","post_modified_gmt":"2023-01-18 13:52:06","post_content_filtered":"","post_parent":0,"guid":"https:\/\/www.claret.cat\/autor\/rafael-aznar\/","menu_order":0,"post_type":"autor","post_mime_type":"","comment_count":"0","filter":"raw"},{"ID":262980,"post_author":"3","post_date":"2022-12-01 11:10:21","post_date_gmt":"2022-12-01 10:10:21","post_content":"","post_title":"ALCOLEA","post_excerpt":"","post_status":"publish","comment_status":"closed","ping_status":"closed","post_password":"","post_name":"alcolea","to_ping":"","pinged":"","post_modified":"2022-12-01 11:10:21","post_modified_gmt":"2022-12-01 10:10:21","post_content_filtered":"","post_parent":0,"guid":"http:\/\/dev.claret.cat\/autor\/alcolea\/","menu_order":0,"post_type":"autor","post_mime_type":"","comment_count":"0","filter":"raw"},{"ID":5390,"post_author":"3","post_date":"2022-07-28 17:22:57","post_date_gmt":"2022-07-28 15:22:57","post_content":"","post_title":"DAVID MARTINEZ","post_excerpt":"","post_status":"publish","comment_status":"closed","ping_status":"closed","post_password":"","post_name":"david-martinez","to_ping":"","pinged":"","post_modified":"2022-07-28 17:22:57","post_modified_gmt":"2022-07-28 15:22:57","post_content_filtered":"","post_parent":0,"guid":"http:\/\/dev.claret.cat\/autor\/david-martinez\/","menu_order":0,"post_type":"autor","post_mime_type":"","comment_count":"0","filter":"raw"},{"ID":372439,"post_author":"3","post_date":"2023-01-18 14:52:05","post_date_gmt":"2023-01-18 13:52:05","post_content":"","post_title":"DANIEL QUESADA","post_excerpt":"","post_status":"publish","comment_status":"closed","ping_status":"closed","post_password":"","post_name":"daniel-quesada","to_ping":"","pinged":"","post_modified":"2023-01-18 14:52:05","post_modified_gmt":"2023-01-18 13:52:05","post_content_filtered":"","post_parent":0,"guid":"https:\/\/www.claret.cat\/autor\/daniel-quesada\/","menu_order":0,"post_type":"autor","post_mime_type":"","comment_count":"0","filter":"raw"}],"editorial":[{"ID":262048,"post_author":"3","post_date":"2022-10-24 11:19:15","post_date_gmt":"2022-10-24 09:19:15","post_content":"","post_title":"Editorial Edaf","post_excerpt":"","post_status":"publish","comment_status":"closed","ping_status":"closed","post_password":"","post_name":"editorial-edaf","to_ping":"","pinged":"","post_modified":"2022-10-24 11:19:15","post_modified_gmt":"2022-10-24 09:19:15","post_content_filtered":"","post_parent":0,"guid":"http:\/\/dev.claret.cat\/editorial\/editorial-edaf\/","menu_order":0,"post_type":"editorial","post_mime_type":"","comment_count":"0","filter":"raw"}]},"aioseo_notices":[],"_links":{"self":[{"href":"https:\/\/www.claret.cat\/es\/wp-json\/wp\/v2\/product\/196563","targetHints":{"allow":["GET"]}}],"collection":[{"href":"https:\/\/www.claret.cat\/es\/wp-json\/wp\/v2\/product"}],"about":[{"href":"https:\/\/www.claret.cat\/es\/wp-json\/wp\/v2\/types\/product"}],"wp:featuredmedia":[{"embeddable":true,"href":"https:\/\/www.claret.cat\/es\/wp-json\/wp\/v2\/media\/372441"}],"wp:attachment":[{"href":"https:\/\/www.claret.cat\/es\/wp-json\/wp\/v2\/media?parent=196563"}],"wp:term":[{"taxonomy":"product_brand","embeddable":true,"href":"https:\/\/www.claret.cat\/es\/wp-json\/wp\/v2\/product_brand?post=196563"},{"taxonomy":"product_cat","embeddable":true,"href":"https:\/\/www.claret.cat\/es\/wp-json\/wp\/v2\/product_cat?post=196563"},{"taxonomy":"product_tag","embeddable":true,"href":"https:\/\/www.claret.cat\/es\/wp-json\/wp\/v2\/product_tag?post=196563"}],"curies":[{"name":"wp","href":"https:\/\/api.w.org\/{rel}","templated":true}]}}