{"id":196632,"date":"2022-10-20T07:51:21","date_gmt":"2022-10-20T05:51:21","guid":{"rendered":"http:\/\/dev.claret.cat\/producte\/autoestima\/"},"modified":"2023-01-28T13:34:28","modified_gmt":"2023-01-28T12:34:28","slug":"autoestima-9788417030582","status":"publish","type":"product","link":"https:\/\/www.claret.cat\/es\/libro\/autoestima-9788417030582\/","title":{"rendered":"AUTOESTIMA"},"content":{"rendered":"<p>Si buscas formas positivas y efectivas de desarrollar un sano sentido de la autoestima, esta ser\u00e1 tu gu\u00eda de referencia. Es la cuarta edici\u00f3n del cl\u00e1sico m\u00e1s vendido de Matthew McKay, revisada y actualizada. Presenta una aplicaci\u00f3n innovadora de la terapia de aceptaci\u00f3n y compromiso para la autoestima y utiliza la terapia cognitiva conductual para crear un cambio positivo que nos ayude a prosperar. Adem\u00e1s contiene nuevos cap\u00edtulos sobre c\u00f3mo cultivar la compasi\u00f3n, el perd\u00f3n y el amor incondicional e informaci\u00f3n de vanguardia sobre la plasticidad cerebral y c\u00f3mo el sue\u00f1o, el ejercicio y la nutrici\u00f3n afectan a la autoestima. Aprender\u00e1 c\u00f3mo diferenciar entre la autoestima saludable y la no saludable, c\u00f3mo descubrir y analizar declaraciones personales negativas, y c\u00f3mo crear auto declaraciones nuevas, m\u00e1s objetivas y positivas para apoyar su autoestima.<\/p>\n","protected":false},"excerpt":{"rendered":"<p>MCKAY, MATTHEW \/ FANNING, PATRICK<\/p>\n","protected":false},"featured_media":196633,"template":"","meta":{"_acf_changed":false,"om_disable_all_campaigns":false,"rs_blank_template":"","rs_page_bg_color":"","slide_template_v7":"","inline_featured_image":false,"_monsterinsights_skip_tracking":false,"_monsterinsights_sitenote_active":false,"_monsterinsights_sitenote_note":"","_monsterinsights_sitenote_category":0},"product_brand":[],"product_cat":[81],"product_tag":[],"class_list":{"0":"post-196632","1":"product","2":"type-product","3":"status-publish","4":"has-post-thumbnail","6":"product_cat-psicologia","8":"first","9":"instock","10":"taxable","11":"shipping-taxable","12":"purchasable","13":"product-type-simple"},"acf":{"autor":"MCKAY, MATTHEW \/ FANNING, PATRICK","codart":"841703058","libros-coleccion":"SUSHI BOOKS","ediciones":"1","encuadernacion":"R\u00fastica","fecha_de_publicacion":"01\/11\/2017","novedad":"1","paginas":"450","subtitulo":"","orden":"0","portada":"0","idioma":"spa","autores-libros":[{"ID":164483,"post_author":"3","post_date":"2022-10-14 17:47:26","post_date_gmt":"2022-10-14 15:47:26","post_content":"","post_title":"MATTHEW MCKAY","post_excerpt":"","post_status":"publish","comment_status":"closed","ping_status":"closed","post_password":"","post_name":"matthew-mckay","to_ping":"","pinged":"","post_modified":"2022-10-14 17:47:26","post_modified_gmt":"2022-10-14 15:47:26","post_content_filtered":"","post_parent":0,"guid":"http:\/\/dev.claret.cat\/autor\/matthew-mckay\/","menu_order":0,"post_type":"autor","post_mime_type":"","comment_count":"0","filter":"raw"}]},"aioseo_notices":[],"_links":{"self":[{"href":"https:\/\/www.claret.cat\/es\/wp-json\/wp\/v2\/product\/196632","targetHints":{"allow":["GET"]}}],"collection":[{"href":"https:\/\/www.claret.cat\/es\/wp-json\/wp\/v2\/product"}],"about":[{"href":"https:\/\/www.claret.cat\/es\/wp-json\/wp\/v2\/types\/product"}],"wp:featuredmedia":[{"embeddable":true,"href":"https:\/\/www.claret.cat\/es\/wp-json\/wp\/v2\/media\/196633"}],"wp:attachment":[{"href":"https:\/\/www.claret.cat\/es\/wp-json\/wp\/v2\/media?parent=196632"}],"wp:term":[{"taxonomy":"product_brand","embeddable":true,"href":"https:\/\/www.claret.cat\/es\/wp-json\/wp\/v2\/product_brand?post=196632"},{"taxonomy":"product_cat","embeddable":true,"href":"https:\/\/www.claret.cat\/es\/wp-json\/wp\/v2\/product_cat?post=196632"},{"taxonomy":"product_tag","embeddable":true,"href":"https:\/\/www.claret.cat\/es\/wp-json\/wp\/v2\/product_tag?post=196632"}],"curies":[{"name":"wp","href":"https:\/\/api.w.org\/{rel}","templated":true}]}}