{"id":196689,"date":"2022-10-20T07:52:21","date_gmt":"2022-10-20T05:52:21","guid":{"rendered":"http:\/\/dev.claret.cat\/producte\/els-supertafaners-xxl\/"},"modified":"2023-01-28T14:19:32","modified_gmt":"2023-01-28T13:19:32","slug":"els-supertafaners-xxl-9788499742656","status":"publish","type":"product","link":"https:\/\/www.claret.cat\/es\/libro\/els-supertafaners-xxl-9788499742656\/","title":{"rendered":"ELS SUPERTAFANERS XXL"},"content":{"rendered":"<p>Diuen els savis m\u00e9s savis que no hem d&#8217;anar mai a dormir sense haver-nos fet, com a m\u00ednim, una pregunta; que sempre hem d&#8217;intentar aprendre alguna cosa m\u00e9s.<br \/>Per ajudar-vos en aquesta interessant tasca, els Supertafaners proposen una pregunta per a cada dia de l&#8217;any, amb la seva corresponent resposta, per tal que a partir d&#8217;elles us plantegeu infinites noves preguntes.<br \/>Aquest llibre tan enorme, tan XXL, est\u00e0 pensat perqu\u00e8 petits i grans s&#8217;asseguin al seu voltant, passin les seves p\u00e0gines, les comparteixin i gaudeixin amb els dibuixos. Aix\u00ed, la curiositat, que \u00e9s la font del coneixement, brollar\u00e0 sense adonar-nos-en.<\/p>\n","protected":false},"excerpt":{"rendered":"<p>VOX<\/p>\n","protected":false},"featured_media":196690,"template":"","meta":{"_acf_changed":false,"om_disable_all_campaigns":false,"rs_blank_template":"","rs_page_bg_color":"","slide_template_v7":"","inline_featured_image":false,"_monsterinsights_skip_tracking":false,"_monsterinsights_sitenote_active":false,"_monsterinsights_sitenote_note":"","_monsterinsights_sitenote_category":0},"product_brand":[],"product_cat":[86],"product_tag":[],"class_list":{"0":"post-196689","1":"product","2":"type-product","3":"status-publish","4":"has-post-thumbnail","6":"product_cat-infantil","8":"first","9":"instock","10":"taxable","11":"shipping-taxable","12":"purchasable","13":"product-type-simple"},"acf":{"autor":"VOX","codart":"849974265","libros-coleccion":"SUSHI BOOKS","ediciones":"1","encuadernacion":"Carton\u00e9","fecha_de_publicacion":"01\/11\/2017","novedad":"1","paginas":"107","subtitulo":"365 PREGUNTES PER ACTIVAS LES NEURONES","orden":"0","portada":"0","idioma":"cat","editorial":[{"ID":6393,"post_author":"3","post_date":"2022-07-28 17:51:11","post_date_gmt":"2022-07-28 15:51:11","post_content":"","post_title":"VOX","post_excerpt":"","post_status":"publish","comment_status":"closed","ping_status":"closed","post_password":"","post_name":"vox","to_ping":"","pinged":"","post_modified":"2022-07-28 17:51:11","post_modified_gmt":"2022-07-28 15:51:11","post_content_filtered":"","post_parent":0,"guid":"http:\/\/dev.claret.cat\/editorial\/vox\/","menu_order":0,"post_type":"editorial","post_mime_type":"","comment_count":"0","filter":"raw"}],"autores-libros":[{"ID":171198,"post_author":"3","post_date":"2022-10-14 22:41:28","post_date_gmt":"2022-10-14 20:41:28","post_content":"","post_title":"VOX","post_excerpt":"","post_status":"publish","comment_status":"closed","ping_status":"closed","post_password":"","post_name":"vox","to_ping":"","pinged":"","post_modified":"2022-10-14 22:41:28","post_modified_gmt":"2022-10-14 20:41:28","post_content_filtered":"","post_parent":0,"guid":"http:\/\/dev.claret.cat\/autor\/vox\/","menu_order":0,"post_type":"autor","post_mime_type":"","comment_count":"0","filter":"raw"}]},"aioseo_notices":[],"_links":{"self":[{"href":"https:\/\/www.claret.cat\/es\/wp-json\/wp\/v2\/product\/196689","targetHints":{"allow":["GET"]}}],"collection":[{"href":"https:\/\/www.claret.cat\/es\/wp-json\/wp\/v2\/product"}],"about":[{"href":"https:\/\/www.claret.cat\/es\/wp-json\/wp\/v2\/types\/product"}],"wp:featuredmedia":[{"embeddable":true,"href":"https:\/\/www.claret.cat\/es\/wp-json\/wp\/v2\/media\/196690"}],"wp:attachment":[{"href":"https:\/\/www.claret.cat\/es\/wp-json\/wp\/v2\/media?parent=196689"}],"wp:term":[{"taxonomy":"product_brand","embeddable":true,"href":"https:\/\/www.claret.cat\/es\/wp-json\/wp\/v2\/product_brand?post=196689"},{"taxonomy":"product_cat","embeddable":true,"href":"https:\/\/www.claret.cat\/es\/wp-json\/wp\/v2\/product_cat?post=196689"},{"taxonomy":"product_tag","embeddable":true,"href":"https:\/\/www.claret.cat\/es\/wp-json\/wp\/v2\/product_tag?post=196689"}],"curies":[{"name":"wp","href":"https:\/\/api.w.org\/{rel}","templated":true}]}}