{"id":196870,"date":"2022-10-20T07:55:25","date_gmt":"2022-10-20T05:55:25","guid":{"rendered":"http:\/\/dev.claret.cat\/producte\/finn-y-sep\/"},"modified":"2023-01-28T02:44:12","modified_gmt":"2023-01-28T01:44:12","slug":"finn-y-sep-9788494728419","status":"publish","type":"product","link":"https:\/\/www.claret.cat\/es\/libro\/finn-y-sep-9788494728419\/","title":{"rendered":"FINN Y SEP"},"content":{"rendered":"<p>Finn se despierta en plena noche por un estruendo. Su casa est\u00e1 llena de gnomos haciendo travesuras y lo est\u00e1n dejando todo patas arriba. Parece que solo quieren llamar la atenci\u00f3n. \u00bfQu\u00e9 tramar\u00e1n? En cuanto el gran gnomo advierte que su inquilino se ha levantado, se da a la fuga, y Fin, acompa\u00f1ado de su perro Sep, sale tras \u00e9l. Los dos amigos se ver\u00e1n inmersos en una intrincada persecuci\u00f3n a trav\u00e9s de puentes, pasadizos, grutas y castillos encantados; una docena de escenarios misteriosos donde el lector tendr\u00e1 que estar atento para encontrar las claves que ayuden a Fin y Sep a salir del laberinto, donde les espera una sorpresa. Un \u00e1lbum ilustrado por Peter Goes, creador de un estilo inconfundible, en el que destaca su maestr\u00eda para imaginar numerosos personajes e cuento y atmosferes repletas de infinitos detalles que promueven la fantas\u00eda.<\/p>\n","protected":false},"excerpt":{"rendered":"<p>GOES, PETER<\/p>\n","protected":false},"featured_media":196871,"template":"","meta":{"_acf_changed":false,"om_disable_all_campaigns":false,"rs_blank_template":"","rs_page_bg_color":"","slide_template_v7":"","inline_featured_image":false,"_monsterinsights_skip_tracking":false,"_monsterinsights_sitenote_active":false,"_monsterinsights_sitenote_note":"","_monsterinsights_sitenote_category":0},"product_brand":[],"product_cat":[86],"product_tag":[],"class_list":{"0":"post-196870","1":"product","2":"type-product","3":"status-publish","4":"has-post-thumbnail","6":"product_cat-infantil","8":"first","9":"instock","10":"taxable","11":"shipping-taxable","12":"purchasable","13":"product-type-simple"},"acf":{"autor":"GOES, PETER","codart":"849472841","libros-coleccion":"","ediciones":"1","encuadernacion":"Carton\u00e9","fecha_de_publicacion":"01\/11\/2017","novedad":"1","paginas":"35","subtitulo":"EL LABERINTO DE LOS GNOMOS","orden":"0","portada":"0","idioma":"spa","editorial":[{"ID":148435,"post_author":"3","post_date":"2022-10-14 11:58:13","post_date_gmt":"2022-10-14 09:58:13","post_content":"","post_title":"LIBROS DEL ZORRO ROJO","post_excerpt":"","post_status":"publish","comment_status":"closed","ping_status":"closed","post_password":"","post_name":"libros-del-zorro-rojo","to_ping":"","pinged":"","post_modified":"2022-10-14 11:58:13","post_modified_gmt":"2022-10-14 09:58:13","post_content_filtered":"","post_parent":0,"guid":"http:\/\/dev.claret.cat\/editorial\/libros-del-zorro-rojo\/","menu_order":0,"post_type":"editorial","post_mime_type":"","comment_count":"0","filter":"raw"}],"autores-libros":[{"ID":167096,"post_author":"3","post_date":"2022-10-14 18:08:30","post_date_gmt":"2022-10-14 16:08:30","post_content":"","post_title":"PETER GOES","post_excerpt":"","post_status":"publish","comment_status":"closed","ping_status":"closed","post_password":"","post_name":"peter-goes","to_ping":"","pinged":"","post_modified":"2022-10-14 18:08:30","post_modified_gmt":"2022-10-14 16:08:30","post_content_filtered":"","post_parent":0,"guid":"http:\/\/dev.claret.cat\/autor\/peter-goes\/","menu_order":0,"post_type":"autor","post_mime_type":"","comment_count":"0","filter":"raw"}]},"aioseo_notices":[],"_links":{"self":[{"href":"https:\/\/www.claret.cat\/es\/wp-json\/wp\/v2\/product\/196870","targetHints":{"allow":["GET"]}}],"collection":[{"href":"https:\/\/www.claret.cat\/es\/wp-json\/wp\/v2\/product"}],"about":[{"href":"https:\/\/www.claret.cat\/es\/wp-json\/wp\/v2\/types\/product"}],"wp:featuredmedia":[{"embeddable":true,"href":"https:\/\/www.claret.cat\/es\/wp-json\/wp\/v2\/media\/196871"}],"wp:attachment":[{"href":"https:\/\/www.claret.cat\/es\/wp-json\/wp\/v2\/media?parent=196870"}],"wp:term":[{"taxonomy":"product_brand","embeddable":true,"href":"https:\/\/www.claret.cat\/es\/wp-json\/wp\/v2\/product_brand?post=196870"},{"taxonomy":"product_cat","embeddable":true,"href":"https:\/\/www.claret.cat\/es\/wp-json\/wp\/v2\/product_cat?post=196870"},{"taxonomy":"product_tag","embeddable":true,"href":"https:\/\/www.claret.cat\/es\/wp-json\/wp\/v2\/product_tag?post=196870"}],"curies":[{"name":"wp","href":"https:\/\/api.w.org\/{rel}","templated":true}]}}