{"id":196921,"date":"2022-10-20T07:56:20","date_gmt":"2022-10-20T05:56:20","guid":{"rendered":"http:\/\/dev.claret.cat\/producte\/mi-primer-libro-de-fisica-cuantica\/"},"modified":"2023-01-28T10:44:04","modified_gmt":"2023-01-28T09:44:04","slug":"mi-primer-libro-de-fisica-cuantica-9788426144782","status":"publish","type":"product","link":"https:\/\/www.claret.cat\/es\/libro\/mi-primer-libro-de-fisica-cuantica-9788426144782\/","title":{"rendered":"MI PRIMER LIBRO DE F\u00cdSICA CU\u00c1NTICA"},"content":{"rendered":"<p>Todo lo que nos rodea, los \u00e1rboles, las piedras, la luz y hasta nosotros mismos, est\u00e1 compuesto por part\u00edculas muy, muy, muy peque\u00f1as. En este universo min\u00fasculo, hecho de materia y energ\u00eda, rigen unas leyes extra\u00f1as y sorprendentes. Empieza a descubrir el fascinante mundo de la F\u00edsica Cu\u00e1ntica con la ayuda del Dr. Albert.  Desde Newton a Maxwell o al gato de Shr\u00f6dinger; introduciendo los \u00e1tomos, la tabla peri\u00f3dica, la antimateria o la radioactividad. Gracias a este libro estos conceptos dejar\u00e1n de ser pesadas materias que se imparten en la escuela, ya que despertar\u00e1 en los j\u00f3venes lectores la curiosidad y motivaci\u00f3n necesarias para convertirse en cient\u00edficos.<\/p>\n","protected":false},"excerpt":{"rendered":"<p>KAID-SALAH FERR\u00d3N, SHEDDAD<\/p>\n","protected":false},"featured_media":196922,"template":"","meta":{"_acf_changed":false,"om_disable_all_campaigns":false,"rs_blank_template":"","rs_page_bg_color":"","slide_template_v7":"","inline_featured_image":false,"_monsterinsights_skip_tracking":false,"_monsterinsights_sitenote_active":false,"_monsterinsights_sitenote_note":"","_monsterinsights_sitenote_category":0},"product_brand":[],"product_cat":[86],"product_tag":[],"class_list":{"0":"post-196921","1":"product","2":"type-product","3":"status-publish","4":"has-post-thumbnail","6":"product_cat-infantil","8":"first","9":"instock","10":"taxable","11":"shipping-taxable","12":"purchasable","13":"product-type-simple"},"acf":{"autor":"KAID-SALAH FERR\u00d3N, SHEDDAD","codart":"842614478","libros-coleccion":"FORA DE COL.LECCI\u00d3","ediciones":"1","encuadernacion":"Carton\u00e9","fecha_de_publicacion":"01\/11\/2017","novedad":"1","paginas":"65","subtitulo":"","orden":"0","portada":"0","idioma":"spa","editorial":[{"ID":6226,"post_author":"3","post_date":"2022-07-28 17:47:36","post_date_gmt":"2022-07-28 15:47:36","post_content":"","post_title":"EDITORIAL JUVENTUD","post_excerpt":"","post_status":"publish","comment_status":"closed","ping_status":"closed","post_password":"","post_name":"editorial-juventud","to_ping":"","pinged":"","post_modified":"2022-07-28 17:47:36","post_modified_gmt":"2022-07-28 15:47:36","post_content_filtered":"","post_parent":0,"guid":"http:\/\/dev.claret.cat\/editorial\/editorial-juventud\/","menu_order":0,"post_type":"editorial","post_mime_type":"","comment_count":"0","filter":"raw"}],"autores-libros":[{"ID":169410,"post_author":"3","post_date":"2022-10-14 22:27:00","post_date_gmt":"2022-10-14 20:27:00","post_content":"","post_title":"SHEDDAD KAID-SALAH FERR\u00d3N","post_excerpt":"","post_status":"publish","comment_status":"closed","ping_status":"closed","post_password":"","post_name":"sheddad-kaid-salah-ferron","to_ping":"","pinged":"","post_modified":"2022-10-14 22:27:00","post_modified_gmt":"2022-10-14 20:27:00","post_content_filtered":"","post_parent":0,"guid":"http:\/\/dev.claret.cat\/autor\/sheddad-kaid-salah-ferron\/","menu_order":0,"post_type":"autor","post_mime_type":"","comment_count":"0","filter":"raw"}]},"aioseo_notices":[],"_links":{"self":[{"href":"https:\/\/www.claret.cat\/es\/wp-json\/wp\/v2\/product\/196921","targetHints":{"allow":["GET"]}}],"collection":[{"href":"https:\/\/www.claret.cat\/es\/wp-json\/wp\/v2\/product"}],"about":[{"href":"https:\/\/www.claret.cat\/es\/wp-json\/wp\/v2\/types\/product"}],"wp:featuredmedia":[{"embeddable":true,"href":"https:\/\/www.claret.cat\/es\/wp-json\/wp\/v2\/media\/196922"}],"wp:attachment":[{"href":"https:\/\/www.claret.cat\/es\/wp-json\/wp\/v2\/media?parent=196921"}],"wp:term":[{"taxonomy":"product_brand","embeddable":true,"href":"https:\/\/www.claret.cat\/es\/wp-json\/wp\/v2\/product_brand?post=196921"},{"taxonomy":"product_cat","embeddable":true,"href":"https:\/\/www.claret.cat\/es\/wp-json\/wp\/v2\/product_cat?post=196921"},{"taxonomy":"product_tag","embeddable":true,"href":"https:\/\/www.claret.cat\/es\/wp-json\/wp\/v2\/product_tag?post=196921"}],"curies":[{"name":"wp","href":"https:\/\/api.w.org\/{rel}","templated":true}]}}