{"id":196975,"date":"2022-10-20T07:57:18","date_gmt":"2022-10-20T05:57:18","guid":{"rendered":"http:\/\/dev.claret.cat\/producte\/kakuros-samurais-y-calcudokus-cuadrados-de-diversion\/"},"modified":"2023-01-28T11:47:45","modified_gmt":"2023-01-28T10:47:45","slug":"kakuros-samurais-y-calcudokus-cuadrados-de-diversion-9788490680957","status":"publish","type":"product","link":"https:\/\/www.claret.cat\/es\/libro\/kakuros-samurais-y-calcudokus-cuadrados-de-diversion-9788490680957\/","title":{"rendered":"KAKUROS, SAMUR\u00c1IS Y CALCUDOKUS (CUADRADOS DE DIVERSI\u00d3N)"},"content":{"rendered":"<p>Las variantes de sudoku que encontrar\u00e1s en este libro, est\u00e1n pensadas para resolverse en intervalos de tiempo que oscilan entre los 5 y los 30 minutos. Todos ellas se resuelven mediante la l\u00f3gica, favorecen la concentraci\u00f3n, reducen el estr\u00e9s y la ansiedad y, el resolverlas, aumenta nuestra autoestima, por ellos resultan tremendamente adictivas.<br \/> Abre este libro y no pares de hacer kakuros, hashis, calcudokus, killers y samur\u00e1is \u00a1hasta perder el mundo de vista!<\/p>\n","protected":false},"excerpt":{"rendered":"<p>ANDERS PRODUCCIONES<\/p>\n","protected":false},"featured_media":196976,"template":"","meta":{"_acf_changed":false,"om_disable_all_campaigns":false,"rs_blank_template":"","rs_page_bg_color":"","slide_template_v7":"","inline_featured_image":false,"_monsterinsights_skip_tracking":false,"_monsterinsights_sitenote_active":false,"_monsterinsights_sitenote_note":"","_monsterinsights_sitenote_category":0},"product_brand":[],"product_cat":[101,105],"product_tag":[],"class_list":{"0":"post-196975","1":"product","2":"type-product","3":"status-publish","4":"has-post-thumbnail","6":"product_cat-manualitats","7":"product_cat-regal","9":"first","10":"instock","11":"taxable","12":"shipping-taxable","13":"purchasable","14":"product-type-simple"},"acf":{"autor":"ANDERS PRODUCCIONES","codart":"849068095","libros-coleccion":"FORA DE COL.LECCI\u00d3","ediciones":"1","encuadernacion":"R\u00fastica","fecha_de_publicacion":"01\/11\/2017","novedad":"1","paginas":"320","subtitulo":"ADICTIVOS","orden":"0","portada":"0","idioma":"spa","autores-libros":[{"ID":150174,"post_author":"3","post_date":"2022-10-14 14:30:50","post_date_gmt":"2022-10-14 12:30:50","post_content":"","post_title":"ANDERS PRODUCCIONES","post_excerpt":"","post_status":"publish","comment_status":"closed","ping_status":"closed","post_password":"","post_name":"anders-producciones","to_ping":"","pinged":"","post_modified":"2022-10-14 14:30:50","post_modified_gmt":"2022-10-14 12:30:50","post_content_filtered":"","post_parent":0,"guid":"http:\/\/dev.claret.cat\/autor\/anders-producciones\/","menu_order":0,"post_type":"autor","post_mime_type":"","comment_count":"0","filter":"raw"}]},"aioseo_notices":[],"_links":{"self":[{"href":"https:\/\/www.claret.cat\/es\/wp-json\/wp\/v2\/product\/196975","targetHints":{"allow":["GET"]}}],"collection":[{"href":"https:\/\/www.claret.cat\/es\/wp-json\/wp\/v2\/product"}],"about":[{"href":"https:\/\/www.claret.cat\/es\/wp-json\/wp\/v2\/types\/product"}],"wp:featuredmedia":[{"embeddable":true,"href":"https:\/\/www.claret.cat\/es\/wp-json\/wp\/v2\/media\/196976"}],"wp:attachment":[{"href":"https:\/\/www.claret.cat\/es\/wp-json\/wp\/v2\/media?parent=196975"}],"wp:term":[{"taxonomy":"product_brand","embeddable":true,"href":"https:\/\/www.claret.cat\/es\/wp-json\/wp\/v2\/product_brand?post=196975"},{"taxonomy":"product_cat","embeddable":true,"href":"https:\/\/www.claret.cat\/es\/wp-json\/wp\/v2\/product_cat?post=196975"},{"taxonomy":"product_tag","embeddable":true,"href":"https:\/\/www.claret.cat\/es\/wp-json\/wp\/v2\/product_tag?post=196975"}],"curies":[{"name":"wp","href":"https:\/\/api.w.org\/{rel}","templated":true}]}}