{"id":196990,"date":"2022-10-20T07:57:34","date_gmt":"2022-10-20T05:57:34","guid":{"rendered":"http:\/\/dev.claret.cat\/producte\/nunca-es-tarde\/"},"modified":"2023-01-28T20:07:46","modified_gmt":"2023-01-28T19:07:46","slug":"nunca-es-tarde-9788490678534","status":"publish","type":"product","link":"https:\/\/www.claret.cat\/es\/libro\/nunca-es-tarde-9788490678534\/","title":{"rendered":"NUNCA ES TARDE"},"content":{"rendered":"<p>Nunca es tarde es una novela negra, ambientada en el pirineo aragon\u00e9s, donde la misteriosa desaparici\u00f3n de unas j\u00f3venes parece repetir la investigaci\u00f3n sobre unos cr\u00edmenes que sucedieron en 1973. Un entorno paradisiaco tambi\u00e9n puede ser el escenario de un crimen horrendo.<\/p>\n","protected":false},"excerpt":{"rendered":"<p>TRISTANTE, JER\u00d3NIMO<\/p>\n","protected":false},"featured_media":196991,"template":"","meta":{"_acf_changed":false,"om_disable_all_campaigns":false,"rs_blank_template":"","rs_page_bg_color":"","slide_template_v7":"","inline_featured_image":false,"_monsterinsights_skip_tracking":false,"_monsterinsights_sitenote_active":false,"_monsterinsights_sitenote_note":"","_monsterinsights_sitenote_category":0},"product_brand":[],"product_cat":[87],"product_tag":[],"class_list":{"0":"post-196990","1":"product","2":"type-product","3":"status-publish","4":"has-post-thumbnail","6":"product_cat-literatura","8":"first","9":"instock","10":"taxable","11":"shipping-taxable","12":"purchasable","13":"product-type-simple"},"acf":{"autor":"TRISTANTE, JER\u00d3NIMO","codart":"849067853","libros-coleccion":"FORA DE COL.LECCI\u00d3","ediciones":"1","encuadernacion":"Carton\u00e9","fecha_de_publicacion":"01\/11\/2017","novedad":"1","paginas":"413","subtitulo":"","orden":"0","portada":"0","idioma":"spa","editorial":[{"ID":147394,"post_author":"3","post_date":"2022-10-14 11:50:14","post_date_gmt":"2022-10-14 09:50:14","post_content":"","post_title":"Algaida Editores","post_excerpt":"","post_status":"publish","comment_status":"closed","ping_status":"closed","post_password":"","post_name":"algaida-editores","to_ping":"","pinged":"","post_modified":"2022-10-14 11:50:14","post_modified_gmt":"2022-10-14 09:50:14","post_content_filtered":"","post_parent":0,"guid":"http:\/\/dev.claret.cat\/editorial\/algaida-editores\/","menu_order":0,"post_type":"editorial","post_mime_type":"","comment_count":"0","filter":"raw"}],"autores-libros":[{"ID":159044,"post_author":"3","post_date":"2022-10-14 15:41:39","post_date_gmt":"2022-10-14 13:41:39","post_content":"","post_title":"JERONIMO TRISTANTE","post_excerpt":"","post_status":"publish","comment_status":"closed","ping_status":"closed","post_password":"","post_name":"jeronimo-tristante","to_ping":"","pinged":"","post_modified":"2022-10-14 15:41:39","post_modified_gmt":"2022-10-14 13:41:39","post_content_filtered":"","post_parent":0,"guid":"http:\/\/dev.claret.cat\/autor\/jeronimo-tristante\/","menu_order":0,"post_type":"autor","post_mime_type":"","comment_count":"0","filter":"raw"}]},"aioseo_notices":[],"_links":{"self":[{"href":"https:\/\/www.claret.cat\/es\/wp-json\/wp\/v2\/product\/196990","targetHints":{"allow":["GET"]}}],"collection":[{"href":"https:\/\/www.claret.cat\/es\/wp-json\/wp\/v2\/product"}],"about":[{"href":"https:\/\/www.claret.cat\/es\/wp-json\/wp\/v2\/types\/product"}],"wp:featuredmedia":[{"embeddable":true,"href":"https:\/\/www.claret.cat\/es\/wp-json\/wp\/v2\/media\/196991"}],"wp:attachment":[{"href":"https:\/\/www.claret.cat\/es\/wp-json\/wp\/v2\/media?parent=196990"}],"wp:term":[{"taxonomy":"product_brand","embeddable":true,"href":"https:\/\/www.claret.cat\/es\/wp-json\/wp\/v2\/product_brand?post=196990"},{"taxonomy":"product_cat","embeddable":true,"href":"https:\/\/www.claret.cat\/es\/wp-json\/wp\/v2\/product_cat?post=196990"},{"taxonomy":"product_tag","embeddable":true,"href":"https:\/\/www.claret.cat\/es\/wp-json\/wp\/v2\/product_tag?post=196990"}],"curies":[{"name":"wp","href":"https:\/\/api.w.org\/{rel}","templated":true}]}}