{"id":197029,"date":"2022-10-20T07:58:16","date_gmt":"2022-10-20T05:58:16","guid":{"rendered":"http:\/\/dev.claret.cat\/producte\/hem-votat\/"},"modified":"2023-01-28T12:35:38","modified_gmt":"2023-01-28T11:35:38","slug":"hem-votat-9788494748417","status":"publish","type":"product","link":"https:\/\/www.claret.cat\/es\/libro\/hem-votat-9788494748417\/","title":{"rendered":"HEM VOTAT!"},"content":{"rendered":"<p>La campanya del refer\u00e8ndum de l&#8217;1 d&#8217;octubre no hauria estat possible sense l&#8217;enginy, l&#8217;esfor\u00e7, l&#8217;entusiasme, la il\u00b7lusi\u00f3 i la feina de milers i milers de catalans que l&#8217;han fet  a hores lliures i sense esquivar cap risc, que hi han posat temps, diners i infraestructura. El fot\u00f2graf Ernest Costa va decidir voltar per tot el pa\u00eds fotografiant aquest esfor\u00e7 ciutad\u00e0. A Hem votat! deixa const\u00e0ncia dels cartells, dels murals, de les pintades, de les samarretes, de les pancartes i sobretot de la crida i dels lemes amb qu\u00e8 van fer possible el refer\u00e8ndum de l&#8217;1 d&#8217;octubre. Sabem que tot aquest material \u00e9s ef\u00edmer i que, com ja va dir Joan Fuster, \u00abtota pol\u00edtica que no fem nosaltres, la faran els altres en contra nostra\u00bb. Aquest llibre \u00e9s un document gr\u00e0fic que testimonia les planes que estem escrivint aquests dies, unes planes que ho sabem deixaran petja.<\/p>\n","protected":false},"excerpt":{"rendered":"<p>BUCH, MIQUEL \/ LLOVERAS, NEUS \/ CUIXART, JORDI \/ BENACH, ERNEST \/ RIGOL, JOAN \/<\/p>\n","protected":false},"featured_media":321450,"template":"","meta":{"_acf_changed":false,"om_disable_all_campaigns":false,"rs_blank_template":"","rs_page_bg_color":"","slide_template_v7":"","inline_featured_image":false,"_monsterinsights_skip_tracking":false,"_monsterinsights_sitenote_active":false,"_monsterinsights_sitenote_note":"","_monsterinsights_sitenote_category":0},"product_brand":[],"product_cat":[85,351,105,555],"product_tag":[],"class_list":{"0":"post-197029","1":"product","2":"type-product","3":"status-publish","4":"has-post-thumbnail","6":"product_cat-historia","7":"product_cat-historia-2_humanidades","8":"product_cat-regal","9":"product_cat-regalo","11":"first","12":"instock","13":"taxable","14":"shipping-taxable","15":"purchasable","16":"product-type-simple"},"acf":{"autor":"BUCH, MIQUEL \/ LLOVERAS, NEUS \/ CUIXART, JORDI \/ BENACH, ERNEST \/ RIGOL, JOAN \/","codart":"849474841","libros-coleccion":"SUSHI BOOKS","ediciones":"1","encuadernacion":"R\u00fastica","fecha_de_publicacion":"01\/11\/2017","novedad":"1","paginas":"240","subtitulo":"CARTELLS, PANCARTES, MURALS I BANDERES DE L''1-O","orden":"0","portada":"0","idioma":"cat","editorial":[{"ID":147894,"post_author":"3","post_date":"2022-10-14 11:54:03","post_date_gmt":"2022-10-14 09:54:03","post_content":"","post_title":"Edicions Sidill\u00e0 SL","post_excerpt":"","post_status":"publish","comment_status":"closed","ping_status":"closed","post_password":"","post_name":"edicions-sidilla-sl","to_ping":"","pinged":"","post_modified":"2022-10-14 11:54:03","post_modified_gmt":"2022-10-14 09:54:03","post_content_filtered":"","post_parent":0,"guid":"http:\/\/dev.claret.cat\/editorial\/edicions-sidilla-sl\/","menu_order":0,"post_type":"editorial","post_mime_type":"","comment_count":"0","filter":"raw"}],"autores-libros":[{"ID":321448,"post_author":"3","post_date":"2023-01-03 01:36:17","post_date_gmt":"2023-01-03 00:36:17","post_content":"","post_title":"MIQUEL BUCH","post_excerpt":"","post_status":"publish","comment_status":"closed","ping_status":"closed","post_password":"","post_name":"miquel-buch","to_ping":"","pinged":"","post_modified":"2023-01-03 01:36:17","post_modified_gmt":"2023-01-03 00:36:17","post_content_filtered":"","post_parent":0,"guid":"https:\/\/www.claret.cat\/autor\/miquel-buch\/","menu_order":0,"post_type":"autor","post_mime_type":"","comment_count":"0","filter":"raw"},{"ID":321449,"post_author":"3","post_date":"2023-01-03 01:36:19","post_date_gmt":"2023-01-03 00:36:19","post_content":"","post_title":"NEUS LLOVERAS","post_excerpt":"","post_status":"publish","comment_status":"closed","ping_status":"closed","post_password":"","post_name":"neus-lloveras","to_ping":"","pinged":"","post_modified":"2023-01-03 01:36:19","post_modified_gmt":"2023-01-03 00:36:19","post_content_filtered":"","post_parent":0,"guid":"https:\/\/www.claret.cat\/autor\/neus-lloveras\/","menu_order":0,"post_type":"autor","post_mime_type":"","comment_count":"0","filter":"raw"},{"ID":159880,"post_author":"3","post_date":"2022-10-14 15:48:29","post_date_gmt":"2022-10-14 13:48:29","post_content":"","post_title":"JORDI CUIXART","post_excerpt":"","post_status":"publish","comment_status":"closed","ping_status":"closed","post_password":"","post_name":"jordi-cuixart","to_ping":"","pinged":"","post_modified":"2022-10-14 15:48:29","post_modified_gmt":"2022-10-14 13:48:29","post_content_filtered":"","post_parent":0,"guid":"http:\/\/dev.claret.cat\/autor\/jordi-cuixart\/","menu_order":0,"post_type":"autor","post_mime_type":"","comment_count":"0","filter":"raw"},{"ID":321446,"post_author":"3","post_date":"2023-01-03 01:36:15","post_date_gmt":"2023-01-03 00:36:15","post_content":"","post_title":"ERNEST BENACH","post_excerpt":"","post_status":"publish","comment_status":"closed","ping_status":"closed","post_password":"","post_name":"ernest-benach","to_ping":"","pinged":"","post_modified":"2023-01-03 01:36:15","post_modified_gmt":"2023-01-03 00:36:15","post_content_filtered":"","post_parent":0,"guid":"https:\/\/www.claret.cat\/autor\/ernest-benach\/","menu_order":0,"post_type":"autor","post_mime_type":"","comment_count":"0","filter":"raw"},{"ID":321447,"post_author":"3","post_date":"2023-01-03 01:36:16","post_date_gmt":"2023-01-03 00:36:16","post_content":"","post_title":"JOAN RIGOL","post_excerpt":"","post_status":"publish","comment_status":"closed","ping_status":"closed","post_password":"","post_name":"joan-rigol","to_ping":"","pinged":"","post_modified":"2023-01-03 01:36:16","post_modified_gmt":"2023-01-03 00:36:16","post_content_filtered":"","post_parent":0,"guid":"https:\/\/www.claret.cat\/autor\/joan-rigol\/","menu_order":0,"post_type":"autor","post_mime_type":"","comment_count":"0","filter":"raw"}]},"aioseo_notices":[],"_links":{"self":[{"href":"https:\/\/www.claret.cat\/es\/wp-json\/wp\/v2\/product\/197029","targetHints":{"allow":["GET"]}}],"collection":[{"href":"https:\/\/www.claret.cat\/es\/wp-json\/wp\/v2\/product"}],"about":[{"href":"https:\/\/www.claret.cat\/es\/wp-json\/wp\/v2\/types\/product"}],"wp:featuredmedia":[{"embeddable":true,"href":"https:\/\/www.claret.cat\/es\/wp-json\/wp\/v2\/media\/321450"}],"wp:attachment":[{"href":"https:\/\/www.claret.cat\/es\/wp-json\/wp\/v2\/media?parent=197029"}],"wp:term":[{"taxonomy":"product_brand","embeddable":true,"href":"https:\/\/www.claret.cat\/es\/wp-json\/wp\/v2\/product_brand?post=197029"},{"taxonomy":"product_cat","embeddable":true,"href":"https:\/\/www.claret.cat\/es\/wp-json\/wp\/v2\/product_cat?post=197029"},{"taxonomy":"product_tag","embeddable":true,"href":"https:\/\/www.claret.cat\/es\/wp-json\/wp\/v2\/product_tag?post=197029"}],"curies":[{"name":"wp","href":"https:\/\/api.w.org\/{rel}","templated":true}]}}