{"id":197116,"date":"2022-10-20T07:59:47","date_gmt":"2022-10-20T05:59:47","guid":{"rendered":"http:\/\/dev.claret.cat\/producte\/simbolismo-masonico\/"},"modified":"2023-01-28T12:29:44","modified_gmt":"2023-01-28T11:29:44","slug":"simbolismo-masonico-9788494735455","status":"publish","type":"product","link":"https:\/\/www.claret.cat\/es\/libro\/simbolismo-masonico-9788494735455\/","title":{"rendered":"SIMBOLISMO MAS\u00d3NICO"},"content":{"rendered":"<p>El complejo, rico y enigm\u00e1tico aparato ic\u00f3nico de la Masoner\u00eda o Francmasoner\u00eda constituye uno de los aspectos m\u00e1s llamativos y fascinantes de esta fraternidad \u201cdiscreta\u201d. Las im\u00e1genes mas\u00f3nicas se han convertido en el componente esencial de su lenguaje, signo de reconocimiento corporativo y aut\u00e9ntico fundamento y factor vertebrador de su estructura interna, su m\u00e9todo inici\u00e1tico y su pedagog\u00eda simb\u00f3lica. Este corpus iconogr\u00e1fico, inserto en una trama ritual y una puesta en escena que configuran su principal se\u00f1a de identidad, se caracteriza de modo especial por su extraordinaria diversidad. Ello es la consecuencia de una permanente capacidad de asimilaci\u00f3n sincr\u00e9tica de materiales procedentes de muy distintos imaginarios y corrientes culturales que los francmasones, animados por el prop\u00f3sito de universalidad que envuelve a sus manifestaciones, han ido adoptando e integrando en sus espacios y ritos a lo largo de los \u00faltimos tres siglos. En el presente libro se profundiza en las fuentes de inspiraci\u00f3n que nutrieron la formaci\u00f3n y evoluci\u00f3n de este singular patrimonio visual a lo largo de su evoluci\u00f3n hist\u00f3rica, y en las principales connotaciones significativas de sus motivos m\u00e1s utilizados, atendiendo de manera preferente a la deuda que estos atributos, alegor\u00edas o composiciones mantienen con las tradiciones simb\u00f3licas o emblem\u00e1ticas precedentes.<br \/>Este libro constituye, sin lugar a dudas, la investigaci\u00f3n m\u00e1s profunda y rigurosa, dentro del panorama de habla hispana, dedicada hasta la fecha al complejo y atractivo mundo del simbolismo mas\u00f3nico. Su aparici\u00f3n coincide con el 300 aniversario del nacimiento de la masoner\u00eda especulativa que tuvo lugar, en febrero de 1717, con la constituci\u00f3n de la Gran Logia de Londres.<\/p>\n","protected":false},"excerpt":{"rendered":"<p>GARC\u00cdA ARRANZ, JOS\u00c9 JULIO<\/p>\n","protected":false},"featured_media":197117,"template":"","meta":{"_acf_changed":false,"om_disable_all_campaigns":false,"rs_blank_template":"","rs_page_bg_color":"","slide_template_v7":"","inline_featured_image":false,"_monsterinsights_skip_tracking":false,"_monsterinsights_sitenote_active":false,"_monsterinsights_sitenote_note":"","_monsterinsights_sitenote_category":0},"product_brand":[],"product_cat":[85,84],"product_tag":[],"class_list":{"0":"post-197116","1":"product","2":"type-product","3":"status-publish","4":"has-post-thumbnail","6":"product_cat-historia","7":"product_cat-sociologia","9":"first","10":"instock","11":"taxable","12":"shipping-taxable","13":"purchasable","14":"product-type-simple"},"acf":{"autor":"GARC\u00cdA ARRANZ, JOS\u00c9 JULIO","codart":"849473545","libros-coleccion":"FORA DE COL.LECCI\u00d3","ediciones":"1","encuadernacion":"R\u00fastica","fecha_de_publicacion":"01\/11\/2017","novedad":"1","paginas":"362","subtitulo":"HISTORIA, FUENTES E ICONOGRAF\u00cdA","orden":"0","portada":"0","idioma":"spa","editorial":[{"ID":148785,"post_author":"3","post_date":"2022-10-14 12:00:58","post_date_gmt":"2022-10-14 10:00:58","post_content":"","post_title":"Sans Soleil Ediciones","post_excerpt":"","post_status":"publish","comment_status":"closed","ping_status":"closed","post_password":"","post_name":"sans-soleil-ediciones","to_ping":"","pinged":"","post_modified":"2022-10-14 12:00:58","post_modified_gmt":"2022-10-14 10:00:58","post_content_filtered":"","post_parent":0,"guid":"http:\/\/dev.claret.cat\/editorial\/sans-soleil-ediciones\/","menu_order":0,"post_type":"editorial","post_mime_type":"","comment_count":"0","filter":"raw"}],"autores-libros":[{"ID":160296,"post_author":"3","post_date":"2022-10-14 15:51:55","post_date_gmt":"2022-10-14 13:51:55","post_content":"","post_title":"JOS\u00c9 JULIO GARC\u00cdA ARRANZ","post_excerpt":"","post_status":"publish","comment_status":"closed","ping_status":"closed","post_password":"","post_name":"jose-julio-garcia-arranz","to_ping":"","pinged":"","post_modified":"2022-10-14 15:51:55","post_modified_gmt":"2022-10-14 13:51:55","post_content_filtered":"","post_parent":0,"guid":"http:\/\/dev.claret.cat\/autor\/jose-julio-garcia-arranz\/","menu_order":0,"post_type":"autor","post_mime_type":"","comment_count":"0","filter":"raw"}]},"aioseo_notices":[],"_links":{"self":[{"href":"https:\/\/www.claret.cat\/es\/wp-json\/wp\/v2\/product\/197116","targetHints":{"allow":["GET"]}}],"collection":[{"href":"https:\/\/www.claret.cat\/es\/wp-json\/wp\/v2\/product"}],"about":[{"href":"https:\/\/www.claret.cat\/es\/wp-json\/wp\/v2\/types\/product"}],"wp:featuredmedia":[{"embeddable":true,"href":"https:\/\/www.claret.cat\/es\/wp-json\/wp\/v2\/media\/197117"}],"wp:attachment":[{"href":"https:\/\/www.claret.cat\/es\/wp-json\/wp\/v2\/media?parent=197116"}],"wp:term":[{"taxonomy":"product_brand","embeddable":true,"href":"https:\/\/www.claret.cat\/es\/wp-json\/wp\/v2\/product_brand?post=197116"},{"taxonomy":"product_cat","embeddable":true,"href":"https:\/\/www.claret.cat\/es\/wp-json\/wp\/v2\/product_cat?post=197116"},{"taxonomy":"product_tag","embeddable":true,"href":"https:\/\/www.claret.cat\/es\/wp-json\/wp\/v2\/product_tag?post=197116"}],"curies":[{"name":"wp","href":"https:\/\/api.w.org\/{rel}","templated":true}]}}