{"id":197146,"date":"2022-10-20T08:00:18","date_gmt":"2022-10-20T06:00:18","guid":{"rendered":"http:\/\/dev.claret.cat\/producte\/un-regalo-para-kushbu-historias-que-cruzan-fronteras\/"},"modified":"2023-01-28T20:10:36","modified_gmt":"2023-01-28T19:10:36","slug":"un-regalo-para-kushbu-historias-que-cruzan-fronteras-9788416880300","status":"publish","type":"product","link":"https:\/\/www.claret.cat\/es\/libro\/un-regalo-para-kushbu-historias-que-cruzan-fronteras-9788416880300\/","title":{"rendered":"UN REGALO PARA KUSHBU. HISTORIAS QUE CRUZAN FRONTERAS"},"content":{"rendered":"<p>&#8221;Un regalo para Kushbu. Historias que cruzan fronteras&#8221; es el retrato de nueve personas llegadas a Barcelona desde Nepal, N\u00edger, Marruecos, Uzbekist\u00e1n, India, Senegal, Afganist\u00e1n, Colombia y Nigeria a la b\u00fasqueda de una vida mejor, que escapan de situaciones de miseria, guerra o persecuci\u00f3n, que y tienen que lidiar con una Europa donde han visto sus derechos vulnerados por leyes de extranjer\u00eda discriminatorias y excluyentes.<br \/> Coeditado por Ayuntamiento de Barcelona y Astiberri, y con la producci\u00f3n de la fundaci\u00f3n Mesclad\u00eds y la asociaci\u00f3n Al-liquindoi, esta obra, que recoge esos relatos de huida trasladados al c\u00f3mic por un guionista y diez dibujantes que han interactuado con los protagonistas a la hora de plasmar sus vivencias, va m\u00e1s all\u00e1 y hace hincapi\u00e9 en el apoyo solidario que cada uno ha recibido, por parte de personas o entidades que han resultado ser claves para posibilitarles salir de la exclusi\u00f3n.<\/p>\n","protected":false},"excerpt":{"rendered":"<p>MART\u00cdNEZ, GABI\/ FORNIES, SAGAR\/ MART\u00cdN, SUSANNA\/ ALBA, TYTO\/ BUENO, CRISTINA\/ V<\/p>\n","protected":false},"featured_media":197147,"template":"","meta":{"_acf_changed":false,"om_disable_all_campaigns":false,"rs_blank_template":"","rs_page_bg_color":"","slide_template_v7":"","inline_featured_image":false,"_monsterinsights_skip_tracking":false,"_monsterinsights_sitenote_active":false,"_monsterinsights_sitenote_note":"","_monsterinsights_sitenote_category":0},"product_brand":[],"product_cat":[108],"product_tag":[],"class_list":{"0":"post-197146","1":"product","2":"type-product","3":"status-publish","4":"has-post-thumbnail","6":"product_cat-comic","8":"first","9":"instock","10":"taxable","11":"shipping-taxable","12":"purchasable","13":"product-type-simple"},"acf":{"autor":"MART\u00cdNEZ, GABI\/ FORNIES, SAGAR\/ MART\u00cdN, SUSANNA\/ ALBA, TYTO\/ BUENO, CRISTINA\/ V","codart":"841688030","libros-coleccion":"Sill\u00f3n Orejero","ediciones":"1","encuadernacion":"Carton\u00e9","fecha_de_publicacion":"01\/11\/2017","novedad":"1","paginas":"121","subtitulo":"","orden":"0","portada":"0","idioma":"spa","editorial":[{"ID":6130,"post_author":"3","post_date":"2022-07-28 17:45:32","post_date_gmt":"2022-07-28 15:45:32","post_content":"","post_title":"ASTIBERRI EDICIONES","post_excerpt":"","post_status":"publish","comment_status":"closed","ping_status":"closed","post_password":"","post_name":"astiberri-ediciones","to_ping":"","pinged":"","post_modified":"2022-07-28 17:45:32","post_modified_gmt":"2022-07-28 15:45:32","post_content_filtered":"","post_parent":0,"guid":"http:\/\/dev.claret.cat\/editorial\/astiberri-ediciones\/","menu_order":0,"post_type":"editorial","post_mime_type":"","comment_count":"0","filter":"raw"}],"autores-libros":[{"ID":168785,"post_author":"3","post_date":"2022-10-14 22:21:55","post_date_gmt":"2022-10-14 20:21:55","post_content":"","post_title":"SAGAR FORNI\u00c9S","post_excerpt":"","post_status":"publish","comment_status":"closed","ping_status":"closed","post_password":"","post_name":"sagar-fornies","to_ping":"","pinged":"","post_modified":"2022-10-14 22:21:55","post_modified_gmt":"2022-10-14 20:21:55","post_content_filtered":"","post_parent":0,"guid":"http:\/\/dev.claret.cat\/autor\/sagar-fornies\/","menu_order":0,"post_type":"autor","post_mime_type":"","comment_count":"0","filter":"raw"},{"ID":170671,"post_author":"3","post_date":"2022-10-14 22:37:14","post_date_gmt":"2022-10-14 20:37:14","post_content":"","post_title":"TYTO ALBA","post_excerpt":"","post_status":"publish","comment_status":"closed","ping_status":"closed","post_password":"","post_name":"tyto-alba","to_ping":"","pinged":"","post_modified":"2022-10-14 22:37:14","post_modified_gmt":"2022-10-14 20:37:14","post_content_filtered":"","post_parent":0,"guid":"http:\/\/dev.claret.cat\/autor\/tyto-alba\/","menu_order":0,"post_type":"autor","post_mime_type":"","comment_count":"0","filter":"raw"},{"ID":156498,"post_author":"3","post_date":"2022-10-14 15:21:17","post_date_gmt":"2022-10-14 13:21:17","post_content":"","post_title":"GABI MART\u00cdNEZ","post_excerpt":"","post_status":"publish","comment_status":"closed","ping_status":"closed","post_password":"","post_name":"gabi-martinez","to_ping":"","pinged":"","post_modified":"2022-10-14 15:21:17","post_modified_gmt":"2022-10-14 13:21:17","post_content_filtered":"","post_parent":0,"guid":"http:\/\/dev.claret.cat\/autor\/gabi-martinez\/","menu_order":0,"post_type":"autor","post_mime_type":"","comment_count":"0","filter":"raw"}]},"aioseo_notices":[],"_links":{"self":[{"href":"https:\/\/www.claret.cat\/es\/wp-json\/wp\/v2\/product\/197146","targetHints":{"allow":["GET"]}}],"collection":[{"href":"https:\/\/www.claret.cat\/es\/wp-json\/wp\/v2\/product"}],"about":[{"href":"https:\/\/www.claret.cat\/es\/wp-json\/wp\/v2\/types\/product"}],"wp:featuredmedia":[{"embeddable":true,"href":"https:\/\/www.claret.cat\/es\/wp-json\/wp\/v2\/media\/197147"}],"wp:attachment":[{"href":"https:\/\/www.claret.cat\/es\/wp-json\/wp\/v2\/media?parent=197146"}],"wp:term":[{"taxonomy":"product_brand","embeddable":true,"href":"https:\/\/www.claret.cat\/es\/wp-json\/wp\/v2\/product_brand?post=197146"},{"taxonomy":"product_cat","embeddable":true,"href":"https:\/\/www.claret.cat\/es\/wp-json\/wp\/v2\/product_cat?post=197146"},{"taxonomy":"product_tag","embeddable":true,"href":"https:\/\/www.claret.cat\/es\/wp-json\/wp\/v2\/product_tag?post=197146"}],"curies":[{"name":"wp","href":"https:\/\/api.w.org\/{rel}","templated":true}]}}