{"id":197209,"date":"2022-10-20T08:01:35","date_gmt":"2022-10-20T06:01:35","guid":{"rendered":"http:\/\/dev.claret.cat\/producte\/els-dimonis-de-loudun\/"},"modified":"2023-01-28T03:06:23","modified_gmt":"2023-01-28T02:06:23","slug":"els-dimonis-de-loudun-9788416948130","status":"publish","type":"product","link":"https:\/\/www.claret.cat\/es\/libro\/els-dimonis-de-loudun-9788416948130\/","title":{"rendered":"ELS DIMONIS DE LOUDUN"},"content":{"rendered":"<p>L&#8217;any 1617, Urbain Grandier, un capell\u00e0 jove i atractiu, \u00e9s enviat a la vila de Loudun perqu\u00e8 es faci c\u00e0rrec de la rectoria de Saint-Pierre. Les seves maneres de dandi i les seves proeses amat\u00f2ries amb certes dones respectables, que li fan guanyar molts enemics, ni tan sols passen desapercebudes a les ursulines del convent local. Les germanes, suggestionades per la fama del sacerdot i mogudes pel furor uterinus, comencen a patir sospitoses possessions diab\u00f2liques que acaben sent un negoci i un reclam tur\u00edstic immillorable. Amb intrigues i acusacions falses de bruixeria, les disset monges hist\u00e8riques, juntament amb uns exorcistes tinyetes i uns jutges venuts ajudats pels interessos urban\u00edstics de Richelieu, duen a la foguera l&#8217;innocent Grandier. Aquest llibre \u00e9s el relat d&#8217;una hist\u00f2ria real que demostra fins on poden arribar l&#8217;odi i l&#8217;enveja dels homes.<\/p>\n","protected":false},"excerpt":{"rendered":"<p>HUXLEY, ALDOUS<\/p>\n","protected":false},"featured_media":197210,"template":"","meta":{"_acf_changed":false,"om_disable_all_campaigns":false,"rs_blank_template":"","rs_page_bg_color":"","slide_template_v7":"","inline_featured_image":false,"_monsterinsights_skip_tracking":false,"_monsterinsights_sitenote_active":false,"_monsterinsights_sitenote_note":"","_monsterinsights_sitenote_category":0},"product_brand":[],"product_cat":[87],"product_tag":[],"class_list":{"0":"post-197209","1":"product","2":"type-product","3":"status-publish","4":"has-post-thumbnail","6":"product_cat-literatura","8":"first","9":"instock","10":"taxable","11":"shipping-taxable","12":"purchasable","13":"product-type-simple"},"acf":{"autor":"HUXLEY, ALDOUS","codart":"841694813","libros-coleccion":"FORA DE COL.LECCI\u00d3","ediciones":"1","encuadernacion":"R\u00fastica","fecha_de_publicacion":"01\/11\/2017","novedad":"1","paginas":"430","subtitulo":"","orden":"0","portada":"0","idioma":"cat","editorial":[{"ID":6112,"post_author":"3","post_date":"2022-07-28 17:45:09","post_date_gmt":"2022-07-28 15:45:09","post_content":"","post_title":"ADESIARA EDITORIAL","post_excerpt":"","post_status":"publish","comment_status":"closed","ping_status":"closed","post_password":"","post_name":"adesiara-editorial","to_ping":"","pinged":"","post_modified":"2022-07-28 17:45:09","post_modified_gmt":"2022-07-28 15:45:09","post_content_filtered":"","post_parent":0,"guid":"http:\/\/dev.claret.cat\/editorial\/adesiara-editorial\/","menu_order":0,"post_type":"editorial","post_mime_type":"","comment_count":"0","filter":"raw"}],"autores-libros":[{"ID":149539,"post_author":"3","post_date":"2022-10-14 14:25:42","post_date_gmt":"2022-10-14 12:25:42","post_content":"","post_title":"ALDOUS HUXLEY","post_excerpt":"","post_status":"publish","comment_status":"closed","ping_status":"closed","post_password":"","post_name":"aldous-huxley","to_ping":"","pinged":"","post_modified":"2022-10-14 14:25:42","post_modified_gmt":"2022-10-14 12:25:42","post_content_filtered":"","post_parent":0,"guid":"http:\/\/dev.claret.cat\/autor\/aldous-huxley\/","menu_order":0,"post_type":"autor","post_mime_type":"","comment_count":"0","filter":"raw"}]},"aioseo_notices":[],"_links":{"self":[{"href":"https:\/\/www.claret.cat\/es\/wp-json\/wp\/v2\/product\/197209","targetHints":{"allow":["GET"]}}],"collection":[{"href":"https:\/\/www.claret.cat\/es\/wp-json\/wp\/v2\/product"}],"about":[{"href":"https:\/\/www.claret.cat\/es\/wp-json\/wp\/v2\/types\/product"}],"wp:featuredmedia":[{"embeddable":true,"href":"https:\/\/www.claret.cat\/es\/wp-json\/wp\/v2\/media\/197210"}],"wp:attachment":[{"href":"https:\/\/www.claret.cat\/es\/wp-json\/wp\/v2\/media?parent=197209"}],"wp:term":[{"taxonomy":"product_brand","embeddable":true,"href":"https:\/\/www.claret.cat\/es\/wp-json\/wp\/v2\/product_brand?post=197209"},{"taxonomy":"product_cat","embeddable":true,"href":"https:\/\/www.claret.cat\/es\/wp-json\/wp\/v2\/product_cat?post=197209"},{"taxonomy":"product_tag","embeddable":true,"href":"https:\/\/www.claret.cat\/es\/wp-json\/wp\/v2\/product_tag?post=197209"}],"curies":[{"name":"wp","href":"https:\/\/api.w.org\/{rel}","templated":true}]}}