{"id":197212,"date":"2022-10-20T08:01:38","date_gmt":"2022-10-20T06:01:38","guid":{"rendered":"http:\/\/dev.claret.cat\/producte\/los-tipos-iconograficos-de-la-tradicion-cristiana-3-los-angeles-ii\/"},"modified":"2023-02-27T19:16:10","modified_gmt":"2023-02-27T18:16:10","slug":"los-tipos-iconograficos-de-la-tradicion-cristiana-3-los-angeles-ii-9788490551943","status":"publish","type":"product","link":"https:\/\/www.claret.cat\/es\/libro\/los-tipos-iconograficos-de-la-tradicion-cristiana-3-los-angeles-ii-9788490551943\/","title":{"rendered":"LOS TIPOS ICONOGR\u00c1FICOS DE LA TRADICI\u00d3N CRISTIANA 3. LOS ANGELES II"},"content":{"rendered":"<p>Este tercer volumen de la colecci\u00f3n \u00abLos tipos iconogr\u00e1ficos de la tradici\u00f3n cristiana\u00bb es el segundo de la misma dedicado a la representaci\u00f3n iconogr\u00e1fica de los \u00e1ngeles.<\/p>\n","protected":false},"excerpt":{"rendered":"<p>GARC\u00cdA MAH\u00cdQUES, RAFAEL<\/p>\n","protected":false},"featured_media":197213,"template":"","meta":{"_acf_changed":false,"om_disable_all_campaigns":false,"rs_blank_template":"","rs_page_bg_color":"","slide_template_v7":"","inline_featured_image":false,"_monsterinsights_skip_tracking":false,"_monsterinsights_sitenote_active":false,"_monsterinsights_sitenote_note":"","_monsterinsights_sitenote_category":0},"product_brand":[],"product_cat":[543,93,345,79,544,94],"product_tag":[],"class_list":{"0":"post-197212","1":"product","2":"type-product","3":"status-publish","4":"has-post-thumbnail","6":"product_cat-eclesiologia-es","7":"product_cat-eclesiologia","8":"product_cat-espiritualidad","9":"product_cat-espiritualitat","10":"product_cat-religiones","11":"product_cat-religions","13":"first","14":"instock","15":"taxable","16":"shipping-taxable","17":"purchasable","18":"product-type-simple"},"acf":{"autor":"GARC\u00cdA MAH\u00cdQUES, RAFAEL","codart":"849055194","libros-coleccion":"SUSHI BOOKS","ediciones":"1","encuadernacion":"Carpeta","fecha_de_publicacion":"01\/11\/2017","novedad":"1","paginas":"0","subtitulo":"LOS \u00c1NGELES II. SOLICITUD DE LOS ESP\u00cdRITUS CELESTES","orden":"0","portada":"0","idioma":"spa","editorial":[{"ID":148092,"post_author":"3","post_date":"2022-10-14 11:55:34","post_date_gmt":"2022-10-14 09:55:34","post_content":"","post_title":"Encuentro","post_excerpt":"","post_status":"publish","comment_status":"closed","ping_status":"closed","post_password":"","post_name":"encuentro","to_ping":"","pinged":"","post_modified":"2022-10-14 11:55:34","post_modified_gmt":"2022-10-14 09:55:34","post_content_filtered":"","post_parent":0,"guid":"http:\/\/dev.claret.cat\/editorial\/encuentro\/","menu_order":0,"post_type":"editorial","post_mime_type":"","comment_count":"0","filter":"raw"}],"autores-libros":[{"ID":167579,"post_author":"3","post_date":"2022-10-14 18:12:20","post_date_gmt":"2022-10-14 16:12:20","post_content":"","post_title":"RAFAEL GARC\u00cdA MAH\u00cdQUES","post_excerpt":"","post_status":"publish","comment_status":"closed","ping_status":"closed","post_password":"","post_name":"rafael-garcia-mahiques","to_ping":"","pinged":"","post_modified":"2022-10-14 18:12:20","post_modified_gmt":"2022-10-14 16:12:20","post_content_filtered":"","post_parent":0,"guid":"http:\/\/dev.claret.cat\/autor\/rafael-garcia-mahiques\/","menu_order":0,"post_type":"autor","post_mime_type":"","comment_count":"0","filter":"raw"}]},"aioseo_notices":[],"_links":{"self":[{"href":"https:\/\/www.claret.cat\/es\/wp-json\/wp\/v2\/product\/197212","targetHints":{"allow":["GET"]}}],"collection":[{"href":"https:\/\/www.claret.cat\/es\/wp-json\/wp\/v2\/product"}],"about":[{"href":"https:\/\/www.claret.cat\/es\/wp-json\/wp\/v2\/types\/product"}],"wp:featuredmedia":[{"embeddable":true,"href":"https:\/\/www.claret.cat\/es\/wp-json\/wp\/v2\/media\/197213"}],"wp:attachment":[{"href":"https:\/\/www.claret.cat\/es\/wp-json\/wp\/v2\/media?parent=197212"}],"wp:term":[{"taxonomy":"product_brand","embeddable":true,"href":"https:\/\/www.claret.cat\/es\/wp-json\/wp\/v2\/product_brand?post=197212"},{"taxonomy":"product_cat","embeddable":true,"href":"https:\/\/www.claret.cat\/es\/wp-json\/wp\/v2\/product_cat?post=197212"},{"taxonomy":"product_tag","embeddable":true,"href":"https:\/\/www.claret.cat\/es\/wp-json\/wp\/v2\/product_tag?post=197212"}],"curies":[{"name":"wp","href":"https:\/\/api.w.org\/{rel}","templated":true}]}}