{"id":197419,"date":"2022-10-20T08:05:22","date_gmt":"2022-10-20T06:05:22","guid":{"rendered":"http:\/\/dev.claret.cat\/producte\/el-finn-i-el-sep\/"},"modified":"2023-01-28T04:38:11","modified_gmt":"2023-01-28T03:38:11","slug":"el-finn-i-el-sep-9788494674327","status":"publish","type":"product","link":"https:\/\/www.claret.cat\/es\/libro\/el-finn-i-el-sep-9788494674327\/","title":{"rendered":"EL FINN I EL SEP"},"content":{"rendered":"<p>El Finn es desperta espantat en plena nit enmig d&#8217;un gran terrabastall. Casa seva est\u00e0 plena de follets entremaliats que ho estan deixant tot cap per avall. Sembla que nom\u00e9s volen cridar l&#8217;atenci\u00f3. Qu\u00e8 deuen planejar? Quan el gran follet s&#8217;adona que el seu llogater s&#8217;ha despertat, fuig, i el Finn, acompanyat del seu gos Sep, surt darrere d&#8217;ell. <br \/> Els dos amics emprendran una esbojarrada persecuci\u00f3 a trav\u00e9s de ponts, passadissos, grutes i castells encantats; una dotzena d&#8217;escenaris misteriosos on el lector haur\u00e0 d&#8217;estar atent per trobar les claus que ajudin el Finn i el Sep a sortir del laberint, on els espera una sorpresa.<br \/> Un \u00e0lbum il\u00b7lustrat per Peter Goes, creador d&#8217;un estil inconfusible, en el qual destaca la seva capacitat per imaginar molts personatges de conte i atmosferes plenes de detalls que promouen la fantasia.<\/p>\n","protected":false},"excerpt":{"rendered":"<p>GOES, PETER<\/p>\n","protected":false},"featured_media":197420,"template":"","meta":{"_acf_changed":false,"om_disable_all_campaigns":false,"rs_blank_template":"","rs_page_bg_color":"","slide_template_v7":"","inline_featured_image":false,"_monsterinsights_skip_tracking":false,"_monsterinsights_sitenote_active":false,"_monsterinsights_sitenote_note":"","_monsterinsights_sitenote_category":0},"product_brand":[],"product_cat":[86],"product_tag":[],"class_list":{"0":"post-197419","1":"product","2":"type-product","3":"status-publish","4":"has-post-thumbnail","6":"product_cat-infantil","8":"first","9":"instock","10":"taxable","11":"shipping-taxable","12":"purchasable","13":"product-type-simple"},"acf":{"autor":"GOES, PETER","codart":"849467432","libros-coleccion":"","ediciones":"1","encuadernacion":"Carton\u00e9","fecha_de_publicacion":"01\/11\/2017","novedad":"1","paginas":"35","subtitulo":"DINS DEL LABERINT DEL FOLLETS","orden":"0","portada":"0","idioma":"cat","editorial":[{"ID":148435,"post_author":"3","post_date":"2022-10-14 11:58:13","post_date_gmt":"2022-10-14 09:58:13","post_content":"","post_title":"LIBROS DEL ZORRO ROJO","post_excerpt":"","post_status":"publish","comment_status":"closed","ping_status":"closed","post_password":"","post_name":"libros-del-zorro-rojo","to_ping":"","pinged":"","post_modified":"2022-10-14 11:58:13","post_modified_gmt":"2022-10-14 09:58:13","post_content_filtered":"","post_parent":0,"guid":"http:\/\/dev.claret.cat\/editorial\/libros-del-zorro-rojo\/","menu_order":0,"post_type":"editorial","post_mime_type":"","comment_count":"0","filter":"raw"}],"autores-libros":[{"ID":167096,"post_author":"3","post_date":"2022-10-14 18:08:30","post_date_gmt":"2022-10-14 16:08:30","post_content":"","post_title":"PETER GOES","post_excerpt":"","post_status":"publish","comment_status":"closed","ping_status":"closed","post_password":"","post_name":"peter-goes","to_ping":"","pinged":"","post_modified":"2022-10-14 18:08:30","post_modified_gmt":"2022-10-14 16:08:30","post_content_filtered":"","post_parent":0,"guid":"http:\/\/dev.claret.cat\/autor\/peter-goes\/","menu_order":0,"post_type":"autor","post_mime_type":"","comment_count":"0","filter":"raw"}]},"aioseo_notices":[],"_links":{"self":[{"href":"https:\/\/www.claret.cat\/es\/wp-json\/wp\/v2\/product\/197419","targetHints":{"allow":["GET"]}}],"collection":[{"href":"https:\/\/www.claret.cat\/es\/wp-json\/wp\/v2\/product"}],"about":[{"href":"https:\/\/www.claret.cat\/es\/wp-json\/wp\/v2\/types\/product"}],"wp:featuredmedia":[{"embeddable":true,"href":"https:\/\/www.claret.cat\/es\/wp-json\/wp\/v2\/media\/197420"}],"wp:attachment":[{"href":"https:\/\/www.claret.cat\/es\/wp-json\/wp\/v2\/media?parent=197419"}],"wp:term":[{"taxonomy":"product_brand","embeddable":true,"href":"https:\/\/www.claret.cat\/es\/wp-json\/wp\/v2\/product_brand?post=197419"},{"taxonomy":"product_cat","embeddable":true,"href":"https:\/\/www.claret.cat\/es\/wp-json\/wp\/v2\/product_cat?post=197419"},{"taxonomy":"product_tag","embeddable":true,"href":"https:\/\/www.claret.cat\/es\/wp-json\/wp\/v2\/product_tag?post=197419"}],"curies":[{"name":"wp","href":"https:\/\/api.w.org\/{rel}","templated":true}]}}