{"id":197440,"date":"2022-10-20T08:05:49","date_gmt":"2022-10-20T06:05:49","guid":{"rendered":"http:\/\/dev.claret.cat\/producte\/ayobami-y-el-nombre-de-los-animales\/"},"modified":"2023-01-28T21:18:50","modified_gmt":"2023-01-28T20:18:50","slug":"ayobami-y-el-nombre-de-los-animales-9788416733415","status":"publish","type":"product","link":"https:\/\/www.claret.cat\/es\/libro\/ayobami-y-el-nombre-de-los-animales-9788416733415\/","title":{"rendered":"AYOBAMI Y EL NOMBRE DE LOS ANIMALES"},"content":{"rendered":"<p>Ayobami sue\u00f1a con ir a la escuela, pero para llegar debe tomar un camino peligroso: el de la selva. Una historia sobre la importancia de la educaci\u00f3n, la dificultad que tienen muchos ni\u00f1os para acceder a ella y la perseverancia e ilusi\u00f3n de quien desea aprender.<\/p>\n","protected":false},"excerpt":{"rendered":"<p>L\u00d3PEZ \u00c1VILA, PILAR<\/p>\n","protected":false},"featured_media":197441,"template":"","meta":{"_acf_changed":false,"om_disable_all_campaigns":false,"rs_blank_template":"","rs_page_bg_color":"","slide_template_v7":"","inline_featured_image":false,"_monsterinsights_skip_tracking":false,"_monsterinsights_sitenote_active":false,"_monsterinsights_sitenote_note":"","_monsterinsights_sitenote_category":0},"product_brand":[],"product_cat":[86],"product_tag":[],"class_list":{"0":"post-197440","1":"product","2":"type-product","3":"status-publish","4":"has-post-thumbnail","6":"product_cat-infantil","8":"first","9":"instock","10":"taxable","11":"shipping-taxable","12":"purchasable","13":"product-type-simple"},"acf":{"autor":"L\u00d3PEZ \u00c1VILA, PILAR","codart":"841673341","libros-coleccion":"SUSHI BOOKS","ediciones":"1","encuadernacion":"Carpeta","fecha_de_publicacion":"01\/11\/2017","novedad":"1","paginas":"35","subtitulo":"","orden":"0","portada":"0","idioma":"spa","editorial":[{"ID":147685,"post_author":"3","post_date":"2022-10-14 11:52:28","post_date_gmt":"2022-10-14 09:52:28","post_content":"","post_title":"CUENTO DE LUZ SL","post_excerpt":"","post_status":"publish","comment_status":"closed","ping_status":"closed","post_password":"","post_name":"cuento-de-luz-sl","to_ping":"","pinged":"","post_modified":"2022-10-14 11:52:28","post_modified_gmt":"2022-10-14 09:52:28","post_content_filtered":"","post_parent":0,"guid":"http:\/\/dev.claret.cat\/editorial\/cuento-de-luz-sl\/","menu_order":0,"post_type":"editorial","post_mime_type":"","comment_count":"0","filter":"raw"}],"autores-libros":[{"ID":167313,"post_author":"3","post_date":"2022-10-14 18:10:13","post_date_gmt":"2022-10-14 16:10:13","post_content":"","post_title":"PILAR L\u00d3PEZ \u00c1VILA","post_excerpt":"","post_status":"publish","comment_status":"closed","ping_status":"closed","post_password":"","post_name":"pilar-lopez-avila","to_ping":"","pinged":"","post_modified":"2022-10-14 18:10:13","post_modified_gmt":"2022-10-14 16:10:13","post_content_filtered":"","post_parent":0,"guid":"http:\/\/dev.claret.cat\/autor\/pilar-lopez-avila\/","menu_order":0,"post_type":"autor","post_mime_type":"","comment_count":"0","filter":"raw"}]},"aioseo_notices":[],"_links":{"self":[{"href":"https:\/\/www.claret.cat\/es\/wp-json\/wp\/v2\/product\/197440","targetHints":{"allow":["GET"]}}],"collection":[{"href":"https:\/\/www.claret.cat\/es\/wp-json\/wp\/v2\/product"}],"about":[{"href":"https:\/\/www.claret.cat\/es\/wp-json\/wp\/v2\/types\/product"}],"wp:featuredmedia":[{"embeddable":true,"href":"https:\/\/www.claret.cat\/es\/wp-json\/wp\/v2\/media\/197441"}],"wp:attachment":[{"href":"https:\/\/www.claret.cat\/es\/wp-json\/wp\/v2\/media?parent=197440"}],"wp:term":[{"taxonomy":"product_brand","embeddable":true,"href":"https:\/\/www.claret.cat\/es\/wp-json\/wp\/v2\/product_brand?post=197440"},{"taxonomy":"product_cat","embeddable":true,"href":"https:\/\/www.claret.cat\/es\/wp-json\/wp\/v2\/product_cat?post=197440"},{"taxonomy":"product_tag","embeddable":true,"href":"https:\/\/www.claret.cat\/es\/wp-json\/wp\/v2\/product_tag?post=197440"}],"curies":[{"name":"wp","href":"https:\/\/api.w.org\/{rel}","templated":true}]}}