{"id":1975,"date":"2022-07-27T21:07:34","date_gmt":"2022-07-27T19:07:34","guid":{"rendered":"http:\/\/dev.claret.cat\/producto\/advocacions-amb-goigs-a-larquebisbat-de-tarragona-8482979787\/"},"modified":"2024-05-22T14:28:29","modified_gmt":"2024-05-22T12:28:29","slug":"advocacions-amb-goigs-a-larquebisbat-de-tarragona-9788482979786","status":"publish","type":"product","link":"https:\/\/www.claret.cat\/es\/libro\/advocacions-amb-goigs-a-larquebisbat-de-tarragona-9788482979786\/","title":{"rendered":"ADVOCACIONS AMB GOIGS A L&#8217;ARQUEBISBAT DE TARRAGONA"},"content":{"rendered":"<p>La religiositat, en la seva f\u00f3rmula espiritual i de praxis, no \u00e9s una experi\u00e8ncia que tingui lloc fora del temps, de manera que s&#8217;incardina i participa de l&#8217;activitat social, pol\u00edtica  i econ\u00f2mica i acaba conformant una determinada cultura. L&#8217;estudi de les advocacions religioses permet una an\u00e0lisi hist\u00f2rica aprofundida de la societat i projectar un per\u00edode amb el m\u00e0xim de matisos, perspectives i connexions.<\/p>\n<p>En aquest llibre, l&#8217;autor estudia cinc advocacions de car\u00e0cter universal -sant Sebasti\u00e0, sant Antoni, santa Ll\u00facia i les titulacions marianes de Montserrat i del Carme- i dues de locals -la de les Santes Rel\u00edquies i la del beat Bonaventura Gran-, en un per\u00edode cronol\u00f2gic que va del segle XVI al XXI, i ho fa a partir d&#8217;una realitat parroquial concreta, la de Riudoms, a l&#8217;arxidi\u00f2cesi de Tarragona, destriant-ne i explicant els seus elements claus, d&#8217;influ\u00e8ncia en la realitat social, situant-los en el context hist\u00f2ric i vinculant-los amb el m\u00f3n cat\u00f2lic europeu promogut pel concili de Trento. En definitiva, l&#8217;obra ens dibuixa un edifici religi\u00f3s amb diverses estances compartides entre la hist\u00f2ria, el m\u00f3n agrari i el folklore local, per\u00f2 indestriable d&#8217;una realitat m\u00e9s \u00e0mplia i universal.<\/p>\n<p>Eugeni Perea Sim\u00f3n \u00e9s doctor en hist\u00f2ria moderna per la Universitat de Barcelona, professor de la UNED i autor, entre altres obres, d&#8217;un estudi sobre les visites pastorals en el segle XVIII a l&#8217;arxidi\u00f2cesi de Tarragona.<\/p>\n","protected":false},"excerpt":{"rendered":"<p>PEREA SIMON, EUGENI<\/p>\n","protected":false},"featured_media":369820,"template":"","meta":{"_acf_changed":false,"om_disable_all_campaigns":false,"rs_blank_template":"","rs_page_bg_color":"","slide_template_v7":"","inline_featured_image":false,"_monsterinsights_skip_tracking":false,"_monsterinsights_sitenote_active":false,"_monsterinsights_sitenote_note":"","_monsterinsights_sitenote_category":0},"product_brand":[],"product_cat":[93,543,581,545,95],"product_tag":[],"class_list":{"0":"post-1975","1":"product","2":"type-product","3":"status-publish","4":"has-post-thumbnail","6":"product_cat-eclesiologia","7":"product_cat-eclesiologia-es","8":"product_cat-editorial-claret","9":"product_cat-santoral-1_espiritualidad-spa","10":"product_cat-santoral","12":"first","13":"instock","14":"taxable","15":"shipping-taxable","16":"purchasable","17":"product-type-simple"},"acf":{"autor":"PEREA SIMON, EUGENI","codart":"878297978","ediciones":"1","encuadernacion":"R\u00fastica","fecha_de_publicacion":"01\/01\/2007","novedad":"0","paginas":"152","subtitulo":"RIUDOMS COM A EXEMPLE","orden":"999","portada":"0","idioma":"cat","libros-coleccion":"","autores-libros":[{"ID":5467,"post_author":"3","post_date":"2022-07-28 17:24:35","post_date_gmt":"2022-07-28 15:24:35","post_content":"","post_title":"EUGENI PEREA SIMON","post_excerpt":"","post_status":"publish","comment_status":"closed","ping_status":"closed","post_password":"","post_name":"eugeni-perea-simon","to_ping":"","pinged":"","post_modified":"2022-07-28 17:24:35","post_modified_gmt":"2022-07-28 15:24:35","post_content_filtered":"","post_parent":0,"guid":"http:\/\/dev.claret.cat\/autor\/eugeni-perea-simon\/","menu_order":0,"post_type":"autor","post_mime_type":"","comment_count":"0","filter":"raw"}],"editorial":[{"ID":6158,"post_author":"3","post_date":"2022-07-28 17:46:08","post_date_gmt":"2022-07-28 15:46:08","post_content":"","post_title":"CLARET","post_excerpt":"","post_status":"publish","comment_status":"closed","ping_status":"closed","post_password":"","post_name":"claret","to_ping":"","pinged":"","post_modified":"2022-07-28 17:46:08","post_modified_gmt":"2022-07-28 15:46:08","post_content_filtered":"","post_parent":0,"guid":"http:\/\/dev.claret.cat\/editorial\/claret\/","menu_order":0,"post_type":"editorial","post_mime_type":"","comment_count":"0","filter":"raw"}]},"aioseo_notices":[],"_links":{"self":[{"href":"https:\/\/www.claret.cat\/es\/wp-json\/wp\/v2\/product\/1975","targetHints":{"allow":["GET"]}}],"collection":[{"href":"https:\/\/www.claret.cat\/es\/wp-json\/wp\/v2\/product"}],"about":[{"href":"https:\/\/www.claret.cat\/es\/wp-json\/wp\/v2\/types\/product"}],"wp:featuredmedia":[{"embeddable":true,"href":"https:\/\/www.claret.cat\/es\/wp-json\/wp\/v2\/media\/369820"}],"wp:attachment":[{"href":"https:\/\/www.claret.cat\/es\/wp-json\/wp\/v2\/media?parent=1975"}],"wp:term":[{"taxonomy":"product_brand","embeddable":true,"href":"https:\/\/www.claret.cat\/es\/wp-json\/wp\/v2\/product_brand?post=1975"},{"taxonomy":"product_cat","embeddable":true,"href":"https:\/\/www.claret.cat\/es\/wp-json\/wp\/v2\/product_cat?post=1975"},{"taxonomy":"product_tag","embeddable":true,"href":"https:\/\/www.claret.cat\/es\/wp-json\/wp\/v2\/product_tag?post=1975"}],"curies":[{"name":"wp","href":"https:\/\/api.w.org\/{rel}","templated":true}]}}