{"id":197638,"date":"2022-10-20T08:09:39","date_gmt":"2022-10-20T06:09:39","guid":{"rendered":"http:\/\/dev.claret.cat\/producte\/la-ternura-coleccion-blackbirds\/"},"modified":"2023-01-28T11:38:01","modified_gmt":"2023-01-28T10:38:01","slug":"la-ternura-coleccion-blackbirds-9788420486727","status":"publish","type":"product","link":"https:\/\/www.claret.cat\/es\/libro\/la-ternura-coleccion-blackbirds-9788420486727\/","title":{"rendered":"LA TERNURA (COLECCI\u00d3N #BLACKBIRDS)"},"content":{"rendered":"<p>Roy Gal\u00e1n regresa con un nuevo #BlackBirds, un precioso libro  ilustrado que trata sobre la feminidad, la intimidad y el paso a la edad adulta.#LaTernuraLibroGata odia la realidad impuesta como solo puede hacerlo alguien que  espera siempre un poco m\u00e1s de la vida. Desde su mirada, cuestiona el  relato que su madre, los profesores o la propia sociedad tratan de que  acepte sin m\u00e1s. Ella no desea eso para s\u00ed misma. As\u00ed que  en su lucha  por construirse nos llevar\u00e1 de la mano a trav\u00e9s de sus descubrimientos,  sus dudas y decepciones para poder encontrar su lugar en el mundo.La ternura supone ante todo un reencuentro, pretende ser un puente  para atravesar el abismo sin perdernos, sin dejar atr\u00e1s todo lo que nos  pertenece en la infancia, esa capacidad espont\u00e1nea e infinita de mostrar afecto por lo que nos emociona.#BlackBirds un refugio \u00edntimo de papel. Libros irresistibles para leer, guardar y compartir.Es una nueva colecci\u00f3n de esp\u00edritu indie y juvenil con contenido de no-ficci\u00f3n moderno: poes\u00eda, microcuentos, reflexiones, diarios&#8230; Su dise\u00f1o rompedor y la  colaboraci\u00f3n de conocidos ilustradores, bloggers einstagrammers dan vida a estos libros que son peque\u00f1as obras de arte, caprichos, que todos querremos tener, leer y atesorar.<\/p>\n","protected":false},"excerpt":{"rendered":"<p>ROY GAL\u00c1N<\/p>\n","protected":false},"featured_media":197639,"template":"","meta":{"_acf_changed":false,"om_disable_all_campaigns":false,"rs_blank_template":"","rs_page_bg_color":"","slide_template_v7":"","inline_featured_image":false,"_monsterinsights_skip_tracking":false,"_monsterinsights_sitenote_active":false,"_monsterinsights_sitenote_note":"","_monsterinsights_sitenote_category":0},"product_brand":[],"product_cat":[87],"product_tag":[],"class_list":{"0":"post-197638","1":"product","2":"type-product","3":"status-publish","4":"has-post-thumbnail","6":"product_cat-literatura","8":"first","9":"instock","10":"taxable","11":"shipping-taxable","12":"purchasable","13":"product-type-simple"},"acf":{"autor":"ROY GAL\u00c1N","codart":"842048672","libros-coleccion":"BLACKBIRDS","ediciones":"1","encuadernacion":"Carton\u00e9","fecha_de_publicacion":"01\/11\/2017","novedad":"1","paginas":"176","subtitulo":"","orden":"0","portada":"0","idioma":"spa","editorial":[{"ID":6118,"post_author":"3","post_date":"2022-07-28 17:45:17","post_date_gmt":"2022-07-28 15:45:17","post_content":"","post_title":"ALFAGUARA","post_excerpt":"","post_status":"publish","comment_status":"closed","ping_status":"closed","post_password":"","post_name":"alfaguara","to_ping":"","pinged":"","post_modified":"2022-07-28 17:45:17","post_modified_gmt":"2022-07-28 15:45:17","post_content_filtered":"","post_parent":0,"guid":"http:\/\/dev.claret.cat\/editorial\/alfaguara\/","menu_order":0,"post_type":"editorial","post_mime_type":"","comment_count":"0","filter":"raw"}]},"aioseo_notices":[],"_links":{"self":[{"href":"https:\/\/www.claret.cat\/es\/wp-json\/wp\/v2\/product\/197638","targetHints":{"allow":["GET"]}}],"collection":[{"href":"https:\/\/www.claret.cat\/es\/wp-json\/wp\/v2\/product"}],"about":[{"href":"https:\/\/www.claret.cat\/es\/wp-json\/wp\/v2\/types\/product"}],"wp:featuredmedia":[{"embeddable":true,"href":"https:\/\/www.claret.cat\/es\/wp-json\/wp\/v2\/media\/197639"}],"wp:attachment":[{"href":"https:\/\/www.claret.cat\/es\/wp-json\/wp\/v2\/media?parent=197638"}],"wp:term":[{"taxonomy":"product_brand","embeddable":true,"href":"https:\/\/www.claret.cat\/es\/wp-json\/wp\/v2\/product_brand?post=197638"},{"taxonomy":"product_cat","embeddable":true,"href":"https:\/\/www.claret.cat\/es\/wp-json\/wp\/v2\/product_cat?post=197638"},{"taxonomy":"product_tag","embeddable":true,"href":"https:\/\/www.claret.cat\/es\/wp-json\/wp\/v2\/product_tag?post=197638"}],"curies":[{"name":"wp","href":"https:\/\/api.w.org\/{rel}","templated":true}]}}