{"id":197698,"date":"2022-10-20T08:10:40","date_gmt":"2022-10-20T06:10:40","guid":{"rendered":"http:\/\/dev.claret.cat\/producte\/cabreres-collsacabra-llancers\/"},"modified":"2023-01-28T23:46:26","modified_gmt":"2023-01-28T22:46:26","slug":"cabreres-collsacabra-llancers-9788490346631","status":"publish","type":"product","link":"https:\/\/www.claret.cat\/es\/libro\/cabreres-collsacabra-llancers-9788490346631\/","title":{"rendered":"CABRER\u00c8S &#8211; COLLSACABRA &#8211; LLANCERS"},"content":{"rendered":"<p>En aquest llibre trobareu 50 itineraris per introduir-vos de primera m\u00e0 pel Cabrer\u00e8s, el Collsacabra i la serra de Llancers, espais for\u00e7a oblidats des d&#8221;un punt de vista excursionista. Podreu resseguir els cingles d&#8221;Aiats, la riera de les Gorgues i els paisatges m\u00e9s emblem\u00e0tics de la regi\u00f3, tot incidint en la descripci\u00f3 de la ruta, per\u00f2 tamb\u00e9 en les dades m\u00e9s t\u00e8cniques com la dist\u00e0ncia i el desnivell. Situat entre el Montseny i el Pirineu, aquest territori t\u00e9 un marcat car\u00e0cter propi, amb cims que es poden anar trobant en cada raconada del cam\u00ed. La guia vol, tamb\u00e9, mostrar-vos aquell Collsacabra antic, patrimonial, aquell espai humanitzat que s&#8221;ha esculpit a for\u00e7a de treball, dallant cingles i cavant llegendes.<\/p>\n","protected":false},"excerpt":{"rendered":"<p>ROMA I CASANOVAS, FRANCESC<\/p>\n","protected":false},"featured_media":320413,"template":"","meta":{"_acf_changed":false,"om_disable_all_campaigns":false,"rs_blank_template":"","rs_page_bg_color":"","slide_template_v7":"","inline_featured_image":false,"_monsterinsights_skip_tracking":false,"_monsterinsights_sitenote_active":false,"_monsterinsights_sitenote_note":"","_monsterinsights_sitenote_category":0},"product_brand":[],"product_cat":[557,107],"product_tag":[],"class_list":{"0":"post-197698","1":"product","2":"type-product","3":"status-publish","4":"has-post-thumbnail","6":"product_cat-guias-de-viaje","7":"product_cat-guies-de-viatge","9":"first","10":"instock","11":"taxable","12":"shipping-taxable","13":"purchasable","14":"product-type-simple"},"acf":{"autor":"ROMA I CASANOVAS, FRANCESC","codart":"849034663","libros-coleccion":"SUSHI BOOKS","ediciones":"1","encuadernacion":"R\u00fastica","fecha_de_publicacion":"01\/11\/2017","novedad":"1","paginas":"168","subtitulo":"50 ITINERARIS D'AVENTURA I PATRIMONI","orden":"0","portada":"0","idioma":"cat","editorial":[{"ID":6171,"post_author":"3","post_date":"2022-07-28 17:46:25","post_date_gmt":"2022-07-28 15:46:25","post_content":"","post_title":"COSSETANIA EDICIONS","post_excerpt":"","post_status":"publish","comment_status":"closed","ping_status":"closed","post_password":"","post_name":"cossetania-edicions","to_ping":"","pinged":"","post_modified":"2022-07-28 17:46:25","post_modified_gmt":"2022-07-28 15:46:25","post_content_filtered":"","post_parent":0,"guid":"http:\/\/dev.claret.cat\/editorial\/cossetania-edicions\/","menu_order":0,"post_type":"editorial","post_mime_type":"","comment_count":"0","filter":"raw"}],"autores-libros":[{"ID":156140,"post_author":"3","post_date":"2022-10-14 15:18:26","post_date_gmt":"2022-10-14 13:18:26","post_content":"","post_title":"FRANCESC ROMA I CASANOVAS","post_excerpt":"","post_status":"publish","comment_status":"closed","ping_status":"closed","post_password":"","post_name":"francesc-roma-i-casanovas","to_ping":"","pinged":"","post_modified":"2022-10-14 15:18:26","post_modified_gmt":"2022-10-14 13:18:26","post_content_filtered":"","post_parent":0,"guid":"http:\/\/dev.claret.cat\/autor\/francesc-roma-i-casanovas\/","menu_order":0,"post_type":"autor","post_mime_type":"","comment_count":"0","filter":"raw"}]},"aioseo_notices":[],"_links":{"self":[{"href":"https:\/\/www.claret.cat\/es\/wp-json\/wp\/v2\/product\/197698","targetHints":{"allow":["GET"]}}],"collection":[{"href":"https:\/\/www.claret.cat\/es\/wp-json\/wp\/v2\/product"}],"about":[{"href":"https:\/\/www.claret.cat\/es\/wp-json\/wp\/v2\/types\/product"}],"wp:featuredmedia":[{"embeddable":true,"href":"https:\/\/www.claret.cat\/es\/wp-json\/wp\/v2\/media\/320413"}],"wp:attachment":[{"href":"https:\/\/www.claret.cat\/es\/wp-json\/wp\/v2\/media?parent=197698"}],"wp:term":[{"taxonomy":"product_brand","embeddable":true,"href":"https:\/\/www.claret.cat\/es\/wp-json\/wp\/v2\/product_brand?post=197698"},{"taxonomy":"product_cat","embeddable":true,"href":"https:\/\/www.claret.cat\/es\/wp-json\/wp\/v2\/product_cat?post=197698"},{"taxonomy":"product_tag","embeddable":true,"href":"https:\/\/www.claret.cat\/es\/wp-json\/wp\/v2\/product_tag?post=197698"}],"curies":[{"name":"wp","href":"https:\/\/api.w.org\/{rel}","templated":true}]}}