{"id":1977,"date":"2022-07-27T21:07:42","date_gmt":"2022-07-27T19:07:42","guid":{"rendered":"http:\/\/dev.claret.cat\/producto\/31-dias-para-el-exito-9788875173401\/"},"modified":"2023-01-28T13:16:58","modified_gmt":"2023-01-28T12:16:58","slug":"31-dias-para-el-exito-9788875173401","status":"publish","type":"product","link":"https:\/\/www.claret.cat\/es\/libro\/31-dias-para-el-exito-9788875173401\/","title":{"rendered":"31 D\u00cdAS PARA EL \u00c9XITO"},"content":{"rendered":"<p>Un eficaz manual que te ofrece pautas claras y sencillas para que tu vida funcione. Gary Quinn, reconocido coach americano, te ofrece inspiraci\u00f3n, motivaci\u00f3n y consejos pr\u00e1cticos para ayudarte a alcanzar tus objetivos personales y profesionales. Durante 31 d\u00edas dispondr\u00e1s a diario de las herramientas para forjar tu \u00e9xito: un tema de reflexi\u00f3n, un objetivo, un ejercicio y una afirmaci\u00f3n para focalizar tu intenci\u00f3n en lo que quieres conseguir. Empieza por priorizar tus metas, avanza un poquito cada d\u00eda, escribe objetivos espec\u00edficos, c\u00e9ntrate en ellos y el resto vendr\u00e1 solo. Este libro, de forma sencilla e inspiradora, te ayuda a ganar confianza en ti mismo, a identificar aquello en lo que crees, a sanar tus emociones y crear tu propio camino hacia el \u00e9xito. Cambiar tu vida es m\u00e1s f\u00e1cil de lo que crees. rees.<\/p>\n","protected":false},"excerpt":{"rendered":"<p>QUINN, GARY<\/p>\n","protected":false},"featured_media":55715,"template":"","meta":{"_acf_changed":false,"om_disable_all_campaigns":false,"rs_blank_template":"","rs_page_bg_color":"","slide_template_v7":"","inline_featured_image":false,"_monsterinsights_skip_tracking":false,"_monsterinsights_sitenote_active":false,"_monsterinsights_sitenote_note":"","_monsterinsights_sitenote_category":0},"product_brand":[],"product_cat":[194,457],"product_tag":[],"class_list":{"0":"post-1977","1":"product","2":"type-product","3":"status-publish","4":"has-post-thumbnail","6":"product_cat-comunicacio-i-noves-teconologies","7":"product_cat-comunicacion-y-nuevas-teconologias","9":"first","10":"instock","11":"taxable","12":"shipping-taxable","13":"purchasable","14":"product-type-simple"},"acf":{"autor":"QUINN, GARY","codart":"887517340","ediciones":"1","encuadernacion":"R\u00fastica","fecha_de_publicacion":"01\/11\/2021","novedad":"1","paginas":"144","subtitulo":"","orden":"0","portada":"0","idioma":"spa","libros-coleccion":"FORA DE COL.LECCI\u00d3","autores-libros":[{"ID":5505,"post_author":"3","post_date":"2022-07-28 17:25:25","post_date_gmt":"2022-07-28 15:25:25","post_content":"","post_title":"GARY QUINN","post_excerpt":"","post_status":"publish","comment_status":"closed","ping_status":"closed","post_password":"","post_name":"gary-quinn","to_ping":"","pinged":"","post_modified":"2022-07-28 17:25:25","post_modified_gmt":"2022-07-28 15:25:25","post_content_filtered":"","post_parent":0,"guid":"http:\/\/dev.claret.cat\/autor\/gary-quinn\/","menu_order":0,"post_type":"autor","post_mime_type":"","comment_count":"0","filter":"raw"}],"editorial":[{"ID":6238,"post_author":"3","post_date":"2022-07-28 17:47:54","post_date_gmt":"2022-07-28 15:47:54","post_content":"","post_title":"EIFIS EDICIONES","post_excerpt":"","post_status":"publish","comment_status":"closed","ping_status":"closed","post_password":"","post_name":"eifis-ediciones","to_ping":"","pinged":"","post_modified":"2022-07-28 17:47:54","post_modified_gmt":"2022-07-28 15:47:54","post_content_filtered":"","post_parent":0,"guid":"http:\/\/dev.claret.cat\/editorial\/eifis-ediciones\/","menu_order":0,"post_type":"editorial","post_mime_type":"","comment_count":"0","filter":"raw"}]},"aioseo_notices":[],"_links":{"self":[{"href":"https:\/\/www.claret.cat\/es\/wp-json\/wp\/v2\/product\/1977","targetHints":{"allow":["GET"]}}],"collection":[{"href":"https:\/\/www.claret.cat\/es\/wp-json\/wp\/v2\/product"}],"about":[{"href":"https:\/\/www.claret.cat\/es\/wp-json\/wp\/v2\/types\/product"}],"wp:featuredmedia":[{"embeddable":true,"href":"https:\/\/www.claret.cat\/es\/wp-json\/wp\/v2\/media\/55715"}],"wp:attachment":[{"href":"https:\/\/www.claret.cat\/es\/wp-json\/wp\/v2\/media?parent=1977"}],"wp:term":[{"taxonomy":"product_brand","embeddable":true,"href":"https:\/\/www.claret.cat\/es\/wp-json\/wp\/v2\/product_brand?post=1977"},{"taxonomy":"product_cat","embeddable":true,"href":"https:\/\/www.claret.cat\/es\/wp-json\/wp\/v2\/product_cat?post=1977"},{"taxonomy":"product_tag","embeddable":true,"href":"https:\/\/www.claret.cat\/es\/wp-json\/wp\/v2\/product_tag?post=1977"}],"curies":[{"name":"wp","href":"https:\/\/api.w.org\/{rel}","templated":true}]}}